{"id":8717,"date":"2024-07-22T15:37:55","date_gmt":"2024-07-22T13:37:55","guid":{"rendered":"https:\/\/antcube.shop\/product\/bundle-offer-harpegnathos-venator\/"},"modified":"2026-03-04T16:55:50","modified_gmt":"2026-03-04T15:55:50","slug":"oferta-pakietowa-harpegnathos-venator","status":"publish","type":"product","link":"https:\/\/antcube.shop\/pl\/produkt\/oferta-pakietowa-harpegnathos-venator\/","title":{"rendered":"Oferta pakietowa - Harpegnathos venator"},"content":{"rendered":"<p><span data-text-color=\"secondary\"><strong>Oferta pakietowa obejmuj\u0105ca koloni\u0119 mr\u00f3wek Harpegnathos venator (kr\u00f3lowa z 11-25 robotnicami + czerw)<\/strong><\/span><\/p>\n<p><span data-text-color=\"alert\"><strong>Tylko do wyczerpania zapas\u00f3w. <\/strong><\/span><\/p>\n<p><span data-text-color=\"alert\"><strong>Wysy\u0142ka mo\u017cliwa tylko za po\u015brednictwem GO! na terenie Niemiec.<\/strong><\/span><\/p>\n<p>1x kr\u00f3lowa Harpegnathos venator + 11-25 robotnic + czerw<\/p>\n<p>1x gniazdo Ytong - 40\u00d720 z aren\u0105<br \/>\n1x szklana wanna 40\u00d720<br \/>\n1x podk\u0142adka do formikarium - 40x20cm<br \/>\n1x czerwona nak\u0142adka 20\u00d720 - pozioma<\/p>\n<p>1x Glinka koloryzuj\u0105ca - be\u017cowa - 100ml<br \/>\n1x pod\u0142o\u017ce - las deszczowy - 1kg<br \/>\n1x Formicarium granulat 200 ml - czarny<br \/>\n1x tylny panel fotograficzny - las deszczowy - 20\u00d710<\/p>\n<p>2x Grid insert acrylic &#8211; 50 mm with sealing ring<br \/>\n1x Grid insert acrylic &#8211; 27 mm with sealing ring<\/p>\n<p>1x Cricket Jam 25g<br \/>\n1x Honeydew Mix (HT) - opakowanie uzupe\u0142niaj\u0105ce 10 ml<\/p>\n<p>1x drinking clear 5ml &#8211; sponge<br \/>\n1x Feeding dish white rectangle &#8211; 3 compartments<br \/>\n1x Drinking trough 2ml &#8211; 360 Degrees<\/p>\n<p>1x Foil thermometer Display<\/p>\n<p>1x Olejek przeciw mr\u00f3wkom 10ml<br \/>\n1x P\u0119seta ze stali spr\u0119\u017cynowej - szeroka - mi\u0119kka<br \/>\n1x P\u0119seta plastikowa przezroczysta<br \/>\n1x pipeta plastikowa 3ml<br \/>\n1x lupa r\u0119czna - 2x - 30mm<br \/>\n1x wycieraczka piankowa 150x18x2,5mm<\/p>\n<p><strong>Gatunek mr\u00f3wki Harpegnathos venator:<\/strong><br \/>\nHarpegnathos venator to bardzo pi\u0119kny i bardzo du\u017cy gatunek mr\u00f3wek z Azji Po\u0142udniowo-Wschodniej. S\u0105 one aktywne g\u0142\u00f3wnie w nocy, ale tak\u017ce w ci\u0105gu dnia ze wzgl\u0119du na zwykle ni\u017csze nat\u0119\u017cenie \u015bwiat\u0142a w domu. Ten gatunek mr\u00f3wek mo\u017ce skaka\u0107 na ok. 8-10 cm, chodzi\u0107 do ty\u0142u i ma bardzo dobry wzrok. Widziane z profilu \u017cuchwy maj\u0105 kszta\u0142t z\u0119b\u00f3w szablastych. Wykazuj\u0105 ciekawe zachowanie podczas polowania, poruszaj\u0105c odw\u0142okiem przed atakiem.<\/p>\n<p>Mo\u017cna je karmi\u0107 roztworem cukru i miodu, miodem i pokarmem bia\u0142kowym lub najlepiej ma\u0142ymi \u017cywymi owadami, takimi jak \u015bwierszcze i muszki owocowe. Harpegnathos venator ma bardzo wyra\u017ane zachowania \u0142owieckie i dlatego znacznie lepiej akceptuje \u017cywy pokarm.<\/p>\n<p>Wilgotno\u015b\u0107 i temperatur\u0119 w arenie nale\u017cy co najwy\u017cej nieznacznie zwi\u0119kszy\u0107, ale gniazdo powinno by\u0107 zawsze wilgotne. Zwierz\u0119ta preferuj\u0105 w gnie\u017adzie obszary o r\u00f3\u017cnej wilgotno\u015bci.<\/p>\n<p>Prefabrykowane komory i przej\u015bcia mog\u0105 by\u0107 u\u017cywane bezpo\u015brednio przez koloni\u0119. Gniazdo Ytong mo\u017cna \u0142atwo zwil\u017cy\u0107 za pomoc\u0105 do\u0142\u0105czonej tacki. Wystarczy wla\u0107 odrobin\u0119 wody do tacki i poczeka\u0107, a\u017c kamie\u0144 Ytong sam wch\u0142onie wod\u0119.<\/p>\n<p><strong>Informacje o gnie\u017adzie Ytong z aren\u0105:<\/strong><br \/>\nZawiera:<br \/>\nMateria\u0142: gazobeton, szk\u0142o, tworzywo PMMA i PVC<\/p>\n<p><strong>Po\u0142\u0105czenie:<\/strong> 1x otw\u00f3r 14mm; 1x otw\u00f3r 27mm<\/p>\n<p><strong>Zawarto\u015b\u0107:<\/strong><br \/>\n1x blok gazobetonowy 40x20x5 cm z komorami o g\u0142\u0119boko\u015bci 20 mm.<br \/>\n1x p\u0142yta szklana 40\u00d720 cm z otworem 50 mm i aren\u0105 20\u00d720 cm<br \/>\n1x rama areny mr\u00f3wek 20\u00d720<br \/>\n1x pokrywa areny mr\u00f3wek 20\u00d720<br \/>\n1x pier\u015bcie\u0144 50mm z otworem 27mm<br \/>\n1x korek formikarium 13mm<br \/>\n2x zatyczki do formikarium 27 mm<br \/>\n2x 50 mm zatyczki do formikarium<\/p>\n<p>Ze wzgl\u0119du na swoje w\u0142a\u015bciwo\u015bci zatrzymywania wody, materia\u0142 ten doskonale nadaje si\u0119 do hodowli mr\u00f3wek. Mo\u017ce by\u0107 stosowany do hodowli wielu gatunk\u00f3w mr\u00f3wek gniazduj\u0105cych w ziemi, zar\u00f3wno z suchych, jak i wilgotnych siedlisk. W zale\u017cno\u015bci od gatunku mr\u00f3wek, zaleca si\u0119 pokrycie dna kom\u00f3r farb\u0105 glinian\u0105 i pod\u0142o\u017cem glebowym. Niekt\u00f3re gatunki czuj\u0105 si\u0119 w ten spos\u00f3b bardziej komfortowo, a na przyk\u0142ad gatunki Ponerinae potrzebuj\u0105 gleby, aby ich larwy mog\u0142y si\u0119 prawid\u0142owo przepoczwarza\u0107. Poniewa\u017c gniazdo to zawiera ju\u017c aren\u0119, mo\u017ce by\u0107 u\u017cywane jako kompletny system formikarium.<\/p>\n<p><strong>Uwaga:<\/strong><br \/>\nAby zapobiec wyciekaniu wody z Ytong po zwil\u017ceniu obszaru gniazda i gromadzeniu si\u0119 jej na powierzchni mebli pod spodem lub zarysowaniu powierzchni przez szorstki materia\u0142, zalecamy jedn\u0105 z naszych pasuj\u0105cych szklanych tacek do naszych gniazd Ytong. S\u0105 one wodoodporne i skutecznie chroni\u0105 powierzchnie pod spodem przed wod\u0105 i zarysowaniami.<\/p>\n<p><strong>U\u017cycie:<\/strong><br \/>\nDla gatunk\u00f3w mr\u00f3wek o wielko\u015bci M - L<br \/>\nBeton kom\u00f3rkowy jest bardzo kruchym i delikatnym materia\u0142em. W zwi\u0105zku z tym niemo\u017cliwe jest zapobieganie od\u0142amywaniu si\u0119 naro\u017cnik\u00f3w i kraw\u0119dzi oraz powstawaniu niewielkich nier\u00f3wno\u015bci podczas produkcji. Z tego powodu gniazda Ytong nie s\u0105 odpowiednie dla bardzo ma\u0142ych gatunk\u00f3w mr\u00f3wek o rozmiarze S, poniewa\u017c gatunki te mog\u0105 \u0142atwo si\u0119 wyrwa\u0107.<\/p>\n<p><span data-text-color=\"alert\"><strong>Wa\u017cne:<\/strong><\/span> Przed u\u017cyciem nale\u017cy zwil\u017cy\u0107 pod\u0142o\u017ce, aby mieszanka mog\u0142a si\u0119 zwi\u0105za\u0107 i mocno osadzi\u0107 w hodowli mr\u00f3wek. Je\u015bli pod\u0142o\u017ce jest zbyt suche i zakurzone, mo\u017ce r\u00f3wnie\u017c zablokowa\u0107 drogi oddechowe mr\u00f3wek, a w najgorszym przypadku spowodowa\u0107 ich uduszenie.<\/p>\n<p><strong>Zalecenie:<\/strong> Zalecamy warstw\u0119 pod\u0142o\u017ca o wysoko\u015bci 2 mm, aby zwierz\u0119ta nie mog\u0142y zagrzeba\u0107 si\u0119 na arenie i zamiast tego korzysta\u0142y z przeznaczonej do tego celu zagrody. Zalecamy r\u00f3wnie\u017c, aby materia\u0142 do budowy gniazda w zagrodzie (piasek\/glina, Digfix, itp.) by\u0142 lekko nak\u0142uty w jednym miejscu, aby u\u0142atwi\u0107 zwierz\u0119tom kopanie.<\/p>\n<p><strong>Uwagi dotycz\u0105ce produkcji<\/strong><br \/>\nSzk\u0142o jest ci\u0119te na wymiar zgodnie z norm\u0105 DIN 1249 z tolerancj\u0105 +\/- 1 mm. Dodatkowa ochrona przed wy\u0142amaniem jest niezb\u0119dna w przypadku wyj\u0105tkowo ma\u0142ych gatunk\u00f3w mr\u00f3wek.<\/p>\n<p><strong>Uwaga Farba gliniana:<\/strong><\/p>\n<p><strong>Opis:<\/strong> Mieszanina ta jest nietoksyczna i stosunkowo wodoodporna na tynku i betonie, ale poza tym jest rozpuszczalna w wodzie.<\/p>\n<p><strong>Instrukcja obs\u0142ugi:<\/strong><br \/>\nTa mieszanka jest gotowa do u\u017cycia i mo\u017ce by\u0107 natychmiast nak\u0142adana na tynk lub gazobeton za pomoc\u0105 p\u0119dzla.<br \/>\n100 ml wystarcza na ok. 1\/4 m\u00b2 betonu kom\u00f3rkowego lub 1\/2 m\u00b2 tynku.<br \/>\nPo zmoczeniu powierzchni\u0119 mo\u017cna posypa\u0107 np. piaskiem, aby uzyska\u0107 jeszcze bardziej naturalny wygl\u0105d.<\/p>","protected":false},"excerpt":{"rendered":"<p>Przy\u0142\u0105cze: 1x14mm 1x27mm<br \/>\nWielko\u015b\u0107: <strong><span style=\"color: #339966;\">M<\/span><\/strong><strong> &#8211; <span style=\"color: #0000ff;\">L<\/span><\/strong><\/p>","protected":false},"featured_media":8720,"comment_status":"open","ping_status":"closed","template":"","meta":{"_acf_changed":false,"content-type":"","_monsterinsights_skip_tracking":false,"_monsterinsights_sitenote_active":false,"_monsterinsights_sitenote_note":"","_monsterinsights_sitenote_category":0},"product_brand":[],"product_cat":[355,73],"product_tag":[],"class_list":{"0":"post-8717","1":"product","2":"type-product","3":"status-publish","4":"has-post-thumbnail","6":"product_cat-bundle-offers","7":"product_cat-starter-sets","8":"product_shipping_class-germany-only","10":"first","11":"outofstock","12":"taxable","13":"shipping-taxable","14":"purchasable","15":"product-type-simple"},"acf":[],"aioseo_notices":[],"jetpack_sharing_enabled":true,"_links":{"self":[{"href":"https:\/\/antcube.shop\/pl\/wp-json\/wp\/v2\/product\/8717","targetHints":{"allow":["GET"]}}],"collection":[{"href":"https:\/\/antcube.shop\/pl\/wp-json\/wp\/v2\/product"}],"about":[{"href":"https:\/\/antcube.shop\/pl\/wp-json\/wp\/v2\/types\/product"}],"replies":[{"embeddable":true,"href":"https:\/\/antcube.shop\/pl\/wp-json\/wp\/v2\/comments?post=8717"}],"wp:featuredmedia":[{"embeddable":true,"href":"https:\/\/antcube.shop\/pl\/wp-json\/wp\/v2\/media\/8720"}],"wp:attachment":[{"href":"https:\/\/antcube.shop\/pl\/wp-json\/wp\/v2\/media?parent=8717"}],"wp:term":[{"taxonomy":"product_brand","embeddable":true,"href":"https:\/\/antcube.shop\/pl\/wp-json\/wp\/v2\/product_brand?post=8717"},{"taxonomy":"product_cat","embeddable":true,"href":"https:\/\/antcube.shop\/pl\/wp-json\/wp\/v2\/product_cat?post=8717"},{"taxonomy":"product_tag","embeddable":true,"href":"https:\/\/antcube.shop\/pl\/wp-json\/wp\/v2\/product_tag?post=8717"}],"curies":[{"name":"wp","href":"https:\/\/api.w.org\/{rel}","templated":true}]}}