{"id":8518,"date":"2024-06-10T10:41:37","date_gmt":"2024-06-10T08:41:37","guid":{"rendered":"https:\/\/antcube.shop\/product\/poster\/"},"modified":"2025-09-30T10:22:23","modified_gmt":"2025-09-30T08:22:23","slug":"anatomia-plakatu","status":"publish","type":"product","link":"https:\/\/antcube.shop\/pl\/produkt\/anatomia-plakatu\/","title":{"rendered":"Anatomia plakatu"},"content":{"rendered":"<p>Plakaty o jako\u015bci muzealnej wykonane na grubym matowym papierze. Dodaj wspania\u0142y akcent do swojego pokoju i biura dzi\u0119ki tym plakatom, kt\u00f3re z pewno\u015bci\u0105 rozja\u015bni\u0105 ka\u017cde otoczenie.<\/p>\n<p>- Grubo\u015b\u0107 papieru: 10,3 mil<br \/>\n- Gramatura papieru: 189 g\/m\u00b2<br \/>\n- Krycie: 94%<br \/>\n- Jasno\u015b\u0107 ISO: 104%<br \/>\n- Papier pochodzi z Japonii<\/p>\n<p>Ten produkt jest produkowany specjalnie dla Ciebie zaraz po z\u0142o\u017ceniu zam\u00f3wienia, dlatego jego dostarczenie zajmuje nam nieco wi\u0119cej czasu. Wytwarzanie produkt\u00f3w na \u017c\u0105danie zamiast luzem pomaga ograniczy\u0107 nadprodukcj\u0119, wi\u0119c dzi\u0119kujemy za podejmowanie przemy\u015blanych decyzji zakupowych!<\/p>","protected":false},"excerpt":{"rendered":"<p>Plakaty o jako\u015bci muzealnej wykonane na grubym matowym papierze. Dodaj wspania\u0142y akcent do swojego pokoju lub biura dzi\u0119ki tym plakatom, kt\u00f3re z pewno\u015bci\u0105 rozja\u015bni\u0105 ka\u017cde otoczenie. - Grubo\u015b\u0107 papieru: 10,3 mil - Gramatura papieru: 189 g\/m\u00b2 - Nieprzezroczysto\u015b\u0107: 94% - Jasno\u015b\u0107 ISO: 104% - Papier pochodzi z Japonii Ten produkt zosta\u0142 stworzony specjalnie dla","protected":false},"featured_media":8523,"comment_status":"open","ping_status":"closed","template":"","meta":{"_acf_changed":false,"content-type":"","_monsterinsights_skip_tracking":false,"_monsterinsights_sitenote_active":false,"_monsterinsights_sitenote_note":"","_monsterinsights_sitenote_category":0},"product_brand":[],"product_cat":[245],"product_tag":[],"class_list":{"0":"post-8518","1":"product","2":"type-product","3":"status-publish","4":"has-post-thumbnail","6":"product_cat-merchandise","8":"first","9":"instock","10":"taxable","11":"shipping-taxable","12":"purchasable","13":"product-type-variable"},"acf":[],"aioseo_notices":[],"jetpack_sharing_enabled":true,"_links":{"self":[{"href":"https:\/\/antcube.shop\/pl\/wp-json\/wp\/v2\/product\/8518","targetHints":{"allow":["GET"]}}],"collection":[{"href":"https:\/\/antcube.shop\/pl\/wp-json\/wp\/v2\/product"}],"about":[{"href":"https:\/\/antcube.shop\/pl\/wp-json\/wp\/v2\/types\/product"}],"replies":[{"embeddable":true,"href":"https:\/\/antcube.shop\/pl\/wp-json\/wp\/v2\/comments?post=8518"}],"wp:featuredmedia":[{"embeddable":true,"href":"https:\/\/antcube.shop\/pl\/wp-json\/wp\/v2\/media\/8523"}],"wp:attachment":[{"href":"https:\/\/antcube.shop\/pl\/wp-json\/wp\/v2\/media?parent=8518"}],"wp:term":[{"taxonomy":"product_brand","embeddable":true,"href":"https:\/\/antcube.shop\/pl\/wp-json\/wp\/v2\/product_brand?post=8518"},{"taxonomy":"product_cat","embeddable":true,"href":"https:\/\/antcube.shop\/pl\/wp-json\/wp\/v2\/product_cat?post=8518"},{"taxonomy":"product_tag","embeddable":true,"href":"https:\/\/antcube.shop\/pl\/wp-json\/wp\/v2\/product_tag?post=8518"}],"curies":[{"name":"wp","href":"https:\/\/api.w.org\/{rel}","templated":true}]}}