{"id":8505,"date":"2024-06-10T10:40:55","date_gmt":"2024-06-10T08:40:55","guid":{"rendered":"https:\/\/antcube.shop\/product\/sports-water-bottle\/"},"modified":"2025-12-03T21:47:07","modified_gmt":"2025-12-03T20:47:07","slug":"sportowa-butelka-na-wode","status":"publish","type":"product","link":"https:\/\/antcube.shop\/pl\/produkt\/sportowa-butelka-na-wode\/","title":{"rendered":"Sportowa butelka na wod\u0119"},"content":{"rendered":"<p>Zdob\u0105d\u017a spersonalizowan\u0105 i sportow\u0105 butelk\u0119 na wod\u0119 wykonan\u0105 z plastiku 50% pochodz\u0105cego z recyklingu, aby pozosta\u0107 nawodnionym w dobrym stylu. Odporna na plamy, st\u0142uczenia i nieprzyjemne zapachy butelka utrzymuje \u015bwie\u017co\u015b\u0107 napoj\u00f3w, a odporna na rozlanie pokrywka i zaw\u00f3r zapobiegaj\u0105 wyciekom. Bardzo du\u017cy rozmiar tej butelki nadaje si\u0119 r\u00f3wnie\u017c do d\u0142ugich sesji na si\u0142owni, w pracy lub podczas nauki! - 25<\/p>\n<p>- 25 uncji (739 ml) <br \/>\n- Wymiary: 10\u2033 \u00d7 3\u2033 (25,4 \u00d7 7,62 cm)<br \/>\n- Wolny od BPA materia\u0142 Eastman Tritan\u2122 Renew 50% pochodz\u0105cy z recyklingu <br \/>\n- Odporny na plamy, uderzenia i zapachy<br \/>\n- Odporna na zalanie zakr\u0119cana pokrywa z zaworem bezpiecze\u0144stwa<br \/>\n- Uchwyt do przenoszenia jednym palcem<\/p>","protected":false},"excerpt":{"rendered":"<p>Zdob\u0105d\u017a spersonalizowan\u0105 i sportow\u0105 butelk\u0119 na wod\u0119 wykonan\u0105 z plastiku 50% pochodz\u0105cego z recyklingu, aby pozosta\u0107 nawodnionym w dobrym stylu. Odporna na plamy, st\u0142uczenia i nieprzyjemne zapachy butelka utrzymuje \u015bwie\u017co\u015b\u0107 napoj\u00f3w, a odporna na rozlanie pokrywka i zaw\u00f3r zapobiegaj\u0105 wyciekom. Bardzo du\u017cy rozmiar tej butelki nadaje si\u0119 r\u00f3wnie\u017c do d\u0142ugich sesji na si\u0142owni, w pracy lub podczas nauki! - 25","protected":false},"featured_media":0,"comment_status":"open","ping_status":"closed","template":"","meta":{"_acf_changed":false,"content-type":"","_monsterinsights_skip_tracking":false,"_monsterinsights_sitenote_active":false,"_monsterinsights_sitenote_note":"","_monsterinsights_sitenote_category":0},"product_brand":[],"product_cat":[245],"product_tag":[],"class_list":{"0":"post-8505","1":"product","2":"type-product","3":"status-publish","5":"product_cat-merchandise","7":"first","8":"outofstock","9":"taxable","10":"shipping-taxable","11":"product-type-variable"},"acf":[],"aioseo_notices":[],"jetpack_sharing_enabled":true,"_links":{"self":[{"href":"https:\/\/antcube.shop\/pl\/wp-json\/wp\/v2\/product\/8505","targetHints":{"allow":["GET"]}}],"collection":[{"href":"https:\/\/antcube.shop\/pl\/wp-json\/wp\/v2\/product"}],"about":[{"href":"https:\/\/antcube.shop\/pl\/wp-json\/wp\/v2\/types\/product"}],"replies":[{"embeddable":true,"href":"https:\/\/antcube.shop\/pl\/wp-json\/wp\/v2\/comments?post=8505"}],"wp:attachment":[{"href":"https:\/\/antcube.shop\/pl\/wp-json\/wp\/v2\/media?parent=8505"}],"wp:term":[{"taxonomy":"product_brand","embeddable":true,"href":"https:\/\/antcube.shop\/pl\/wp-json\/wp\/v2\/product_brand?post=8505"},{"taxonomy":"product_cat","embeddable":true,"href":"https:\/\/antcube.shop\/pl\/wp-json\/wp\/v2\/product_cat?post=8505"},{"taxonomy":"product_tag","embeddable":true,"href":"https:\/\/antcube.shop\/pl\/wp-json\/wp\/v2\/product_tag?post=8505"}],"curies":[{"name":"wp","href":"https:\/\/api.w.org\/{rel}","templated":true}]}}