{"id":8503,"date":"2024-06-10T10:40:31","date_gmt":"2024-06-10T08:40:31","guid":{"rendered":"https:\/\/antcube.shop\/product\/stainless-steel-water-bottle-2\/"},"modified":"2024-12-12T11:07:50","modified_gmt":"2024-12-12T10:07:50","slug":"butelka-na-wode-ze-stali-nierdzewnej-2","status":"publish","type":"product","link":"https:\/\/antcube.shop\/pl\/produkt\/butelka-na-wode-ze-stali-nierdzewnej-2\/","title":{"rendered":"Butelka na wod\u0119 ze stali nierdzewnej"},"content":{"rendered":"<p>Ta 17-uncjowa, dwu\u015bcienna butelka na wod\u0119 ze stali nierdzewnej jest idealna na codzienne wyj\u015bcia. Utrzyma Tw\u00f3j nap\u00f3j gor\u0105cy lub zimny przez wiele godzin. Posiada r\u00f3wnie\u017c odporn\u0105 na zapachy i przecieki zakr\u0119tk\u0119. Wrzu\u0107 j\u0105 do uchwytu na kubek w samochodzie w drodze do pracy, zabierz ze sob\u0105 na wycieczk\u0119 lub wrzu\u0107 do torby, kiedy tylko b\u0119dziesz chcia\u0142 si\u0119 napi\u0107.<\/p>\n<p>- Wysokiej jako\u015bci stal nierdzewna<br \/>\n- 17 oz (500 ml)<br \/>\n- Wymiary: 10,5\u2033 \u00d7 2,85\u2033 (27 \u00d7 7 cm)<br \/>\n- Kolba pr\u00f3\u017cniowa<br \/>\n- Konstrukcja dwu\u015bcienna<br \/>\n- Kszta\u0142t kr\u0119gla<br \/>\n- B\u0142yszcz\u0105ce wyko\u0144czenie<br \/>\n- Bezwonny i szczelny korek<br \/>\n- Izolowany dla gor\u0105cych i zimnych p\u0142yn\u00f3w (utrzymuje gor\u0105cy lub zimny p\u0142yn przez 6 h)<br \/>\n- Opatentowana pow\u0142oka ORCA dla \u017cywych kolor\u00f3w<br \/>\n- Tylko pranie r\u0119czne<br \/>\n- Pusty produkt pochodz\u0105cy z Chin<\/p>\n<p>Zastrze\u017cenie: Trzymanie wody w butelce przez ponad 24 godziny jest niehigieniczne i mo\u017ce powodowa\u0107 nieprzyjemny zapach.<\/p>","protected":false},"excerpt":{"rendered":"<p>Ta 17-uncjowa, dwu\u015bcienna butelka na wod\u0119 ze stali nierdzewnej jest idealna na codzienne wyj\u015bcia. Utrzyma wybrany nap\u00f3j gor\u0105cy lub zimny przez wiele godzin. Posiada r\u00f3wnie\u017c zakr\u0119tk\u0119 odporn\u0105 na zapachy i przeciekanie. Wrzu\u0107 j\u0105 do uchwytu na kubek w samochodzie w drodze do pracy, zabierz ze sob\u0105 na w\u0119dr\u00f3wki lub wrzu\u0107 do [...]","protected":false},"featured_media":8504,"comment_status":"open","ping_status":"closed","template":"","meta":{"_acf_changed":false,"content-type":"","_monsterinsights_skip_tracking":false,"_monsterinsights_sitenote_active":false,"_monsterinsights_sitenote_note":"","_monsterinsights_sitenote_category":0},"product_brand":[],"product_cat":[245],"product_tag":[],"class_list":{"0":"post-8503","1":"product","2":"type-product","3":"status-publish","4":"has-post-thumbnail","6":"product_cat-merchandise","8":"first","9":"instock","10":"taxable","11":"shipping-taxable","12":"purchasable","13":"product-type-simple"},"acf":[],"aioseo_notices":[],"jetpack_sharing_enabled":true,"_links":{"self":[{"href":"https:\/\/antcube.shop\/pl\/wp-json\/wp\/v2\/product\/8503","targetHints":{"allow":["GET"]}}],"collection":[{"href":"https:\/\/antcube.shop\/pl\/wp-json\/wp\/v2\/product"}],"about":[{"href":"https:\/\/antcube.shop\/pl\/wp-json\/wp\/v2\/types\/product"}],"replies":[{"embeddable":true,"href":"https:\/\/antcube.shop\/pl\/wp-json\/wp\/v2\/comments?post=8503"}],"wp:featuredmedia":[{"embeddable":true,"href":"https:\/\/antcube.shop\/pl\/wp-json\/wp\/v2\/media\/8504"}],"wp:attachment":[{"href":"https:\/\/antcube.shop\/pl\/wp-json\/wp\/v2\/media?parent=8503"}],"wp:term":[{"taxonomy":"product_brand","embeddable":true,"href":"https:\/\/antcube.shop\/pl\/wp-json\/wp\/v2\/product_brand?post=8503"},{"taxonomy":"product_cat","embeddable":true,"href":"https:\/\/antcube.shop\/pl\/wp-json\/wp\/v2\/product_cat?post=8503"},{"taxonomy":"product_tag","embeddable":true,"href":"https:\/\/antcube.shop\/pl\/wp-json\/wp\/v2\/product_tag?post=8503"}],"curies":[{"name":"wp","href":"https:\/\/api.w.org\/{rel}","templated":true}]}}