{"id":8320,"date":"2024-06-10T10:36:48","date_gmt":"2024-06-10T08:36:48","guid":{"rendered":"https:\/\/antcube.shop\/product\/unisex-t-shirt-2\/"},"modified":"2024-12-12T11:08:12","modified_gmt":"2024-12-12T10:08:12","slug":"koszulka-unisex-2","status":"publish","type":"product","link":"https:\/\/antcube.shop\/pl\/produkt\/koszulka-unisex-2\/","title":{"rendered":"Koszulka unisex"},"content":{"rendered":"<p>Ta koszulka ma wszystko, o czym marzy\u0142e\u015b, a nawet wi\u0119cej. Jest mi\u0119kka i lekka, z odpowiedni\u0105 ilo\u015bci\u0105 stretchu. Jest wygodny i dopasowany do ka\u017cdej sylwetki. <\/p>\n<p>- 100% bawe\u0142na czesana i ring-spun (kolory Heather zawieraj\u0105 poliester)<br \/>\n- Waga materia\u0142u: 4,2 uncji\/yd\u00b2 (142 g\/m\u00b2)<br \/>\n- Tkanina niekurczliwa<br \/>\n- Konstrukcja z bocznymi szwami<br \/>\n- Taping od ramienia do ramienia<br \/>\n- Pusty produkt pochodz\u0105cy z Nikaragui, Meksyku, Hondurasu lub USA<\/p>\n<p>Ten produkt jest produkowany specjalnie dla Ciebie zaraz po z\u0142o\u017ceniu zam\u00f3wienia, dlatego jego dostarczenie zajmuje nam nieco wi\u0119cej czasu. Wytwarzanie produkt\u00f3w na \u017c\u0105danie zamiast luzem pomaga ograniczy\u0107 nadprodukcj\u0119, wi\u0119c dzi\u0119kujemy za podejmowanie przemy\u015blanych decyzji zakupowych!<\/p>","protected":false},"excerpt":{"rendered":"<p>Ta koszulka ma wszystko, o czym marzy\u0142e\u015b, a nawet wi\u0119cej. Jest mi\u0119kka i lekka, z odpowiedni\u0105 ilo\u015bci\u0105 stretchu. Jest wygodna i dopasowana do ka\u017cdej sylwetki. - Bawe\u0142na czesana i ring-spun 100% (kolory Heather zawieraj\u0105 poliester) - Gramatura materia\u0142u: 4,2 uncji\/yd.\u00b2 (142 g\/m\u00b2) - Tkanina wst\u0119pnie wykurczona - Konstrukcja ze szwami bocznymi - Ta\u015bmy na ramionach - Pusty produkt [...]","protected":false},"featured_media":8423,"comment_status":"open","ping_status":"closed","template":"","meta":{"_acf_changed":false,"content-type":"","_monsterinsights_skip_tracking":false,"_monsterinsights_sitenote_active":false,"_monsterinsights_sitenote_note":"","_monsterinsights_sitenote_category":0},"product_brand":[],"product_cat":[245],"product_tag":[],"class_list":{"0":"post-8320","1":"product","2":"type-product","3":"status-publish","4":"has-post-thumbnail","6":"product_cat-merchandise","8":"first","9":"instock","10":"taxable","11":"shipping-taxable","12":"purchasable","13":"product-type-variable"},"acf":[],"aioseo_notices":[],"jetpack_sharing_enabled":true,"_links":{"self":[{"href":"https:\/\/antcube.shop\/pl\/wp-json\/wp\/v2\/product\/8320","targetHints":{"allow":["GET"]}}],"collection":[{"href":"https:\/\/antcube.shop\/pl\/wp-json\/wp\/v2\/product"}],"about":[{"href":"https:\/\/antcube.shop\/pl\/wp-json\/wp\/v2\/types\/product"}],"replies":[{"embeddable":true,"href":"https:\/\/antcube.shop\/pl\/wp-json\/wp\/v2\/comments?post=8320"}],"wp:featuredmedia":[{"embeddable":true,"href":"https:\/\/antcube.shop\/pl\/wp-json\/wp\/v2\/media\/8423"}],"wp:attachment":[{"href":"https:\/\/antcube.shop\/pl\/wp-json\/wp\/v2\/media?parent=8320"}],"wp:term":[{"taxonomy":"product_brand","embeddable":true,"href":"https:\/\/antcube.shop\/pl\/wp-json\/wp\/v2\/product_brand?post=8320"},{"taxonomy":"product_cat","embeddable":true,"href":"https:\/\/antcube.shop\/pl\/wp-json\/wp\/v2\/product_cat?post=8320"},{"taxonomy":"product_tag","embeddable":true,"href":"https:\/\/antcube.shop\/pl\/wp-json\/wp\/v2\/product_tag?post=8320"}],"curies":[{"name":"wp","href":"https:\/\/api.w.org\/{rel}","templated":true}]}}