{"id":8197,"date":"2024-06-10T10:30:29","date_gmt":"2024-06-10T08:30:29","guid":{"rendered":"https:\/\/antcube.shop\/product\/unisex-hoodie-2\/"},"modified":"2024-12-12T11:08:24","modified_gmt":"2024-12-12T10:08:24","slug":"bluza-z-kapturem-unisex-2","status":"publish","type":"product","link":"https:\/\/antcube.shop\/pl\/produkt\/bluza-z-kapturem-unisex-2\/","title":{"rendered":"Bluza unisex"},"content":{"rendered":"<p>Ka\u017cdy potrzebuje przytulnej bluzy z kapturem, w kt\u00f3r\u0105 mo\u017cna si\u0119 wtuli\u0107, wi\u0119c wybierz tak\u0105, kt\u00f3ra jest mi\u0119kka, g\u0142adka i stylowa. To idealny wyb\u00f3r na ch\u0142odniejsze wieczory!<\/p>\n<p>- 50% niekurczliwa bawe\u0142na, 50% poliester<br \/>\n- Waga materia\u0142u: 8,0 uncji\/yd\u00b2 (271,25 g\/m\u00b2)<br \/>\n- Prz\u0119dza prz\u0119dziona strumieniem powietrza, mi\u0119kka w dotyku i o zmniejszonym mechaceniu.<br \/>\n- Kaptur z podw\u00f3jn\u0105 podszewk\u0105 i dopasowanym sznurkiem<br \/>\n- \u0106wier\u0107obr\u00f3t cia\u0142a w celu unikni\u0119cia zagniece\u0144 na \u015brodku<br \/>\n- Sportowe \u015bci\u0105gacze 1 \u00d7 1 w mankietach i pasie z dodatkiem elastanu<br \/>\n- Kiesze\u0144 z przodu<br \/>\n- Ko\u0142nierzyk, ramiona, otwory na r\u0119ce, mankiety i d\u00f3\u0142 obszyte podw\u00f3jn\u0105 nici\u0105<br \/>\n- Pusty produkt pochodz\u0105cy z Bangladeszu, Nikaragui, Hondurasu lub Salwadoru<\/p>\n<p>Ten produkt jest produkowany specjalnie dla Ciebie zaraz po z\u0142o\u017ceniu zam\u00f3wienia, dlatego jego dostarczenie zajmuje nam nieco wi\u0119cej czasu. Wytwarzanie produkt\u00f3w na \u017c\u0105danie zamiast luzem pomaga ograniczy\u0107 nadprodukcj\u0119, wi\u0119c dzi\u0119kujemy za podejmowanie przemy\u015blanych decyzji zakupowych!<\/p>","protected":false},"excerpt":{"rendered":"<p>Ka\u017cdy potrzebuje przytulnej bluzy z kapturem, w kt\u00f3r\u0105 mo\u017cna si\u0119 wtuli\u0107, wi\u0119c wybierz tak\u0105, kt\u00f3ra jest mi\u0119kka, g\u0142adka i stylowa. To idealny wyb\u00f3r na ch\u0142odniejsze wieczory! - Niekurczliwa bawe\u0142na 50%, poliester 50% - Gramatura materia\u0142u: 8,0 uncji\/yd\u00b2 (271,25 g\/m\u00b2) - Prz\u0119dza typu air-jet spun o mi\u0119kkim dotyku i ograniczonym mechaceniu - Kaptur z podw\u00f3jn\u0105 podszewk\u0105 i dopasowanym [...]","protected":false},"featured_media":8290,"comment_status":"open","ping_status":"closed","template":"","meta":{"_acf_changed":false,"content-type":"","_monsterinsights_skip_tracking":false,"_monsterinsights_sitenote_active":false,"_monsterinsights_sitenote_note":"","_monsterinsights_sitenote_category":0},"product_brand":[],"product_cat":[245],"product_tag":[],"class_list":{"0":"post-8197","1":"product","2":"type-product","3":"status-publish","4":"has-post-thumbnail","6":"product_cat-merchandise","8":"first","9":"instock","10":"taxable","11":"shipping-taxable","12":"purchasable","13":"product-type-variable"},"acf":[],"aioseo_notices":[],"jetpack_sharing_enabled":true,"_links":{"self":[{"href":"https:\/\/antcube.shop\/pl\/wp-json\/wp\/v2\/product\/8197","targetHints":{"allow":["GET"]}}],"collection":[{"href":"https:\/\/antcube.shop\/pl\/wp-json\/wp\/v2\/product"}],"about":[{"href":"https:\/\/antcube.shop\/pl\/wp-json\/wp\/v2\/types\/product"}],"replies":[{"embeddable":true,"href":"https:\/\/antcube.shop\/pl\/wp-json\/wp\/v2\/comments?post=8197"}],"wp:featuredmedia":[{"embeddable":true,"href":"https:\/\/antcube.shop\/pl\/wp-json\/wp\/v2\/media\/8290"}],"wp:attachment":[{"href":"https:\/\/antcube.shop\/pl\/wp-json\/wp\/v2\/media?parent=8197"}],"wp:term":[{"taxonomy":"product_brand","embeddable":true,"href":"https:\/\/antcube.shop\/pl\/wp-json\/wp\/v2\/product_brand?post=8197"},{"taxonomy":"product_cat","embeddable":true,"href":"https:\/\/antcube.shop\/pl\/wp-json\/wp\/v2\/product_cat?post=8197"},{"taxonomy":"product_tag","embeddable":true,"href":"https:\/\/antcube.shop\/pl\/wp-json\/wp\/v2\/product_tag?post=8197"}],"curies":[{"name":"wp","href":"https:\/\/api.w.org\/{rel}","templated":true}]}}