{"id":8185,"date":"2024-06-10T10:28:06","date_gmt":"2024-06-10T08:28:06","guid":{"rendered":"https:\/\/antcube.shop\/product\/boxer-briefs\/"},"modified":"2024-12-12T11:08:38","modified_gmt":"2024-12-12T10:08:38","slug":"bokserki","status":"publish","type":"product","link":"https:\/\/antcube.shop\/pl\/produkt\/bokserki\/","title":{"rendered":"Bokserki"},"content":{"rendered":"<p>Te bokserki s\u0105 wykonane z mi\u0119kkiego i elastycznego materia\u0142u, kt\u00f3ry zapewnia wygod\u0119 przez ca\u0142y dzie\u0144. Bokserki nie maj\u0105 tylnego szwu i maj\u0105 podszyt\u0105 przedni\u0105 kiesze\u0144 dla dodatkowego komfortu i wsparcia. <\/p>\n<p>- 95% poliester, 5% elastan (sk\u0142ad tkaniny mo\u017ce si\u0119 r\u00f3\u017cni\u0107 o 1%)<br \/>\n- \u015aredniej wysoko\u015bci<br \/>\n- Przednia kiesze\u0144 z podszewk\u0105 dla dodatkowego wsparcia<br \/>\n- Elastyczny pas o szeroko\u015bci 4 cm pokryty tkanin\u0105<br \/>\n- Panel krokowy <br \/>\n- Overlock i \u015bcieg kryty <br \/>\n- Brak tylnego szwu dla wi\u0119kszego komfortu<br \/>\n- Puste komponenty produkt\u00f3w w UE pochodz\u0105ce z Litwy<br \/>\n- Puste komponenty produkt\u00f3w w Meksyku pochodz\u0105ce z USA i Chin<\/p>","protected":false},"excerpt":{"rendered":"<p>Te bokserki s\u0105 wykonane z mi\u0119kkiego i elastycznego materia\u0142u, kt\u00f3ry zapewnia wygod\u0119 przez ca\u0142y dzie\u0144. Bokserki nie maj\u0105 tylnego szwu i maj\u0105 podszyt\u0105 przedni\u0105 kiesze\u0144 dla dodatkowego komfortu i wsparcia. - Poliester 95%, elastan 5% (sk\u0142ad materia\u0142u mo\u017ce si\u0119 r\u00f3\u017cni\u0107 w zale\u017cno\u015bci od 1%) - \u015aredni stan - Przednia kiesze\u0144 z podszewk\u0105 dla dodatkowego wsparcia","protected":false},"featured_media":8195,"comment_status":"open","ping_status":"closed","template":"","meta":{"_acf_changed":false,"content-type":"","_monsterinsights_skip_tracking":false,"_monsterinsights_sitenote_active":false,"_monsterinsights_sitenote_note":"","_monsterinsights_sitenote_category":0},"product_brand":[],"product_cat":[245],"product_tag":[],"class_list":{"0":"post-8185","1":"product","2":"type-product","3":"status-publish","4":"has-post-thumbnail","6":"product_cat-merchandise","8":"first","9":"instock","10":"taxable","11":"shipping-taxable","12":"purchasable","13":"product-type-variable"},"acf":[],"aioseo_notices":[],"jetpack_sharing_enabled":true,"_links":{"self":[{"href":"https:\/\/antcube.shop\/pl\/wp-json\/wp\/v2\/product\/8185","targetHints":{"allow":["GET"]}}],"collection":[{"href":"https:\/\/antcube.shop\/pl\/wp-json\/wp\/v2\/product"}],"about":[{"href":"https:\/\/antcube.shop\/pl\/wp-json\/wp\/v2\/types\/product"}],"replies":[{"embeddable":true,"href":"https:\/\/antcube.shop\/pl\/wp-json\/wp\/v2\/comments?post=8185"}],"wp:featuredmedia":[{"embeddable":true,"href":"https:\/\/antcube.shop\/pl\/wp-json\/wp\/v2\/media\/8195"}],"wp:attachment":[{"href":"https:\/\/antcube.shop\/pl\/wp-json\/wp\/v2\/media?parent=8185"}],"wp:term":[{"taxonomy":"product_brand","embeddable":true,"href":"https:\/\/antcube.shop\/pl\/wp-json\/wp\/v2\/product_brand?post=8185"},{"taxonomy":"product_cat","embeddable":true,"href":"https:\/\/antcube.shop\/pl\/wp-json\/wp\/v2\/product_cat?post=8185"},{"taxonomy":"product_tag","embeddable":true,"href":"https:\/\/antcube.shop\/pl\/wp-json\/wp\/v2\/product_tag?post=8185"}],"curies":[{"name":"wp","href":"https:\/\/api.w.org\/{rel}","templated":true}]}}