{"id":7942,"date":"2024-05-29T15:42:05","date_gmt":"2024-05-29T13:42:05","guid":{"rendered":"https:\/\/antcube.shop\/product\/rote-abdeckplatte-20x20-liegend\/"},"modified":"2026-04-14T09:35:07","modified_gmt":"2026-04-14T07:35:07","slug":"czerwona-nakladka-20x20","status":"publish","type":"product","link":"https:\/\/antcube.shop\/pl\/produkt\/czerwona-nakladka-20x20\/","title":{"rendered":"Czerwona nak\u0142adka 20\u00d720 - pozioma"},"content":{"rendered":"<p><strong>Wymiary:<\/strong> 180 x 180 mm,<br \/>\n<strong>Grubo\u015b\u0107:<\/strong> 3 mm<br \/>\nWymiar zewn\u0119trzny pier\u015bcienia z otworem 56 mm - wymiar wewn\u0119trzny otworu 33 mm<\/p>\n<p><strong>Materia\u0142:<\/strong> PMMA<\/p>\n<p><strong>Kolor:<\/strong> ciemnoczerwony, przezroczysty<\/p>\n<p><strong>Tre\u015b\u0107:<\/strong> 1 szt.<\/p>\n<p><strong>Opis:<\/strong> Czerwona przezroczysta nak\u0142adka - pozioma, s\u0142u\u017cy do zapewnienia mr\u00f3wkom wra\u017cenia przebywania pod ziemi\u0105. Dlatego zalecamy stosowanie tego produktu przynajmniej cz\u0119\u015bciowo w obszarze gniazda. Przez pokryw\u0119 mo\u017cna nawet zobaczy\u0107 mr\u00f3wki w gnie\u017adzie.<\/p>","protected":false},"excerpt":{"rendered":"<p>Wymiary: 180 x 180 mm, Grubo\u015b\u0107: 3 mm Wymiar zewn\u0119trzny pier\u015bcienia otworu 56 mm - wymiar wewn\u0119trzny otworu 33 mm Materia\u0142: PMMA Kolor: ciemnoczerwony, przezroczysty Zawarto\u015b\u0107: 1 szt. Opis: Czerwona przezroczysta nak\u0142adka - pozioma, s\u0142u\u017cy do zapewnienia mr\u00f3wkom wra\u017cenia przebywania pod ziemi\u0105. Dlatego zalecamy u\u017cywanie tego produktu przynajmniej cz\u0119\u015bciowo w","protected":false},"featured_media":7945,"comment_status":"open","ping_status":"closed","template":"","meta":{"_acf_changed":false,"content-type":"","_monsterinsights_skip_tracking":false,"_monsterinsights_sitenote_active":false,"_monsterinsights_sitenote_note":"","_monsterinsights_sitenote_category":0},"product_brand":[],"product_cat":[119,239],"product_tag":[],"class_list":{"0":"post-7942","1":"product","2":"type-product","3":"status-publish","4":"has-post-thumbnail","6":"product_cat-formicarium-components","7":"product_cat-useful-additions","9":"first","10":"instock","11":"taxable","12":"shipping-taxable","13":"purchasable","14":"product-type-simple"},"acf":[],"aioseo_notices":[],"jetpack_sharing_enabled":true,"_links":{"self":[{"href":"https:\/\/antcube.shop\/pl\/wp-json\/wp\/v2\/product\/7942","targetHints":{"allow":["GET"]}}],"collection":[{"href":"https:\/\/antcube.shop\/pl\/wp-json\/wp\/v2\/product"}],"about":[{"href":"https:\/\/antcube.shop\/pl\/wp-json\/wp\/v2\/types\/product"}],"replies":[{"embeddable":true,"href":"https:\/\/antcube.shop\/pl\/wp-json\/wp\/v2\/comments?post=7942"}],"wp:featuredmedia":[{"embeddable":true,"href":"https:\/\/antcube.shop\/pl\/wp-json\/wp\/v2\/media\/7945"}],"wp:attachment":[{"href":"https:\/\/antcube.shop\/pl\/wp-json\/wp\/v2\/media?parent=7942"}],"wp:term":[{"taxonomy":"product_brand","embeddable":true,"href":"https:\/\/antcube.shop\/pl\/wp-json\/wp\/v2\/product_brand?post=7942"},{"taxonomy":"product_cat","embeddable":true,"href":"https:\/\/antcube.shop\/pl\/wp-json\/wp\/v2\/product_cat?post=7942"},{"taxonomy":"product_tag","embeddable":true,"href":"https:\/\/antcube.shop\/pl\/wp-json\/wp\/v2\/product_tag?post=7942"}],"curies":[{"name":"wp","href":"https:\/\/api.w.org\/{rel}","templated":true}]}}