{"id":7590,"date":"2024-04-04T16:24:13","date_gmt":"2024-04-04T14:24:13","guid":{"rendered":"https:\/\/antcube.shop\/product\/thermo-hygrometer-analog-display-43mm-hangend\/"},"modified":"2026-01-15T16:08:58","modified_gmt":"2026-01-15T15:08:58","slug":"termohigrometr-wyswietlacz-analogowy-43mm-wiszacy","status":"publish","type":"product","link":"https:\/\/antcube.shop\/pl\/produkt\/termohigrometr-wyswietlacz-analogowy-43mm-wiszacy\/","title":{"rendered":"Termohigrometr analogowy - wy\u015bwietlacz - 43 mm - wisz\u0105cy"},"content":{"rendered":"<p><strong>Wymiary:<\/strong> 73 mm x 63 mm, g\u0142\u0119boko\u015b\u0107 20 mm<\/p>\n<p><strong>Materia\u0142:<\/strong> metal \/ akryl<\/p>\n<p><strong>Kolor:<\/strong> metal, srebrny \/ przezroczysty<\/p>\n<p><strong>Tre\u015b\u0107:<\/strong> 1x termohigrometr analogowy metalowy - 43mm, 1x uchwyt ze szk\u0142a akrylowego z wg\u0142\u0119bieniem na przyrz\u0105d pomiarowy - 73x59mm, 1x podstawa ze szk\u0142a akrylowego - 73x20mm, 2x przezroczyste podk\u0142adki samoprzylepne - 30x20mm<\/p>\n<p><strong>Opis:<\/strong><br \/>\nZestaw sk\u0142ada si\u0119 z analogowego termometru i higrometru wykonanego z metalu (43 mm), kt\u00f3ry jest w\u0142o\u017cony w p\u0142ytk\u0119 ze szk\u0142a akrylowego (73x59 mm). Wy\u015bwietlacz jest przymocowany za pomoc\u0105 dw\u00f3ch przezroczystych podk\u0142adek samoprzylepnych, kt\u00f3re mo\u017cna wykorzysta\u0107 do przymocowania podstawy (73x20mm) nad g\u0142ow\u0105 do pokryw areny lub ramek.<\/p>\n<p><strong>Wa\u017cne:<\/strong><br \/>\nTy\u0142 miernika musi by\u0107 czysty, w przeciwnym razie mog\u0105 wyst\u0105pi\u0107 b\u0142\u0119dy pomiaru.<\/p>\n<p><strong>Dok\u0142adno\u015b\u0107 termometru:<\/strong> +\/- 2\u00b0C , +\/- 4\u00b0F<br \/>\n<strong>Dok\u0142adno\u015b\u0107 higrometru:<\/strong> +\/- 5%<\/p>","protected":false},"excerpt":{"rendered":"<p>Zestaw termometru i higrometru wykonanych z metalu (43 mm) umieszczonych w p\u0142ytce ze szk\u0142a akrylowego (73x63 mm)<\/p>","protected":false},"featured_media":7580,"comment_status":"open","ping_status":"closed","template":"","meta":{"_acf_changed":false,"content-type":"","_monsterinsights_skip_tracking":false,"_monsterinsights_sitenote_active":false,"_monsterinsights_sitenote_note":"","_monsterinsights_sitenote_category":0},"product_brand":[],"product_cat":[359,119],"product_tag":[],"class_list":{"0":"post-7590","1":"product","2":"type-product","3":"status-publish","4":"has-post-thumbnail","6":"product_cat-light-heat-humidity","7":"product_cat-formicarium-components","9":"first","10":"instock","11":"taxable","12":"shipping-taxable","13":"purchasable","14":"product-type-simple"},"acf":[],"aioseo_notices":[],"jetpack_sharing_enabled":true,"_links":{"self":[{"href":"https:\/\/antcube.shop\/pl\/wp-json\/wp\/v2\/product\/7590","targetHints":{"allow":["GET"]}}],"collection":[{"href":"https:\/\/antcube.shop\/pl\/wp-json\/wp\/v2\/product"}],"about":[{"href":"https:\/\/antcube.shop\/pl\/wp-json\/wp\/v2\/types\/product"}],"replies":[{"embeddable":true,"href":"https:\/\/antcube.shop\/pl\/wp-json\/wp\/v2\/comments?post=7590"}],"wp:featuredmedia":[{"embeddable":true,"href":"https:\/\/antcube.shop\/pl\/wp-json\/wp\/v2\/media\/7580"}],"wp:attachment":[{"href":"https:\/\/antcube.shop\/pl\/wp-json\/wp\/v2\/media?parent=7590"}],"wp:term":[{"taxonomy":"product_brand","embeddable":true,"href":"https:\/\/antcube.shop\/pl\/wp-json\/wp\/v2\/product_brand?post=7590"},{"taxonomy":"product_cat","embeddable":true,"href":"https:\/\/antcube.shop\/pl\/wp-json\/wp\/v2\/product_cat?post=7590"},{"taxonomy":"product_tag","embeddable":true,"href":"https:\/\/antcube.shop\/pl\/wp-json\/wp\/v2\/product_tag?post=7590"}],"curies":[{"name":"wp","href":"https:\/\/api.w.org\/{rel}","templated":true}]}}