{"id":7589,"date":"2024-04-04T16:24:06","date_gmt":"2024-04-04T14:24:06","guid":{"rendered":"https:\/\/antcube.shop\/product\/mini-thermo-hygrometer-analog-metall-43mm\/"},"modified":"2026-03-31T18:19:20","modified_gmt":"2026-03-31T16:19:20","slug":"mini-termohigrometr-analogowy-metalowy-43mm","status":"publish","type":"product","link":"https:\/\/antcube.shop\/pl\/produkt\/mini-termohigrometr-analogowy-metalowy-43mm\/","title":{"rendered":"Mini termohigrometr analogowy metalowy - 43 mm"},"content":{"rendered":"<p><strong>Wielko\u015b\u0107:<\/strong> 43 mm (dla otworu 40 mm)<\/p>\n<p><strong>Materia\u0142 \/ Kolor:<\/strong> metal, srebro<\/p>\n<p><strong>Pomiar:<\/strong><\/p>\n<p><strong>Termometr:<\/strong> -20 do +50\u00b0C \/ -10 do +130\u00b0F<br \/>\n<strong>Dok\u0142adno\u015b\u0107:<\/strong> +\/- 2\u00b0C , +\/- 4\u00b0F<\/p>\n<p><strong>Higrometr:<\/strong> 0 do 100%<br \/>\n<strong>Dok\u0142adno\u015b\u0107:<\/strong> +\/- 5%<\/p>\n<p><strong>Opis:<\/strong><br \/>\nAnalogowy termo\/higrometr, kt\u00f3ry jest szczeg\u00f3lnie przydatny w przypadku bardzo ma\u0142ych formikari\u00f3w.<\/p>\n<p><strong>Uwaga:<\/strong><br \/>\nPrzyrz\u0105dy pomiarowe na tylnej stronie musz\u0105 pozosta\u0107 wolne, w przeciwnym razie mog\u0105 wyst\u0105pi\u0107 b\u0142\u0119dy pomiarowe.<\/p>","protected":false},"excerpt":{"rendered":"<p>Rozmiar: 43 mm (dla otworu 40 mm) Materia\u0142 \/ kolor: metal, srebrny Pomiar: Termometr: -20 do +50\u00b0C \/ -10 do +130\u00b0F Dok\u0142adno\u015b\u0107: +\/- 2\u00b0C , +\/- 4\u00b0F Higrometr: 0 do 100% Dok\u0142adno\u015b\u0107: +\/- 5% Opis: Analogowy termo\/higrometr, kt\u00f3ry szczeg\u00f3lnie nadaje si\u0119 do bardzo ma\u0142ych mr\u00f3wkowc\u00f3w. Uwaga: Przyrz\u0105dy pomiarowe z ty\u0142u musz\u0105 pozosta\u0107 wolne, w przeciwnym razie pomiar nie b\u0119dzie mo\u017cliwy.","protected":false},"featured_media":7581,"comment_status":"open","ping_status":"closed","template":"","meta":{"_acf_changed":false,"content-type":"","_monsterinsights_skip_tracking":false,"_monsterinsights_sitenote_active":false,"_monsterinsights_sitenote_note":"","_monsterinsights_sitenote_category":0},"product_brand":[],"product_cat":[359,119],"product_tag":[],"class_list":{"0":"post-7589","1":"product","2":"type-product","3":"status-publish","4":"has-post-thumbnail","6":"product_cat-light-heat-humidity","7":"product_cat-formicarium-components","9":"first","10":"instock","11":"taxable","12":"shipping-taxable","13":"purchasable","14":"product-type-simple"},"acf":[],"aioseo_notices":[],"jetpack_sharing_enabled":true,"_links":{"self":[{"href":"https:\/\/antcube.shop\/pl\/wp-json\/wp\/v2\/product\/7589","targetHints":{"allow":["GET"]}}],"collection":[{"href":"https:\/\/antcube.shop\/pl\/wp-json\/wp\/v2\/product"}],"about":[{"href":"https:\/\/antcube.shop\/pl\/wp-json\/wp\/v2\/types\/product"}],"replies":[{"embeddable":true,"href":"https:\/\/antcube.shop\/pl\/wp-json\/wp\/v2\/comments?post=7589"}],"wp:featuredmedia":[{"embeddable":true,"href":"https:\/\/antcube.shop\/pl\/wp-json\/wp\/v2\/media\/7581"}],"wp:attachment":[{"href":"https:\/\/antcube.shop\/pl\/wp-json\/wp\/v2\/media?parent=7589"}],"wp:term":[{"taxonomy":"product_brand","embeddable":true,"href":"https:\/\/antcube.shop\/pl\/wp-json\/wp\/v2\/product_brand?post=7589"},{"taxonomy":"product_cat","embeddable":true,"href":"https:\/\/antcube.shop\/pl\/wp-json\/wp\/v2\/product_cat?post=7589"},{"taxonomy":"product_tag","embeddable":true,"href":"https:\/\/antcube.shop\/pl\/wp-json\/wp\/v2\/product_tag?post=7589"}],"curies":[{"name":"wp","href":"https:\/\/api.w.org\/{rel}","templated":true}]}}