{"id":7588,"date":"2024-04-04T16:18:04","date_gmt":"2024-04-04T14:18:04","guid":{"rendered":"https:\/\/antcube.shop\/product\/saugnapfhalter-16mm-2-stk\/"},"modified":"2026-04-03T22:49:22","modified_gmt":"2026-04-03T20:49:22","slug":"uchwyt-na-przyssawke-16-mm","status":"publish","type":"product","link":"https:\/\/antcube.shop\/pl\/produkt\/uchwyt-na-przyssawke-16-mm\/","title":{"rendered":"Uchwyt przyssawki 16 mm - 2 szt."},"content":{"rendered":"<p><strong>Zawarto\u015b\u0107:<\/strong><br \/>\n2x przyssawka monta\u017cowa 16 mm<\/p>\n<p><strong>Opis:<\/strong><br \/>\nUchwyt zaciskowy do prob\u00f3wek 16 mm i 18 mm.<br \/>\nMo\u017ce by\u0107 u\u017cywany do mocowania prob\u00f3wek \/ prob\u00f3wek do szk\u0142a formikarii lub do mocowania w\u0119\u017cy o odpowiednim rozmiarze.<\/p>","protected":false},"excerpt":{"rendered":"<p>Zawarto\u015b\u0107: 2x przyssawka mocuj\u0105ca 16mm Opis: Uchwyt zaciskowy do prob\u00f3wek 16mm i 18mm. Mo\u017ce by\u0107 u\u017cywany do mocowania prob\u00f3wek \/ prob\u00f3wek do szk\u0142a formikarium lub do mocowania w\u0119\u017cy o odpowiednim rozmiarze.<\/p>","protected":false},"featured_media":7585,"comment_status":"open","ping_status":"closed","template":"","meta":{"_acf_changed":false,"content-type":"","_monsterinsights_skip_tracking":false,"_monsterinsights_sitenote_active":false,"_monsterinsights_sitenote_note":"","_monsterinsights_sitenote_category":0},"product_brand":[],"product_cat":[119,239,237],"product_tag":[],"class_list":{"0":"post-7588","1":"product","2":"type-product","3":"status-publish","4":"has-post-thumbnail","6":"product_cat-formicarium-components","7":"product_cat-useful-additions","8":"product_cat-tools","10":"first","11":"instock","12":"taxable","13":"shipping-taxable","14":"purchasable","15":"product-type-simple"},"acf":[],"aioseo_notices":[],"jetpack_sharing_enabled":true,"_links":{"self":[{"href":"https:\/\/antcube.shop\/pl\/wp-json\/wp\/v2\/product\/7588","targetHints":{"allow":["GET"]}}],"collection":[{"href":"https:\/\/antcube.shop\/pl\/wp-json\/wp\/v2\/product"}],"about":[{"href":"https:\/\/antcube.shop\/pl\/wp-json\/wp\/v2\/types\/product"}],"replies":[{"embeddable":true,"href":"https:\/\/antcube.shop\/pl\/wp-json\/wp\/v2\/comments?post=7588"}],"wp:featuredmedia":[{"embeddable":true,"href":"https:\/\/antcube.shop\/pl\/wp-json\/wp\/v2\/media\/7585"}],"wp:attachment":[{"href":"https:\/\/antcube.shop\/pl\/wp-json\/wp\/v2\/media?parent=7588"}],"wp:term":[{"taxonomy":"product_brand","embeddable":true,"href":"https:\/\/antcube.shop\/pl\/wp-json\/wp\/v2\/product_brand?post=7588"},{"taxonomy":"product_cat","embeddable":true,"href":"https:\/\/antcube.shop\/pl\/wp-json\/wp\/v2\/product_cat?post=7588"},{"taxonomy":"product_tag","embeddable":true,"href":"https:\/\/antcube.shop\/pl\/wp-json\/wp\/v2\/product_tag?post=7588"}],"curies":[{"name":"wp","href":"https:\/\/api.w.org\/{rel}","templated":true}]}}