{"id":7503,"date":"2024-04-04T11:27:36","date_gmt":"2024-04-04T09:27:36","guid":{"rendered":"https:\/\/antcube.shop\/product\/folien-thermometer-display\/"},"modified":"2026-04-02T14:54:02","modified_gmt":"2026-04-02T12:54:02","slug":"wyswietlacz-termometru-foliowego","status":"publish","type":"product","link":"https:\/\/antcube.shop\/pl\/produkt\/wyswietlacz-termometru-foliowego\/","title":{"rendered":"Wy\u015bwietlacz termometru foliowego"},"content":{"rendered":"<p><strong>Wymiary:<\/strong> 30 mm x 36,5 mm<\/p>\n<p><strong>Zakres pomiarowy:<\/strong> +12\u00b0C do +34\u00b0C<\/p>\n<p><strong>Dok\u0142adno\u015b\u0107:<\/strong> +\/- 1\u00b0C<\/p>\n<p><strong>Opis:<\/strong><br \/>\nTermometr foliowy, kt\u00f3ry mo\u017cna przymocowa\u0107 od wewn\u0105trz do pokrywy lub ramy areny\/formikarium dla mr\u00f3wek. Powierzchnia klej\u0105ca pod foli\u0105 na przezroczystej podstawie.<\/p>\n<p><strong>Do odczytu temperatury:<\/strong><br \/>\nZielony obszar pokazuje aktualn\u0105 temperatur\u0119.<br \/>\nJe\u015bli czerwony obszar jest wyra\u017anie widoczny, odejmij 0,5\u00b0C<br \/>\nDodaj 0,5\u00b0C, je\u015bli niebieski obszar jest wyra\u017anie widoczny.<\/p>","protected":false},"excerpt":{"rendered":"<p>Zakres pomiarowy: +12\u00b0C do +34\u00b0C<\/p>","protected":false},"featured_media":7593,"comment_status":"open","ping_status":"closed","template":"","meta":{"_acf_changed":false,"content-type":"","_monsterinsights_skip_tracking":false,"_monsterinsights_sitenote_active":false,"_monsterinsights_sitenote_note":"","_monsterinsights_sitenote_category":0},"product_brand":[],"product_cat":[359,119,239],"product_tag":[],"class_list":{"0":"post-7503","1":"product","2":"type-product","3":"status-publish","4":"has-post-thumbnail","6":"product_cat-light-heat-humidity","7":"product_cat-formicarium-components","8":"product_cat-useful-additions","10":"first","11":"instock","12":"taxable","13":"shipping-taxable","14":"purchasable","15":"product-type-simple"},"acf":[],"aioseo_notices":[],"jetpack_sharing_enabled":true,"_links":{"self":[{"href":"https:\/\/antcube.shop\/pl\/wp-json\/wp\/v2\/product\/7503","targetHints":{"allow":["GET"]}}],"collection":[{"href":"https:\/\/antcube.shop\/pl\/wp-json\/wp\/v2\/product"}],"about":[{"href":"https:\/\/antcube.shop\/pl\/wp-json\/wp\/v2\/types\/product"}],"replies":[{"embeddable":true,"href":"https:\/\/antcube.shop\/pl\/wp-json\/wp\/v2\/comments?post=7503"}],"wp:featuredmedia":[{"embeddable":true,"href":"https:\/\/antcube.shop\/pl\/wp-json\/wp\/v2\/media\/7593"}],"wp:attachment":[{"href":"https:\/\/antcube.shop\/pl\/wp-json\/wp\/v2\/media?parent=7503"}],"wp:term":[{"taxonomy":"product_brand","embeddable":true,"href":"https:\/\/antcube.shop\/pl\/wp-json\/wp\/v2\/product_brand?post=7503"},{"taxonomy":"product_cat","embeddable":true,"href":"https:\/\/antcube.shop\/pl\/wp-json\/wp\/v2\/product_cat?post=7503"},{"taxonomy":"product_tag","embeddable":true,"href":"https:\/\/antcube.shop\/pl\/wp-json\/wp\/v2\/product_tag?post=7503"}],"curies":[{"name":"wp","href":"https:\/\/api.w.org\/{rel}","templated":true}]}}