{"id":7501,"date":"2024-04-04T11:27:23","date_gmt":"2024-04-04T09:27:23","guid":{"rendered":"https:\/\/antcube.shop\/product\/ant-maze-20x20-l\/"},"modified":"2026-03-30T18:32:02","modified_gmt":"2026-03-30T16:32:02","slug":"labirynt-mrowek-20x20-l","status":"publish","type":"product","link":"https:\/\/antcube.shop\/pl\/produkt\/labirynt-mrowek-20x20-l\/","title":{"rendered":"Ant Maze 20\u00d720 - L"},"content":{"rendered":"<p><strong>Wymiary:<\/strong><br \/>\n190x250x36mm <strong>wysoko\u015b\u0107 \u015bcie\u017cki:<\/strong> 20 mm <strong>szeroko\u015b\u0107 \u015bcie\u017cki:<\/strong> 10mm-15mm<\/p>\n<p><strong>Materia\u0142:<\/strong> szk\u0142o akrylowe<\/p>\n<p><strong>Kolor:<\/strong> krystalicznie czysty, przezroczysty<\/p>\n<p><strong>Tre\u015b\u0107:<\/strong><br \/>\n1x Ant Maze L z 5-krotnym regulatorem przesuwnym<\/p>\n<p><strong>Po\u0142\u0105czenie:<\/strong> 2x gniazda przy\u0142\u0105czeniowe 16 mm dla w\u0119\u017ca 20\/16 mm<\/p>\n<p><strong>Opis:<\/strong> P\u0142askie mr\u00f3wkarium z labiryntem wykonane z kilku warstwowych paneli. Labirynt dla mr\u00f3wek mo\u017cna rozbudowa\u0107 za pomoc\u0105 w\u0119\u017cy lub pod\u0142\u0105czy\u0107 do areny dla mr\u00f3wek za pomoc\u0105 zintegrowanych gniazd po\u0142\u0105czeniowych. Pi\u0119\u0107 wbudowanych suwak\u00f3w umo\u017cliwia mr\u00f3wkom otwieranie lub zamykanie r\u00f3\u017cnych \u015bcie\u017cek w labiryncie. Mo\u017ce to by\u0107 wykorzystywane na przyk\u0142ad do eksperyment\u00f3w w instytucjach edukacyjnych lub w domu, aby obserwowa\u0107, jak mr\u00f3wki znajduj\u0105 drog\u0119 i dostosowuj\u0105 si\u0119 do nagle zmieniaj\u0105cych si\u0119 tras, na przyk\u0142ad do obszar\u00f3w \u017cerowania.<\/p>\n<p><strong>Uwaga:<\/strong> Mog\u0105 wyst\u0105pi\u0107 szczeliny o szeroko\u015bci 0,5 mm.<\/p>\n<p><strong>Wskaz\u00f3wka dotycz\u0105ca gniazd przy\u0142\u0105czeniowych<\/strong><br \/>\nPrzy zak\u0142adaniu i zdejmowaniu w\u0119\u017cy nale\u017cy przestrzega\u0107 nast\u0119puj\u0105cych wskaz\u00f3wek:<br \/>\nJe\u015bli w\u0105\u017c jest bardzo trudny do zamocowania w gnie\u017adzie przy\u0142\u0105czeniowym, gniazdo nale\u017cy lekko natrze\u0107 kropl\u0105 naszego oleju lub proszku zabezpieczaj\u0105cego przed wyrwaniem. Nast\u0119pnie w\u0105\u017c nale\u017cy wsun\u0105\u0107 do gniazda za pomoc\u0105 ruch\u00f3w obrotowych lub wkr\u0119caj\u0105cych, bez obci\u0105\u017cania gniazda ruchami w g\u00f3r\u0119 i w d\u00f3\u0142. To samo dotyczy zdejmowania w\u0119\u017cy z gniazda przy\u0142\u0105czeniowego. Nie nale\u017cy go po prostu \u015bci\u0105ga\u0107!<\/p>","protected":false},"excerpt":{"rendered":"<p>Po\u0142\u0105czenie: Gniazdo 2x 16 mm<\/p>","protected":false},"featured_media":7603,"comment_status":"open","ping_status":"closed","template":"","meta":{"_acf_changed":false,"content-type":"","_monsterinsights_skip_tracking":false,"_monsterinsights_sitenote_active":false,"_monsterinsights_sitenote_note":"","_monsterinsights_sitenote_category":0},"product_brand":[],"product_cat":[257,119,239,91],"product_tag":[],"class_list":{"0":"post-7501","1":"product","2":"type-product","3":"status-publish","4":"has-post-thumbnail","6":"product_cat-new-innovatve-products","7":"product_cat-formicarium-components","8":"product_cat-useful-additions","9":"product_cat-formicarium-modules","11":"first","12":"instock","13":"taxable","14":"shipping-taxable","15":"purchasable","16":"product-type-simple"},"acf":[],"aioseo_notices":[],"jetpack_sharing_enabled":true,"_links":{"self":[{"href":"https:\/\/antcube.shop\/pl\/wp-json\/wp\/v2\/product\/7501","targetHints":{"allow":["GET"]}}],"collection":[{"href":"https:\/\/antcube.shop\/pl\/wp-json\/wp\/v2\/product"}],"about":[{"href":"https:\/\/antcube.shop\/pl\/wp-json\/wp\/v2\/types\/product"}],"replies":[{"embeddable":true,"href":"https:\/\/antcube.shop\/pl\/wp-json\/wp\/v2\/comments?post=7501"}],"wp:featuredmedia":[{"embeddable":true,"href":"https:\/\/antcube.shop\/pl\/wp-json\/wp\/v2\/media\/7603"}],"wp:attachment":[{"href":"https:\/\/antcube.shop\/pl\/wp-json\/wp\/v2\/media?parent=7501"}],"wp:term":[{"taxonomy":"product_brand","embeddable":true,"href":"https:\/\/antcube.shop\/pl\/wp-json\/wp\/v2\/product_brand?post=7501"},{"taxonomy":"product_cat","embeddable":true,"href":"https:\/\/antcube.shop\/pl\/wp-json\/wp\/v2\/product_cat?post=7501"},{"taxonomy":"product_tag","embeddable":true,"href":"https:\/\/antcube.shop\/pl\/wp-json\/wp\/v2\/product_tag?post=7501"}],"curies":[{"name":"wp","href":"https:\/\/api.w.org\/{rel}","templated":true}]}}