{"id":7495,"date":"2024-04-04T11:21:06","date_gmt":"2024-04-04T09:21:06","guid":{"rendered":"https:\/\/antcube.shop\/product\/beckenverbinder-3-4-zu-20mm-glasklar\/"},"modified":"2026-04-05T21:18:19","modified_gmt":"2026-04-05T19:18:19","slug":"zlacze-umywalkowe-3-4-do-20-mm-szklo-przezroczyste","status":"publish","type":"product","link":"https:\/\/antcube.shop\/pl\/produkt\/zlacze-umywalkowe-3-4-do-20-mm-szklo-przezroczyste\/","title":{"rendered":"Z\u0142\u0105cze umywalkowe 3\/4\u2033 do 20 mm - szk\u0142o przezroczyste"},"content":{"rendered":"<p><span data-text-color=\"alert\"><strong>Uwaga:<\/strong> <\/span>nakr\u0119tk\u0119 wymagan\u0105 do zamocowania nale\u017cy zam\u00f3wi\u0107 osobno<\/p>\n<p><strong>Ilo\u015b\u0107:<\/strong> 1 szt.<\/p>\n<p><strong>Kolor:<\/strong> glasclear<\/p>\n<p><strong>Materia\u0142:<\/strong> Plastik<\/p>\n<p><strong>Opis:<\/strong> Z\u0142\u0105czka 3\/4\" pasuje do otworu o \u015brednicy 27 mm i do rury o \u015brednicy zewn\u0119trznej 32 mm.<\/p>","protected":false},"excerpt":{"rendered":"<p>Uwaga: nakr\u0119tk\u0119 wymagan\u0105 do zamocowania nale\u017cy zam\u00f3wi\u0107 osobno Ilo\u015b\u0107: 1 szt Kolor: glasclear Materia\u0142: Plastik Opis: Ten \u0142\u0105cznik rury umywalkowej 1 1\/2 \"pasuje do otworu 50 mm i na rurze o \u015brednicy zewn\u0119trznej 50 mm.<\/p>","protected":false},"featured_media":7510,"comment_status":"open","ping_status":"closed","template":"","meta":{"_acf_changed":false,"content-type":"","_monsterinsights_skip_tracking":false,"_monsterinsights_sitenote_active":false,"_monsterinsights_sitenote_note":"","_monsterinsights_sitenote_category":0},"product_brand":[],"product_cat":[257,345,119,121],"product_tag":[],"class_list":{"0":"post-7495","1":"product","2":"type-product","3":"status-publish","4":"has-post-thumbnail","6":"product_cat-new-innovatve-products","7":"product_cat-pipe-connectors","8":"product_cat-formicarium-components","9":"product_cat-connectors","11":"first","12":"instock","13":"taxable","14":"shipping-taxable","15":"purchasable","16":"product-type-simple"},"acf":[],"aioseo_notices":[],"jetpack_sharing_enabled":true,"_links":{"self":[{"href":"https:\/\/antcube.shop\/pl\/wp-json\/wp\/v2\/product\/7495","targetHints":{"allow":["GET"]}}],"collection":[{"href":"https:\/\/antcube.shop\/pl\/wp-json\/wp\/v2\/product"}],"about":[{"href":"https:\/\/antcube.shop\/pl\/wp-json\/wp\/v2\/types\/product"}],"replies":[{"embeddable":true,"href":"https:\/\/antcube.shop\/pl\/wp-json\/wp\/v2\/comments?post=7495"}],"wp:featuredmedia":[{"embeddable":true,"href":"https:\/\/antcube.shop\/pl\/wp-json\/wp\/v2\/media\/7510"}],"wp:attachment":[{"href":"https:\/\/antcube.shop\/pl\/wp-json\/wp\/v2\/media?parent=7495"}],"wp:term":[{"taxonomy":"product_brand","embeddable":true,"href":"https:\/\/antcube.shop\/pl\/wp-json\/wp\/v2\/product_brand?post=7495"},{"taxonomy":"product_cat","embeddable":true,"href":"https:\/\/antcube.shop\/pl\/wp-json\/wp\/v2\/product_cat?post=7495"},{"taxonomy":"product_tag","embeddable":true,"href":"https:\/\/antcube.shop\/pl\/wp-json\/wp\/v2\/product_tag?post=7495"}],"curies":[{"name":"wp","href":"https:\/\/api.w.org\/{rel}","templated":true}]}}