{"id":6739,"date":"2023-12-12T15:09:04","date_gmt":"2023-12-12T14:09:04","guid":{"rendered":"https:\/\/antcube.shop\/product\/ameisenarena-abdeckung-60x30\/"},"modified":"2026-04-13T10:48:44","modified_gmt":"2026-04-13T08:48:44","slug":"mrowcza-arena-o-wymiarach-60x30","status":"publish","type":"product","link":"https:\/\/antcube.shop\/pl\/produkt\/mrowcza-arena-o-wymiarach-60x30\/","title":{"rendered":"Arena dla mr\u00f3wek o wymiarach 60\u00d730"},"content":{"rendered":"<p><strong>Wymiary (LxWxH):<\/strong> 60x30x0,4 cm<\/p>\n<p><strong>Materia\u0142:<\/strong> Szk\u0142o float<\/p>\n<p><strong>Kolor:<\/strong> bezbarwny \/ przezroczysty<\/p>\n<p><strong>Tre\u015b\u0107:<\/strong><br \/>\n1x Os\u0142ona areny mr\u00f3wek<br \/>\n1x punkty mocowania 4 szt.<\/p>\n<p><strong>Opis:<\/strong><br \/>\nSzklana os\u0142ona areny dla mr\u00f3wek jako ochrona przed ucieczk\u0105<\/p>\n<p><strong>Jak u\u017cywa\u0107:<\/strong><br \/>\nSzklana os\u0142ona mrowiska mo\u017ce by\u0107 umieszczona na mrowisku w celu ochrony przed ucieczk\u0105 i regulacji klimatu.<br \/>\nW otworach 50 mm mo\u017cna umie\u015bci\u0107 r\u00f3\u017cne modu\u0142y do sterowania klimatem, np. kratki wentylacyjne, o\u015bwietlenie lub nawil\u017canie.<br \/>\nAby zapobiec wydostawaniu si\u0119 mr\u00f3wek przez otwory, na sp\u00f3d wok\u00f3\u0142 otwor\u00f3w nale\u017cy na\u0142o\u017cy\u0107 \u015brodek zabezpieczaj\u0105cy przed wy\u0142amaniem (olej, proszek lub lakier).<\/p>\n<p><strong>Uwaga:<\/strong><br \/>\nPoniewa\u017c artyku\u0142 jest wykonany ze szk\u0142a i dlatego jest delikatny, nale\u017cy obchodzi\u0107 si\u0119 z nim bardzo ostro\u017cnie.<\/p>","protected":false},"excerpt":{"rendered":"<p>Szklana pokrywa do areny dla mr\u00f3wek jako ochrona przed ucieczk\u0105<\/p>","protected":false},"featured_media":6730,"comment_status":"open","ping_status":"closed","template":"","meta":{"_acf_changed":false,"content-type":"","_monsterinsights_skip_tracking":false,"_monsterinsights_sitenote_active":false,"_monsterinsights_sitenote_note":"","_monsterinsights_sitenote_category":0},"product_brand":[],"product_cat":[91,92],"product_tag":[],"class_list":{"0":"post-6739","1":"product","2":"type-product","3":"status-publish","4":"has-post-thumbnail","6":"product_cat-formicarium-modules","7":"product_cat-arena-cover","9":"first","10":"instock","11":"taxable","12":"shipping-taxable","13":"purchasable","14":"product-type-simple"},"acf":[],"aioseo_notices":[],"jetpack_sharing_enabled":true,"_links":{"self":[{"href":"https:\/\/antcube.shop\/pl\/wp-json\/wp\/v2\/product\/6739","targetHints":{"allow":["GET"]}}],"collection":[{"href":"https:\/\/antcube.shop\/pl\/wp-json\/wp\/v2\/product"}],"about":[{"href":"https:\/\/antcube.shop\/pl\/wp-json\/wp\/v2\/types\/product"}],"replies":[{"embeddable":true,"href":"https:\/\/antcube.shop\/pl\/wp-json\/wp\/v2\/comments?post=6739"}],"wp:featuredmedia":[{"embeddable":true,"href":"https:\/\/antcube.shop\/pl\/wp-json\/wp\/v2\/media\/6730"}],"wp:attachment":[{"href":"https:\/\/antcube.shop\/pl\/wp-json\/wp\/v2\/media?parent=6739"}],"wp:term":[{"taxonomy":"product_brand","embeddable":true,"href":"https:\/\/antcube.shop\/pl\/wp-json\/wp\/v2\/product_brand?post=6739"},{"taxonomy":"product_cat","embeddable":true,"href":"https:\/\/antcube.shop\/pl\/wp-json\/wp\/v2\/product_cat?post=6739"},{"taxonomy":"product_tag","embeddable":true,"href":"https:\/\/antcube.shop\/pl\/wp-json\/wp\/v2\/product_tag?post=6739"}],"curies":[{"name":"wp","href":"https:\/\/api.w.org\/{rel}","templated":true}]}}