{"id":6738,"date":"2023-12-12T15:03:31","date_gmt":"2023-12-12T14:03:31","guid":{"rendered":"https:\/\/antcube.shop\/product\/rahmen-fur-schiebetur\/"},"modified":"2026-04-01T13:28:15","modified_gmt":"2026-04-01T11:28:15","slug":"rama-do-drzwi-przesuwnych","status":"publish","type":"product","link":"https:\/\/antcube.shop\/pl\/produkt\/rama-do-drzwi-przesuwnych\/","title":{"rendered":"Rama do drzwi przesuwnych"},"content":{"rendered":"<p><strong>Wymiary:<\/strong> 250x 270x 20mm<\/p>\n<p><strong>Materia\u0142:<\/strong> PMMA<\/p>\n<p><strong>Zawarto\u015b\u0107:<\/strong><br \/>\n1x rama<br \/>\n4x paski boczne<br \/>\n4x \u015bruby z \u0142bem sto\u017ckowym M4 20mm<\/p>\n<p><strong>Kolor:<\/strong> Krystalicznie czysty<\/p>\n<p><strong>Opis:<\/strong><br \/>\nDok\u0142adnie dopasowana rama zabezpieczaj\u0105ca przed wy\u0142amaniem do naszych formikari\u00f3w z drzwiami przesuwnymi 30x30x60.<\/p>\n<p><strong>Za\u0142\u0105cznik:<\/strong><br \/>\nMo\u017ce by\u0107 nak\u0142adana bezpo\u015brednio na \u015brub\u0119 ju\u017c obecn\u0105 w formikarium z drzwiami przesuwnymi.<\/p>","protected":false},"excerpt":{"rendered":"<p>Rama akrylowa jako ochrona przed wybuchem dla drzwi przesuwnych ANTCUBE Formicarium<\/p>","protected":false},"featured_media":6716,"comment_status":"open","ping_status":"closed","template":"","meta":{"_acf_changed":false,"content-type":"","_monsterinsights_skip_tracking":false,"_monsterinsights_sitenote_active":false,"_monsterinsights_sitenote_note":"","_monsterinsights_sitenote_category":0},"product_brand":[],"product_cat":[91,93],"product_tag":[],"class_list":{"0":"post-6738","1":"product","2":"type-product","3":"status-publish","4":"has-post-thumbnail","6":"product_cat-formicarium-modules","7":"product_cat-arena-frame","9":"first","10":"outofstock","11":"taxable","12":"shipping-taxable","13":"purchasable","14":"product-type-simple"},"acf":[],"aioseo_notices":[],"jetpack_sharing_enabled":true,"_links":{"self":[{"href":"https:\/\/antcube.shop\/pl\/wp-json\/wp\/v2\/product\/6738","targetHints":{"allow":["GET"]}}],"collection":[{"href":"https:\/\/antcube.shop\/pl\/wp-json\/wp\/v2\/product"}],"about":[{"href":"https:\/\/antcube.shop\/pl\/wp-json\/wp\/v2\/types\/product"}],"replies":[{"embeddable":true,"href":"https:\/\/antcube.shop\/pl\/wp-json\/wp\/v2\/comments?post=6738"}],"wp:featuredmedia":[{"embeddable":true,"href":"https:\/\/antcube.shop\/pl\/wp-json\/wp\/v2\/media\/6716"}],"wp:attachment":[{"href":"https:\/\/antcube.shop\/pl\/wp-json\/wp\/v2\/media?parent=6738"}],"wp:term":[{"taxonomy":"product_brand","embeddable":true,"href":"https:\/\/antcube.shop\/pl\/wp-json\/wp\/v2\/product_brand?post=6738"},{"taxonomy":"product_cat","embeddable":true,"href":"https:\/\/antcube.shop\/pl\/wp-json\/wp\/v2\/product_cat?post=6738"},{"taxonomy":"product_tag","embeddable":true,"href":"https:\/\/antcube.shop\/pl\/wp-json\/wp\/v2\/product_tag?post=6738"}],"curies":[{"name":"wp","href":"https:\/\/api.w.org\/{rel}","templated":true}]}}