{"id":6737,"date":"2023-12-12T15:03:25","date_gmt":"2023-12-12T14:03:25","guid":{"rendered":"https:\/\/antcube.shop\/product\/antcube-starter-set-fur-weberameisen-gros\/"},"modified":"2026-04-15T13:37:57","modified_gmt":"2026-04-15T11:37:57","slug":"zestaw-startowy-dla-mrowek-tkaczek-duzy","status":"publish","type":"product","link":"https:\/\/antcube.shop\/pl\/produkt\/zestaw-startowy-dla-mrowek-tkaczek-duzy\/","title":{"rendered":"ANTCUBE - Zestaw startowy dla mr\u00f3wek tkaczek - du\u017cy"},"content":{"rendered":"<p><span data-text-color=\"alert\"><strong>Wysy\u0142ka mo\u017cliwa tylko za po\u015brednictwem spedycji na palecie.<\/strong><\/span><\/p>\n<p><strong>Zawarto\u015b\u0107:<\/strong><br \/>\n1x ANTCUBE Arena 30x30x60 z przesuwanymi drzwiami<br \/>\n1x rama areny mr\u00f3wek 30\u00d730<br \/>\n1x os\u0142ona areny mr\u00f3wek 30\u00d730<br \/>\n1x punkt mocowania pokrywy areny (4 szt.)<\/p>\n<p>1x rama do drzwi przesuwnych<br \/>\n1x butelka z rozpylaczem 0,5 litra - mosi\u0119\u017cna dysza<br \/>\n1x Tylna \u015bciana fotograficzna - las deszczowy - 30\u00d760 - wysoka<br \/>\n1x Podstawa formikarium 30\u00d730 cm<br \/>\n1x pod\u0142o\u017ce rainforest 1 kg<\/p>\n<p>7x Grid insert acrylic &#8211; 50 mm with sealing ring<br \/>\n1x drinking clear 5ml &#8211; sponge<br \/>\n1x Feeding dish white rectangle &#8211; 3 compartments<br \/>\n1x Drinking trough 2ml &#8211; 360 Degrees<br \/>\n1x p\u0119seta ze stali spr\u0119\u017cynowej szeroka - mi\u0119kka<br \/>\n1x Plastikowa pinceta standardowa<br \/>\n1x Olej chroni\u0105cy przed ogniskami mr\u00f3wek<br \/>\n1x lupa r\u0119czna - 2x - 30mm<br \/>\n1x wycieraczka piankowa 150x18x2,5mm<\/p>\n<p><strong>Can be ordered with shipping by forwarding agent on pallet in our second store ANTCUBE:<\/strong><\/p>\n<blockquote class=\"wp-embedded-content\" data-secret=\"ej6pTCxvgs\"><p><a href=\"https:\/\/antcube.shop\/product\/starter-set-for-weaver-ants-large\/\">ANTCUBE - Zestaw startowy dla mr\u00f3wek tkaczek - du\u017cy<\/a><\/p><\/blockquote>\n<p><iframe loading=\"lazy\" class=\"wp-embedded-content\" sandbox=\"allow-scripts\" security=\"restricted\" style=\"position: absolute; visibility: hidden;\" title=\"&#8222;ANTCUBE &#8211; Starter set for weaver ants &#8211; large&#8220; &#8211; ANTCUBE\" src=\"https:\/\/antcube.shop\/product\/starter-set-for-weaver-ants-large\/embed\/#?secret=8EE7Sy4tG2#?secret=ej6pTCxvgs\" data-secret=\"ej6pTCxvgs\" width=\"600\" height=\"338\" frameborder=\"0\" marginwidth=\"0\" marginheight=\"0\" scrolling=\"no\"><\/iframe><\/p>\n<p><strong>Opis:<\/strong><br \/>\nTen rozszerzalny zestaw startowy, przeznaczony specjalnie dla r\u00f3\u017cnych gatunk\u00f3w mr\u00f3wek tkaczy, takich jak Polyrhachis spec. lub Oecophylla spec., zawiera nie tylko optymalnie dostosowane formikarium, ale tak\u017ce odpowiednie akcesoria do hodowli tego gatunku mr\u00f3wek.<\/p>\n<p>The sliding door in the front (opening 150x200mm) facilitates the work in the formicarium, even with large colonies or planting of the formicarium with a host plant for example Oecophylla smaragdina. Additional formicariums can be connected via the two 50mm holes on the side. The stainless steel grid inserts provide good ventilation and are robust against mechanical impact. If necessary, the humidity can be increased with the spray bottle. The drinker clear 5ml &#8211; sponge is intended for the supply of fresh water, the drinker 2ml &#8211; 360 degrees for honey or sugar solution.<\/p>\n<p><strong>Wa\u017cne: <\/strong>Przed u\u017cyciem nale\u017cy zwil\u017cy\u0107 pod\u0142o\u017ce, aby mieszanka mog\u0142a si\u0119 po\u0142\u0105czy\u0107 i mocno osadzi\u0107 w mr\u00f3wczej hodowli. Ponadto zbyt suche i zakurzone pod\u0142o\u017ce mo\u017ce doprowadzi\u0107 do zablokowania dr\u00f3g oddechowych mr\u00f3wek, a w najgorszym wypadku do uduszenia si\u0119 zwierz\u0105t.<\/p>\n<p><strong>Wa\u017cna uwaga dotycz\u0105ca ramy drzwi przesuwnych:<\/strong><br \/>\nRam\u0119 mo\u017cna \u0142atwo przymocowa\u0107 do \u015brub przymocowanych do szyn drzwi przesuwnych. W tym celu nale\u017cy ostro\u017cnie poluzowa\u0107 <strong>tylko<\/strong> nakr\u0119tki wewn\u0105trz. Wymagany jest ma\u0142y \u015brubokr\u0119t krzy\u017cakowy. Z\u0142\u00f3\u017c ram\u0119 i zawie\u015b wewn\u0105trz na \u015brubach. Nast\u0119pnie ostro\u017cnie przykr\u0119\u0107 nakr\u0119tki i <strong>under no circumstances turn too tightly<\/strong>, otherwise the glass may be damaged.<\/p>\n<p><u><strong>Uwagi dotycz\u0105ce produkcji<\/strong><\/u><br \/>\nSzk\u0142o jest ci\u0119te zgodnie z norm\u0105 DIN 1249 z tolerancj\u0105 +\/- 1 mm. W przypadku wyj\u0105tkowo ma\u0142ych gatunk\u00f3w mr\u00f3wek konieczne jest dodatkowe zabezpieczenie przed wy\u0142amaniem.<\/p>","protected":false},"excerpt":{"rendered":"<p>The set consists of 22 parts.<br \/>\nWielko\u015b\u0107: <span style=\"color: #ed1c24;\"><strong>XL<\/strong><\/span><\/p>","protected":false},"featured_media":6710,"comment_status":"open","ping_status":"closed","template":"","meta":{"_acf_changed":false,"content-type":"","_monsterinsights_skip_tracking":false,"_monsterinsights_sitenote_active":false,"_monsterinsights_sitenote_note":"","_monsterinsights_sitenote_category":0},"product_brand":[],"product_cat":[354,73],"product_tag":[],"class_list":{"0":"post-6737","1":"product","2":"type-product","3":"status-publish","4":"has-post-thumbnail","6":"product_cat-starter-sets-for-weaver-ants","7":"product_cat-starter-sets","8":"product_shipping_class-forwarding-on-pallet","10":"first","11":"instock","12":"taxable","13":"shipping-taxable","14":"purchasable","15":"product-type-simple"},"acf":[],"aioseo_notices":[],"jetpack_sharing_enabled":true,"_links":{"self":[{"href":"https:\/\/antcube.shop\/pl\/wp-json\/wp\/v2\/product\/6737","targetHints":{"allow":["GET"]}}],"collection":[{"href":"https:\/\/antcube.shop\/pl\/wp-json\/wp\/v2\/product"}],"about":[{"href":"https:\/\/antcube.shop\/pl\/wp-json\/wp\/v2\/types\/product"}],"replies":[{"embeddable":true,"href":"https:\/\/antcube.shop\/pl\/wp-json\/wp\/v2\/comments?post=6737"}],"wp:featuredmedia":[{"embeddable":true,"href":"https:\/\/antcube.shop\/pl\/wp-json\/wp\/v2\/media\/6710"}],"wp:attachment":[{"href":"https:\/\/antcube.shop\/pl\/wp-json\/wp\/v2\/media?parent=6737"}],"wp:term":[{"taxonomy":"product_brand","embeddable":true,"href":"https:\/\/antcube.shop\/pl\/wp-json\/wp\/v2\/product_brand?post=6737"},{"taxonomy":"product_cat","embeddable":true,"href":"https:\/\/antcube.shop\/pl\/wp-json\/wp\/v2\/product_cat?post=6737"},{"taxonomy":"product_tag","embeddable":true,"href":"https:\/\/antcube.shop\/pl\/wp-json\/wp\/v2\/product_tag?post=6737"}],"curies":[{"name":"wp","href":"https:\/\/api.w.org\/{rel}","templated":true}]}}