{"id":6736,"date":"2023-12-12T15:03:19","date_gmt":"2023-12-12T14:03:19","guid":{"rendered":"https:\/\/antcube.shop\/product\/antcube-arena-30x30x60-mit-schiebetur\/"},"modified":"2026-03-17T08:11:00","modified_gmt":"2026-03-17T07:11:00","slug":"antcube-arena-30x30x60-z-przesuwanymi-drzwiami","status":"publish","type":"product","link":"https:\/\/antcube.shop\/pl\/produkt\/antcube-arena-30x30x60-z-przesuwanymi-drzwiami\/","title":{"rendered":"ANTCUBE Arena 30x30x60 z przesuwanymi drzwiami"},"content":{"rendered":"<p><span data-text-color=\"alert\"><strong>Wysy\u0142ka mo\u017cliwa tylko za po\u015brednictwem spedycji na palecie.<\/strong><\/span><\/p>\n<p>ANTCUBE Arena 30x30x60 cm z przesuwanymi drzwiami i otworem 2x 50 mm.<\/p>\n<p><strong>Wymiary:<\/strong> 300 x 300 x 600 mm; grubo\u015b\u0107 szk\u0142a 4 mm.<br \/>\n<strong>Materia\u0142:<\/strong> szk\u0142o float<br \/>\n<strong>Po\u0142\u0105czenie:<\/strong> 2x otw\u00f3r 50 mm<\/p>\n<p><strong>Otwieranie z przodu (drzwi przesuwne):<\/strong> 150\u00d7200 mm<\/p>\n<p><strong>Opis:<\/strong> Nasz ANTCUBE Arena 30x30x60 z przesuwanymi drzwiami zosta\u0142 zaprojektowany do wygodnej pracy nawet w pe\u0142nych formikariach. S\u0105 one szczeg\u00f3lnie przydatne jako formikarium dla mr\u00f3wek tkaczy (Polyrhachis i Oeacophylla), poniewa\u017c lubi\u0105 one budowa\u0107 wysoko lub potrzebuj\u0105 ro\u015bliny \u017cywicielskiej. W naszych regularnych arenach 30x30x60 mo\u017ce by\u0107 trudno usun\u0105\u0107 na przyk\u0142ad odpady zwierz\u0105t na dnie formikarium. W tym specjalnie przystosowanym zbiorniku nie stanowi to ju\u017c problemu. R\u00f3wnie\u017c w przypadku basen\u00f3w do karmienia mr\u00f3wek Acromyrmex lub Atta drzwi przesuwne s\u0105 bardzo praktyczne, poniewa\u017c resztki ro\u015blin i inne odpady mog\u0105 by\u0107 wygodnie usuwane. Ponadto, dost\u0119pna oddzielnie rama drzwi przesuwnych (nr art. 1005648) mo\u017ce by\u0107 u\u017cywana do zapobiegania ucieczce zwierz\u0105t podczas pracy. W przypadku zwyk\u0142ego otwierania od g\u00f3ry, rama zabezpieczaj\u0105ca przed wy\u0142amaniem 30\u00d730 i os\u0142ona areny 30\u00d730 s\u0105 r\u00f3wnie\u017c dost\u0119pne osobno.<\/p>\n<p><strong>Uwaga:<\/strong> Szk\u0142o jest ci\u0119te zgodnie z DIN 1249 z tolerancj\u0105 +\/- 1mm. W przypadku wyj\u0105tkowo ma\u0142ych gatunk\u00f3w mr\u00f3wek konieczna jest dodatkowa ochrona przed wy\u0142amaniem.<\/p>","protected":false},"excerpt":{"rendered":"<p><strong>Po\u0142\u0105czenie:<\/strong> 2x otw\u00f3r 50 mm<\/p>","protected":false},"featured_media":6727,"comment_status":"open","ping_status":"closed","template":"","meta":{"_acf_changed":false,"content-type":"","_monsterinsights_skip_tracking":false,"_monsterinsights_sitenote_active":false,"_monsterinsights_sitenote_note":"","_monsterinsights_sitenote_category":0},"product_brand":[],"product_cat":[85,86],"product_tag":[],"class_list":{"0":"post-6736","1":"product","2":"type-product","3":"status-publish","4":"has-post-thumbnail","6":"product_cat-ant-arenas","7":"product_cat-formicariums","8":"product_shipping_class-forwarding-on-pallet","10":"first","11":"instock","12":"taxable","13":"shipping-taxable","14":"purchasable","15":"product-type-simple"},"acf":[],"aioseo_notices":[],"jetpack_sharing_enabled":true,"_links":{"self":[{"href":"https:\/\/antcube.shop\/pl\/wp-json\/wp\/v2\/product\/6736","targetHints":{"allow":["GET"]}}],"collection":[{"href":"https:\/\/antcube.shop\/pl\/wp-json\/wp\/v2\/product"}],"about":[{"href":"https:\/\/antcube.shop\/pl\/wp-json\/wp\/v2\/types\/product"}],"replies":[{"embeddable":true,"href":"https:\/\/antcube.shop\/pl\/wp-json\/wp\/v2\/comments?post=6736"}],"wp:featuredmedia":[{"embeddable":true,"href":"https:\/\/antcube.shop\/pl\/wp-json\/wp\/v2\/media\/6727"}],"wp:attachment":[{"href":"https:\/\/antcube.shop\/pl\/wp-json\/wp\/v2\/media?parent=6736"}],"wp:term":[{"taxonomy":"product_brand","embeddable":true,"href":"https:\/\/antcube.shop\/pl\/wp-json\/wp\/v2\/product_brand?post=6736"},{"taxonomy":"product_cat","embeddable":true,"href":"https:\/\/antcube.shop\/pl\/wp-json\/wp\/v2\/product_cat?post=6736"},{"taxonomy":"product_tag","embeddable":true,"href":"https:\/\/antcube.shop\/pl\/wp-json\/wp\/v2\/product_tag?post=6736"}],"curies":[{"name":"wp","href":"https:\/\/api.w.org\/{rel}","templated":true}]}}