{"id":6668,"date":"2023-12-05T14:03:20","date_gmt":"2023-12-05T13:03:20","guid":{"rendered":"https:\/\/antcube.shop\/product\/arena-hochstand-20x20cm\/"},"modified":"2026-03-31T09:51:32","modified_gmt":"2026-03-31T07:51:32","slug":"wysoka-podstawka-arena-20x20cm","status":"publish","type":"product","link":"https:\/\/antcube.shop\/pl\/produkt\/wysoka-podstawka-arena-20x20cm\/","title":{"rendered":"Wysoki stojak Arena 20x20cm"},"content":{"rendered":"<div class=\"tab-body active\">\n<p><strong>Wymiary:<\/strong> 20x20x10<\/p>\n<p><strong>Materia\u0142: <\/strong>PMMA<\/p>\n<p><strong>Kolor: <\/strong>krystalicznie czysty, p\u00f3\u0142przezroczysty, przezroczysty<\/p>\n<p><strong>Zawarto\u015b\u0107:<\/strong><br \/>\n4x wysoka podstawa<br \/>\n2x z przodu i z ty\u0142u z logo<br \/>\n2x cz\u0119\u015b\u0107 boczna bez logo<\/p>\n<p><strong>Uwaga:<\/strong> Cz\u0119\u015bci s\u0105 dostarczane jako zestaw lub system wtykowy. Nie jest konieczne klejenie.<\/p>\n<p><span data-text-color=\"alert\"><strong>UWAGA:<\/strong><\/span> Nale\u017cy ostro\u017cnie montowa\u0107 cz\u0119\u015bci, poniewa\u017c niekt\u00f3re po\u0142\u0105czenia s\u0105 delikatne.<\/p>\n<p><strong>Opis:<\/strong> Wysoki stojak na mrowiska zosta\u0142 opracowany w celu umo\u017cliwienia umieszczenia mrowisk ANTCUBE na wysoko\u015bci odpowiadaj\u0105cej wysoko\u015bci po\u0142\u0105czenia z farmami mr\u00f3wek. Umo\u017cliwia to korzystanie z formikarium w spos\u00f3b znacznie oszcz\u0119dzaj\u0105cy miejsce, z kr\u00f3tszym kawa\u0142kiem rurki jako po\u0142\u0105czeniem mi\u0119dzy hodowl\u0105 mr\u00f3wek a aren\u0105 mr\u00f3wek. Umo\u017cliwia to r\u00f3wnie\u017c wykorzystanie naszych krystalicznie czystych akrylowych rurek dla mr\u00f3wek jako po\u0142\u0105czenia bez konieczno\u015bci pracy z kolankami.<\/p>\n<p><strong>Zastosowanie:<\/strong> dla areny mr\u00f3wek z <strong>powierzchnia pod\u0142ogi 20x20cm<\/strong><\/p>\n<\/div>","protected":false},"excerpt":{"rendered":"<p>Dla areny dla mr\u00f3wek o powierzchni pod\u0142ogi 20x20cm<\/p>","protected":false},"featured_media":6586,"comment_status":"open","ping_status":"closed","template":"","meta":{"_acf_changed":false,"content-type":"","_monsterinsights_skip_tracking":false,"_monsterinsights_sitenote_active":false,"_monsterinsights_sitenote_note":"","_monsterinsights_sitenote_category":0},"product_brand":[],"product_cat":[119,239],"product_tag":[],"class_list":{"0":"post-6668","1":"product","2":"type-product","3":"status-publish","4":"has-post-thumbnail","6":"product_cat-formicarium-components","7":"product_cat-useful-additions","9":"first","10":"instock","11":"taxable","12":"shipping-taxable","13":"purchasable","14":"product-type-simple"},"acf":[],"aioseo_notices":[],"jetpack_sharing_enabled":true,"_links":{"self":[{"href":"https:\/\/antcube.shop\/pl\/wp-json\/wp\/v2\/product\/6668","targetHints":{"allow":["GET"]}}],"collection":[{"href":"https:\/\/antcube.shop\/pl\/wp-json\/wp\/v2\/product"}],"about":[{"href":"https:\/\/antcube.shop\/pl\/wp-json\/wp\/v2\/types\/product"}],"replies":[{"embeddable":true,"href":"https:\/\/antcube.shop\/pl\/wp-json\/wp\/v2\/comments?post=6668"}],"wp:featuredmedia":[{"embeddable":true,"href":"https:\/\/antcube.shop\/pl\/wp-json\/wp\/v2\/media\/6586"}],"wp:attachment":[{"href":"https:\/\/antcube.shop\/pl\/wp-json\/wp\/v2\/media?parent=6668"}],"wp:term":[{"taxonomy":"product_brand","embeddable":true,"href":"https:\/\/antcube.shop\/pl\/wp-json\/wp\/v2\/product_brand?post=6668"},{"taxonomy":"product_cat","embeddable":true,"href":"https:\/\/antcube.shop\/pl\/wp-json\/wp\/v2\/product_cat?post=6668"},{"taxonomy":"product_tag","embeddable":true,"href":"https:\/\/antcube.shop\/pl\/wp-json\/wp\/v2\/product_tag?post=6668"}],"curies":[{"name":"wp","href":"https:\/\/api.w.org\/{rel}","templated":true}]}}