{"id":6581,"date":"2023-12-04T13:54:37","date_gmt":"2023-12-04T12:54:37","guid":{"rendered":"https:\/\/antcube.shop\/product\/humidity-control-ii-timer\/"},"modified":"2026-04-02T12:12:11","modified_gmt":"2026-04-02T10:12:11","slug":"kontrola-wilgotnosci-ii-timer","status":"publish","type":"product","link":"https:\/\/antcube.shop\/pl\/produkt\/kontrola-wilgotnosci-ii-timer\/","title":{"rendered":"Kontrola wilgotno\u015bci II + Timer"},"content":{"rendered":"<p><strong>Opis:<\/strong> Humidity Control 2 to cyfrowy higrostat, kt\u00f3ry nie pozostawia nic do \u017cyczenia w niespotykanej dot\u0105d cenie.<br \/>\nPosiada dwa obwody, kt\u00f3re umo\u017cliwiaj\u0105 r\u00f3\u017cne ustawienia dla dnia i nocy. Zegar czasu rzeczywistego jest zintegrowany z urz\u0105dzeniem, dzi\u0119ki czemu prze\u0142\u0105czanie mi\u0119dzy dniem a noc\u0105 odbywa si\u0119 elastycznie za pomoc\u0105 czasu. Zintegrowany jest r\u00f3wnie\u017c zegar, umo\u017cliwiaj\u0105cy ustawienie dw\u00f3ch czas\u00f3w w\u0142\u0105czenia\/wy\u0142\u0105czenia za pomoc\u0105 zegara. Najmniejszy okres czasu to jedna minuta.<br \/>\nInne funkcje obejmuj\u0105 funkcj\u0119 alarmu (wizualnego i d\u017awi\u0119kowego), opcj\u0119 prze\u0142\u0105czania z trybu nawil\u017cacza na tryb osuszacza, np. do u\u017cytku z wentylatorami, oraz opcj\u0119 wp\u0142ywania na tryb prze\u0142\u0105czania higrostatu. Mo\u017cna zdefiniowa\u0107 odchylenie, przy kt\u00f3rym higrostat si\u0119 prze\u0142\u0105cza. Na przyk\u0142ad mo\u017cna wybra\u0107 warto\u015b\u0107 15, co oznacza, \u017ce nawil\u017cacz jest w\u0142\u0105czany tylko wtedy, gdy zmierzona wilgotno\u015b\u0107 jest o 15% ni\u017csza od warto\u015bci zadanej. Mo\u017ce to by\u0107 przydatne, aby zapobiec ci\u0105g\u0142emu w\u0142\u0105czaniu i wy\u0142\u0105czaniu nawil\u017cacza, poniewa\u017c wilgotno\u015b\u0107 r\u00f3wnie\u017c ulega wahaniom.<br \/>\nUrz\u0105dzenia s\u0105 pod\u0142\u0105czane za pomoc\u0105 z\u0142\u0105czy Schuko. Maksymalna moc prze\u0142\u0105czania wynosi 1000 W. Wy\u015bwietlacz stale pokazuje zmierzon\u0105 wilgotno\u015b\u0107. Zakres wynosi od 1 do 99%.<\/p>\n<p>- Dwa obwody dla r\u00f3\u017cnych ustawie\u0144 wilgotno\u015bci w dzie\u0144 i w nocy<br \/>\n- Zegar czasu rzeczywistego, pory dnia s\u0105 definiowane przez czas<br \/>\n- Zintegrowany zegar<br \/>\n- Sta\u0142y wska\u017anik wilgotno\u015bci<br \/>\n- Urz\u0105dzenie mo\u017cna prze\u0142\u0105cza\u0107 mi\u0119dzy trybem nawil\u017cania i osuszania.<br \/>\n- Funkcja alarmu w przypadku odchylenia (regulowana w zakresie od 1% do 50% wilgotno\u015bci wzgl\u0119dnej)<br \/>\n- Precyzyjny czujnik zdalny<br \/>\n- Gniazda z uziemieniem<br \/>\n- Wydajno\u015b\u0107 prze\u0142\u0105czania maks. 1000<\/p>","protected":false},"excerpt":{"rendered":"<p>Opis: Humidity Control 2 to cyfrowy higrostat, kt\u00f3ry nie pozostawia nic do \u017cyczenia w niespotykanej dot\u0105d cenie. Posiada dwa obwody, kt\u00f3re umo\u017cliwiaj\u0105 r\u00f3\u017cne ustawienia dla dnia i nocy. Zegar czasu rzeczywistego jest zintegrowany z urz\u0105dzeniem, dzi\u0119ki czemu prze\u0142\u0105czanie mi\u0119dzy dniem a noc\u0105 odbywa si\u0119 elastycznie za pomoc\u0105 czasu. Zegar jest","protected":false},"featured_media":6602,"comment_status":"open","ping_status":"closed","template":"","meta":{"_acf_changed":false,"content-type":"","_monsterinsights_skip_tracking":false,"_monsterinsights_sitenote_active":false,"_monsterinsights_sitenote_note":"","_monsterinsights_sitenote_category":0},"product_brand":[],"product_cat":[359,119],"product_tag":[],"class_list":{"0":"post-6581","1":"product","2":"type-product","3":"status-publish","4":"has-post-thumbnail","6":"product_cat-light-heat-humidity","7":"product_cat-formicarium-components","9":"first","10":"instock","11":"taxable","12":"shipping-taxable","13":"purchasable","14":"product-type-simple"},"acf":[],"aioseo_notices":[],"jetpack_sharing_enabled":true,"_links":{"self":[{"href":"https:\/\/antcube.shop\/pl\/wp-json\/wp\/v2\/product\/6581","targetHints":{"allow":["GET"]}}],"collection":[{"href":"https:\/\/antcube.shop\/pl\/wp-json\/wp\/v2\/product"}],"about":[{"href":"https:\/\/antcube.shop\/pl\/wp-json\/wp\/v2\/types\/product"}],"replies":[{"embeddable":true,"href":"https:\/\/antcube.shop\/pl\/wp-json\/wp\/v2\/comments?post=6581"}],"wp:featuredmedia":[{"embeddable":true,"href":"https:\/\/antcube.shop\/pl\/wp-json\/wp\/v2\/media\/6602"}],"wp:attachment":[{"href":"https:\/\/antcube.shop\/pl\/wp-json\/wp\/v2\/media?parent=6581"}],"wp:term":[{"taxonomy":"product_brand","embeddable":true,"href":"https:\/\/antcube.shop\/pl\/wp-json\/wp\/v2\/product_brand?post=6581"},{"taxonomy":"product_cat","embeddable":true,"href":"https:\/\/antcube.shop\/pl\/wp-json\/wp\/v2\/product_cat?post=6581"},{"taxonomy":"product_tag","embeddable":true,"href":"https:\/\/antcube.shop\/pl\/wp-json\/wp\/v2\/product_tag?post=6581"}],"curies":[{"name":"wp","href":"https:\/\/api.w.org\/{rel}","templated":true}]}}