{"id":6580,"date":"2023-12-04T13:54:31","date_gmt":"2023-12-04T12:54:31","guid":{"rendered":"https:\/\/antcube.shop\/product\/thermo-control-pro-ii\/"},"modified":"2026-02-14T18:04:10","modified_gmt":"2026-02-14T17:04:10","slug":"thermo-control-pro-ii","status":"publish","type":"product","link":"https:\/\/antcube.shop\/pl\/produkt\/thermo-control-pro-ii\/","title":{"rendered":"Thermo Control Pro II"},"content":{"rendered":"<p><strong>Opis:<\/strong> Thermo Control PRO II jest rozwini\u0119ciem modelu Thermo Control II. G\u0142\u00f3wne r\u00f3\u017cnice to zegar czasu rzeczywistego i dwa obiegi temperatury, dzi\u0119ki czemu mo\u017cna ustawi\u0107 r\u00f3\u017cne temperatury dla dnia i nocy. Prze\u0142\u0105czanie mi\u0119dzy trybem dziennym i nocnym jest sterowane czasowo.<br \/>\nW przeciwie\u0144stwie do Thermo Control II, w tym modelu czas mo\u017cna ustawi\u0107 w jednostkach minut. Istniej\u0105 dwa mo\u017cliwe czasy w\u0142\u0105czenia\/wy\u0142\u0105czenia.<br \/>\nPonadto urz\u0105dzenie mo\u017cna prze\u0142\u0105cza\u0107 mi\u0119dzy trybem ogrzewania i ch\u0142odzenia, np. w celu obs\u0142ugi wentylator\u00f3w. Po osi\u0105gni\u0119ciu ustawionej temperatury termostat w\u0142\u0105cza si\u0119 zamiast wy\u0142\u0105cza\u0107.<br \/>\nMaksymalna moc prze\u0142\u0105czania wynosi 1000 W. Zakres temperatur od 0-50\u00b0C.<\/p>\n<p>- Dwa obwody prze\u0142\u0105czaj\u0105ce dla r\u00f3\u017cnych ustawie\u0144 dziennych i nocnych<br \/>\n- Zegar czasu rzeczywistego, pory dnia s\u0105 definiowane przez czas<br \/>\n- Zintegrowany zegar<br \/>\n- Sta\u0142y wy\u015bwietlacz temperatury<br \/>\n- Mo\u017cliwo\u015b\u0107 prze\u0142\u0105czania mi\u0119dzy trybem ogrzewania i ch\u0142odzenia<br \/>\n- Funkcja alarmu w przypadku odchylenia (regulowana w zakresie od 1\u00b0C do 15\u00b0C)<br \/>\n- Zdalny czujnik o d\u0142ugo\u015bci 2 m, odpowiedni r\u00f3wnie\u017c do akwari\u00f3w<br \/>\n- Gniazda z uziemieniem<br \/>\n- Wydajno\u015b\u0107 prze\u0142\u0105czania maks. 1000 W<\/p>\n<p>- Zalecany do stosowania z matami grzewczymi, kablami grzewczymi, kamieniami grzewczymi i promiennikami ceramicznymi, aby zapobiec przegrzaniu terrarium.<\/p>\n<p><strong>Link internetowy:<\/strong> http:\/\/www.antstore.net\/viewtopic.php?f=18&amp;p=108893<\/p>","protected":false},"excerpt":{"rendered":"<p>Opis: Thermo Control PRO II jest dalszym rozwini\u0119ciem urz\u0105dzenia Thermo Control II. G\u0142\u00f3wne r\u00f3\u017cnice to zegar czasu rzeczywistego i dwa obwody temperatury, dzi\u0119ki czemu mo\u017cna ustawi\u0107 r\u00f3\u017cne temperatury dla dnia i nocy. Prze\u0142\u0105czanie mi\u0119dzy trybem dziennym i nocnym jest sterowane czasowo. W przeciwie\u0144stwie do Thermo Control II, czas mo\u017cna ustawi\u0107 w nast\u0119puj\u0105cy spos\u00f3b","protected":false},"featured_media":6600,"comment_status":"open","ping_status":"closed","template":"","meta":{"_acf_changed":false,"content-type":"","_monsterinsights_skip_tracking":false,"_monsterinsights_sitenote_active":false,"_monsterinsights_sitenote_note":"","_monsterinsights_sitenote_category":0},"product_brand":[],"product_cat":[359,119],"product_tag":[],"class_list":{"0":"post-6580","1":"product","2":"type-product","3":"status-publish","4":"has-post-thumbnail","6":"product_cat-light-heat-humidity","7":"product_cat-formicarium-components","9":"first","10":"outofstock","11":"taxable","12":"shipping-taxable","13":"purchasable","14":"product-type-simple"},"acf":[],"aioseo_notices":[],"jetpack_sharing_enabled":true,"_links":{"self":[{"href":"https:\/\/antcube.shop\/pl\/wp-json\/wp\/v2\/product\/6580","targetHints":{"allow":["GET"]}}],"collection":[{"href":"https:\/\/antcube.shop\/pl\/wp-json\/wp\/v2\/product"}],"about":[{"href":"https:\/\/antcube.shop\/pl\/wp-json\/wp\/v2\/types\/product"}],"replies":[{"embeddable":true,"href":"https:\/\/antcube.shop\/pl\/wp-json\/wp\/v2\/comments?post=6580"}],"wp:featuredmedia":[{"embeddable":true,"href":"https:\/\/antcube.shop\/pl\/wp-json\/wp\/v2\/media\/6600"}],"wp:attachment":[{"href":"https:\/\/antcube.shop\/pl\/wp-json\/wp\/v2\/media?parent=6580"}],"wp:term":[{"taxonomy":"product_brand","embeddable":true,"href":"https:\/\/antcube.shop\/pl\/wp-json\/wp\/v2\/product_brand?post=6580"},{"taxonomy":"product_cat","embeddable":true,"href":"https:\/\/antcube.shop\/pl\/wp-json\/wp\/v2\/product_cat?post=6580"},{"taxonomy":"product_tag","embeddable":true,"href":"https:\/\/antcube.shop\/pl\/wp-json\/wp\/v2\/product_tag?post=6580"}],"curies":[{"name":"wp","href":"https:\/\/api.w.org\/{rel}","templated":true}]}}