{"id":6579,"date":"2023-12-04T13:54:25","date_gmt":"2023-12-04T12:54:25","guid":{"rendered":"https:\/\/antcube.shop\/product\/thermo-control-ii-timer\/"},"modified":"2026-04-01T13:27:55","modified_gmt":"2026-04-01T11:27:55","slug":"timer-thermo-control-ii","status":"publish","type":"product","link":"https:\/\/antcube.shop\/pl\/produkt\/timer-thermo-control-ii\/","title":{"rendered":"Thermo Control II + Timer"},"content":{"rendered":"<p><strong>Opis:<\/strong> W nast\u0119pcy popularnych termostat\u00f3w Thermo Control tylko cena przypomina model podstawowy.<br \/>\nThermo Control 2 to cyfrowy termostat o zakresie temperatur 0-50\u00b0C. Dzia\u0142a r\u00f3wnie\u017c jako termometr dzi\u0119ki wy\u015bwietlaczowi sta\u0142ej temperatury.<br \/>\nGrzejniki o maksymalnej \u0142\u0105cznej mocy 1200 W mo\u017cna pod\u0142\u0105czy\u0107 za pomoc\u0105 z\u0142\u0105cza Schuko. Kolejne z\u0142\u0105cze Schuko jest sterowane za pomoc\u0105 zintegrowanej funkcji timera, kt\u00f3ra mo\u017ce by\u0107 u\u017cywana na przyk\u0142ad do ustawiania czasu pracy o\u015bwietlenia lub wentylator\u00f3w. Czujnik nadaje si\u0119 do pomiar\u00f3w w powietrzu i wodzie i jest pod\u0142\u0105czony do termostatu za pomoc\u0105 kabla, podobnie jak z\u0142\u0105cze i zasilacz.<br \/>\nPonadto, Thermo Control 2 posiada funkcj\u0119 alarmu, kt\u00f3ra ostrzega wizualnie i d\u017awi\u0119kowo, je\u015bli temperatura przekroczy lub spadnie poni\u017cej \u017c\u0105danej temperatury (warto\u015bci mo\u017cna ustawi\u0107 w zakresie od 1\u00b0C do 5\u00b0C).<br \/>\nUrz\u0105dzenie, kt\u00f3rego nie powinno zabrakn\u0105\u0107 w \u017cadnym terrarium!<\/p>\n<p>- Z oddzielnie u\u017cywanym wy\u0142\u0105cznikiem czasowym, np. do o\u015bwietlenia lub wentylacji<br \/>\n- Funkcja alarmu w przypadku odchylenia temperatury (regulowana w zakresie od 1\u00b0C do 5\u00b0C)<br \/>\n- Wy\u015bwietlanie zmierzonej temperatury<br \/>\n- Zdalny czujnik o d\u0142ugo\u015bci 2 m, odpowiedni r\u00f3wnie\u017c do akwari\u00f3w<br \/>\n- Gniazda z uziemieniem<br \/>\n- Moc prze\u0142\u0105czania 1200 W<\/p>\n<p>- Zalecany do stosowania z matami grzewczymi, kablami grzewczymi, kamieniami grzewczymi i promiennikami ceramicznymi, aby zapobiec przegrzaniu terrarium.<\/p>\n<p><strong>Link internetowy:<\/strong> http:\/\/www.antstore.net\/viewtopic.php?f=18&amp;p=108893<\/p>","protected":false},"excerpt":{"rendered":"<p>Opis: W modelu b\u0119d\u0105cym nast\u0119pc\u0105 popularnych termostat\u00f3w Thermo Control tylko cena przypomina model podstawowy. Thermo Control 2 to cyfrowy termostat z zakresem temperatur 0-50\u00b0C. Dzia\u0142a r\u00f3wnie\u017c jako termometr dzi\u0119ki wy\u015bwietlaczowi sta\u0142ej temperatury. Grzejniki o maksymalnej \u0142\u0105cznej mocy 1200 W mog\u0105","protected":false},"featured_media":6598,"comment_status":"open","ping_status":"closed","template":"","meta":{"_acf_changed":false,"content-type":"","_monsterinsights_skip_tracking":false,"_monsterinsights_sitenote_active":false,"_monsterinsights_sitenote_note":"","_monsterinsights_sitenote_category":0},"product_brand":[],"product_cat":[359,119],"product_tag":[],"class_list":{"0":"post-6579","1":"product","2":"type-product","3":"status-publish","4":"has-post-thumbnail","6":"product_cat-light-heat-humidity","7":"product_cat-formicarium-components","9":"first","10":"instock","11":"taxable","12":"shipping-taxable","13":"purchasable","14":"product-type-simple"},"acf":[],"aioseo_notices":[],"jetpack_sharing_enabled":true,"_links":{"self":[{"href":"https:\/\/antcube.shop\/pl\/wp-json\/wp\/v2\/product\/6579","targetHints":{"allow":["GET"]}}],"collection":[{"href":"https:\/\/antcube.shop\/pl\/wp-json\/wp\/v2\/product"}],"about":[{"href":"https:\/\/antcube.shop\/pl\/wp-json\/wp\/v2\/types\/product"}],"replies":[{"embeddable":true,"href":"https:\/\/antcube.shop\/pl\/wp-json\/wp\/v2\/comments?post=6579"}],"wp:featuredmedia":[{"embeddable":true,"href":"https:\/\/antcube.shop\/pl\/wp-json\/wp\/v2\/media\/6598"}],"wp:attachment":[{"href":"https:\/\/antcube.shop\/pl\/wp-json\/wp\/v2\/media?parent=6579"}],"wp:term":[{"taxonomy":"product_brand","embeddable":true,"href":"https:\/\/antcube.shop\/pl\/wp-json\/wp\/v2\/product_brand?post=6579"},{"taxonomy":"product_cat","embeddable":true,"href":"https:\/\/antcube.shop\/pl\/wp-json\/wp\/v2\/product_cat?post=6579"},{"taxonomy":"product_tag","embeddable":true,"href":"https:\/\/antcube.shop\/pl\/wp-json\/wp\/v2\/product_tag?post=6579"}],"curies":[{"name":"wp","href":"https:\/\/api.w.org\/{rel}","templated":true}]}}