{"id":6578,"date":"2023-12-04T13:54:19","date_gmt":"2023-12-04T12:54:19","guid":{"rendered":"https:\/\/antcube.shop\/product\/mini-thermo-hygrometer-digital-weis-selbstklebend\/"},"modified":"2026-04-17T10:05:22","modified_gmt":"2026-04-17T08:05:22","slug":"mini-termohigrometr-cyfrowy-bialy-samoprzylepny","status":"publish","type":"product","link":"https:\/\/antcube.shop\/pl\/produkt\/mini-termohigrometr-cyfrowy-bialy-samoprzylepny\/","title":{"rendered":"Mini termohigrometr cyfrowy - bia\u0142y - samoprzylepny"},"content":{"rendered":"<p><strong>Zakres pomiarowy:<\/strong> -10 do +60\u00b0C \/ 10% do 99%<\/p>\n<p><strong>Wymiary:<\/strong> 52x39x15 mm<\/p>\n<p><strong>Opis:<\/strong><br \/>\nZ funkcj\u0105 max\/mini, z podstawk\u0105, z bateri\u0105 guzikow\u0105 LR 44.<\/p>\n<p><strong>Uwaga:<\/strong><br \/>\nAby uzyska\u0107 jak najdok\u0142adniejszy wynik pomiaru, wa\u017cne jest, aby tylne otwory wentylacyjne nie by\u0142y zablokowane przez monta\u017c!<br \/>\nPodczas mocowania urz\u0105dzenia nale\u017cy upewni\u0107 si\u0119, \u017ce zwierz\u0119ta nie mog\u0105 dosi\u0119gn\u0105\u0107 urz\u0105dzenia lub przylepca za pomoc\u0105 odpowiedniego zabezpieczenia przed ucieczk\u0105.<br \/>\nJe\u015bli jednak istnieje takie ryzyko, do mocowania nale\u017cy u\u017cy\u0107 naszych przezroczystych podk\u0142adek samoprzylepnych (nr art. 1002314).<\/p>\n<p><strong>WEEE Reg.:<\/strong> DE 78184127<\/p>\n<p><strong>Informacje na temat utylizacji mo\u017cna znale\u017a\u0107 w przepisach dotycz\u0105cych baterii:<\/strong><\/p>\n<p><a href=\"https:\/\/www.antstore.net\/shop\/de\/info\/Batterieverordnung.html\" target=\"_blank\" rel=\"noopener\">https:\/\/www.antstore.net\/shop\/de\/info\/Batterieverordnung.html<\/a><\/p>","protected":false},"excerpt":{"rendered":"<p>Zakres pomiarowy: -10 do +60\u00b0C \/ 10 do 99% , Wymiary: 52 x 39 x 15 mm<\/p>","protected":false},"featured_media":6620,"comment_status":"open","ping_status":"closed","template":"","meta":{"_acf_changed":false,"content-type":"","_monsterinsights_skip_tracking":false,"_monsterinsights_sitenote_active":false,"_monsterinsights_sitenote_note":"","_monsterinsights_sitenote_category":0},"product_brand":[],"product_cat":[359,119,239],"product_tag":[],"class_list":{"0":"post-6578","1":"product","2":"type-product","3":"status-publish","4":"has-post-thumbnail","6":"product_cat-light-heat-humidity","7":"product_cat-formicarium-components","8":"product_cat-useful-additions","10":"first","11":"instock","12":"taxable","13":"shipping-taxable","14":"purchasable","15":"product-type-simple"},"acf":[],"aioseo_notices":[],"jetpack_sharing_enabled":true,"_links":{"self":[{"href":"https:\/\/antcube.shop\/pl\/wp-json\/wp\/v2\/product\/6578","targetHints":{"allow":["GET"]}}],"collection":[{"href":"https:\/\/antcube.shop\/pl\/wp-json\/wp\/v2\/product"}],"about":[{"href":"https:\/\/antcube.shop\/pl\/wp-json\/wp\/v2\/types\/product"}],"replies":[{"embeddable":true,"href":"https:\/\/antcube.shop\/pl\/wp-json\/wp\/v2\/comments?post=6578"}],"wp:featuredmedia":[{"embeddable":true,"href":"https:\/\/antcube.shop\/pl\/wp-json\/wp\/v2\/media\/6620"}],"wp:attachment":[{"href":"https:\/\/antcube.shop\/pl\/wp-json\/wp\/v2\/media?parent=6578"}],"wp:term":[{"taxonomy":"product_brand","embeddable":true,"href":"https:\/\/antcube.shop\/pl\/wp-json\/wp\/v2\/product_brand?post=6578"},{"taxonomy":"product_cat","embeddable":true,"href":"https:\/\/antcube.shop\/pl\/wp-json\/wp\/v2\/product_cat?post=6578"},{"taxonomy":"product_tag","embeddable":true,"href":"https:\/\/antcube.shop\/pl\/wp-json\/wp\/v2\/product_tag?post=6578"}],"curies":[{"name":"wp","href":"https:\/\/api.w.org\/{rel}","templated":true}]}}