{"id":6576,"date":"2023-12-04T13:54:06","date_gmt":"2023-12-04T12:54:06","guid":{"rendered":"https:\/\/antcube.shop\/product\/ameisenarena-nebler-klein\/"},"modified":"2026-04-05T20:47:18","modified_gmt":"2026-04-05T18:47:18","slug":"zamglawiacz-mrowek-maly","status":"publish","type":"product","link":"https:\/\/antcube.shop\/pl\/produkt\/zamglawiacz-mrowek-maly\/","title":{"rendered":"Ant arena - zamg\u0142awiacz - ma\u0142y"},"content":{"rendered":"<p><strong>Zawarto\u015b\u0107:<\/strong><br \/>\n- Fogger<br \/>\n- Pasuj\u0105cy korek z otworem do mocowania w\u0119\u017ca do pokrywy areny mr\u00f3wek<br \/>\n- Rozci\u0105gliwy w\u0105\u017c<\/p>\n<p><strong>Materia\u0142:<\/strong> plastik<\/p>\n<p><strong>Kolor:<\/strong> czarny\/bia\u0142y<\/p>\n<p><strong>Dane techniczne:<\/strong><br \/>\nNapi\u0119cie: 230 V<br \/>\nMoc: 15 W (30 ml\/h)<br \/>\nD\u0142ugo\u015b\u0107 kabla: 1,40 m<br \/>\nPojemno\u015b\u0107 zbiornika na wod\u0119: 360 ml<br \/>\nPod\u0142\u0105czenie: Wtyczka Euro<br \/>\nD\u0142ugo\u015b\u0107 w\u0119\u017ca: 60 cm -&gt; mo\u017cliwo\u015b\u0107 przed\u0142u\u017cenia<\/p>\n<p><strong>Opis:<\/strong><br \/>\nAby nawil\u017cy\u0107 aren\u0119 dla mr\u00f3wek, zamg\u0142awiacz mo\u017cna umie\u015bci\u0107 bezpo\u015brednio w pokrywie areny.<br \/>\nMa\u0142y zamg\u0142awiacz Ameisenarena przeznaczony jest do nawil\u017cania niewielkich terrari\u00f3w. W tym modelu technologia zosta\u0142a znacznie uproszczona, co pozwala na znacznie bardziej bezproblemow\u0105 obs\u0142ug\u0119. Woda jest pobierana przez kapilarne dzia\u0142anie filcowego wk\u0142adu. Mo\u017cna go wymieni\u0107 w kilku prostych krokach, co nale\u017cy robi\u0107 regularnie ze wzgl\u0119d\u00f3w higienicznych. Wytwarzana mgie\u0142ka jest automatycznie kierowana przez w\u0105\u017c dzi\u0119ki pomys\u0142owej konstrukcji dyszy, bez potrzeby stosowania dodatkowego wentylatora. To ponownie znacznie zmniejsza podatno\u015b\u0107 na b\u0142\u0119dy. Wydajno\u015b\u0107 zamg\u0142awiania wynosi ok. 30 ml\/h. Zbiornik mie\u015bci maksymalnie 360 ml. Super Fog Nano II mo\u017ce by\u0107 sterowany za pomoc\u0105 timera lub higrostatu. Dzi\u0119ki ruchomemu i wysuwanemu w\u0119\u017cowi Super Fog Nano II mo\u017cna dostosowa\u0107 do ka\u017cdego terrarium. Nowo\u015bci\u0105 jest mo\u017cliwo\u015b\u0107 wymiany membrany przez u\u017cytkownika ko\u0144cowego w kilku prostych krokach. Wszystkie pozosta\u0142e cz\u0119\u015bci s\u0105 r\u00f3wnie\u017c dost\u0119pne jako cz\u0119\u015bci zamienne, dzi\u0119ki czemu Super Fog Nano II jest urz\u0105dzeniem trwa\u0142ym.<\/p>\n<p><strong>Hack:<\/strong><br \/>\nJe\u015bli wymagany jest d\u0142u\u017cszy w\u0105\u017c, do zamg\u0142awiacza mo\u017cna pod\u0142\u0105czy\u0107 nasz w\u0105\u017c 20\/16 mm (art. 1000107). Potrzebne b\u0119d\u0105 r\u00f3wnie\u017c zatyczki do formikarium 50 mm z otworem 20 mm (art. 1005033 + 20 mm). Nale\u017cy jednak pami\u0119ta\u0107, \u017ce im d\u0142u\u017cszy w\u0105\u017c, tym mniej mg\u0142y dotrze do formikarium.<\/p>\n<p>&nbsp;<\/p>","protected":false},"excerpt":{"rendered":"<p>Zawarto\u015b\u0107: - Zamg\u0142awiacz - Pasuj\u0105ca wtyczka z otworem do mocowania w\u0119\u017ca do pokrywy areny dla mr\u00f3wek - Rozci\u0105gliwy w\u0105\u017c Materia\u0142: tworzywo sztuczne Kolor: czarny\/bia\u0142y Dane techniczne: Napi\u0119cie: 230V Moc: 15W (30ml\/h) D\u0142ugo\u015b\u0107 kabla: 1,40 m Pojemno\u015b\u0107 zbiornika na wod\u0119: 360ml Pod\u0142\u0105czenie: Euro wtyczka D\u0142ugo\u015b\u0107 w\u0119\u017ca: 60 cm -&gt; mo\u017cliwo\u015b\u0107 przed\u0142u\u017cenia Opis: Do nawil\u017cania mr\u00f3wki [...]","protected":false},"featured_media":6603,"comment_status":"open","ping_status":"closed","template":"","meta":{"_acf_changed":false,"content-type":"","_monsterinsights_skip_tracking":false,"_monsterinsights_sitenote_active":false,"_monsterinsights_sitenote_note":"","_monsterinsights_sitenote_category":0},"product_brand":[],"product_cat":[359,119],"product_tag":[],"class_list":{"0":"post-6576","1":"product","2":"type-product","3":"status-publish","4":"has-post-thumbnail","6":"product_cat-light-heat-humidity","7":"product_cat-formicarium-components","9":"first","10":"instock","11":"taxable","12":"shipping-taxable","13":"purchasable","14":"product-type-simple"},"acf":[],"aioseo_notices":[],"jetpack_sharing_enabled":true,"_links":{"self":[{"href":"https:\/\/antcube.shop\/pl\/wp-json\/wp\/v2\/product\/6576","targetHints":{"allow":["GET"]}}],"collection":[{"href":"https:\/\/antcube.shop\/pl\/wp-json\/wp\/v2\/product"}],"about":[{"href":"https:\/\/antcube.shop\/pl\/wp-json\/wp\/v2\/types\/product"}],"replies":[{"embeddable":true,"href":"https:\/\/antcube.shop\/pl\/wp-json\/wp\/v2\/comments?post=6576"}],"wp:featuredmedia":[{"embeddable":true,"href":"https:\/\/antcube.shop\/pl\/wp-json\/wp\/v2\/media\/6603"}],"wp:attachment":[{"href":"https:\/\/antcube.shop\/pl\/wp-json\/wp\/v2\/media?parent=6576"}],"wp:term":[{"taxonomy":"product_brand","embeddable":true,"href":"https:\/\/antcube.shop\/pl\/wp-json\/wp\/v2\/product_brand?post=6576"},{"taxonomy":"product_cat","embeddable":true,"href":"https:\/\/antcube.shop\/pl\/wp-json\/wp\/v2\/product_cat?post=6576"},{"taxonomy":"product_tag","embeddable":true,"href":"https:\/\/antcube.shop\/pl\/wp-json\/wp\/v2\/product_tag?post=6576"}],"curies":[{"name":"wp","href":"https:\/\/api.w.org\/{rel}","templated":true}]}}