{"id":6573,"date":"2023-12-04T11:34:55","date_gmt":"2023-12-04T10:34:55","guid":{"rendered":"https:\/\/antcube.shop\/product\/arena-vase-10x20cm-aus-glas\/"},"modified":"2026-03-30T10:30:51","modified_gmt":"2026-03-30T08:30:51","slug":"wazon-arena-10x20cm-wykonany-ze-szkla","status":"publish","type":"product","link":"https:\/\/antcube.shop\/pl\/produkt\/wazon-arena-10x20cm-wykonany-ze-szkla\/","title":{"rendered":"Wazon Arena 10x20cm wykonany ze szk\u0142a"},"content":{"rendered":"<p><strong>Wymiary:<\/strong> 10\u00d720,4 cm<\/p>\n<p><strong>Materia\u0142:<\/strong> szk\u0142o, PMMA<\/p>\n<p><strong>Kolor:<\/strong> krystalicznie czysty, p\u00f3\u0142przezroczysty, przezroczysty<\/p>\n<p><strong>Zawarto\u015b\u0107:<\/strong><br \/>\n1x szklany wazon 10x20cm<br \/>\n1x pokrywa 10\u00d70.4cm<\/p>\n<p><strong>Opis:<\/strong> Wazon Arena Vase zosta\u0142 opracowany do karmienia kolonii mr\u00f3wek z rodzaju Atta lub Acromyrmex. Zdejmowana akrylowa pokrywa z otworami i szczelinami do uk\u0142adania i trzymania ga\u0142\u0119zi ro\u015blin pokarmowych jest po prostu umieszczana na wazonie. Wazon pomaga utrzyma\u0107 \u015bwie\u017co\u015b\u0107 ro\u015blin pokarmowych przez d\u0142u\u017cszy czas, a jednocze\u015bnie zwi\u0119ksza wilgotno\u015b\u0107 w formikarium poprzez ci\u0105g\u0142e parowanie wody w zbiorniku.<\/p>","protected":false},"excerpt":{"rendered":"<p>Wymiary: 10x20,4cm Materia\u0142: szk\u0142o, PMMA Kolor: krystalicznie czysty, p\u00f3\u0142przezroczysty, przezroczysty Zawarto\u015b\u0107: 1x szklany wazon 10x20cm 1x pokrywka 10x0,4cm Opis: Wazon Arena zosta\u0142 opracowany do karmienia kolonii mr\u00f3wek li\u015bcio\u017cernych z rodzaju Atta lub Acromyrmex. Zdejmowana akrylowa pokrywa z otworami i szczelinami do uk\u0142adania i trzymania ga\u0142\u0119zi ro\u015blin paszowych jest po prostu umieszczana na wazonie.","protected":false},"featured_media":6590,"comment_status":"open","ping_status":"closed","template":"","meta":{"_acf_changed":false,"content-type":"","_monsterinsights_skip_tracking":false,"_monsterinsights_sitenote_active":false,"_monsterinsights_sitenote_note":"","_monsterinsights_sitenote_category":0},"product_brand":[],"product_cat":[115,118],"product_tag":[],"class_list":{"0":"post-6573","1":"product","2":"type-product","3":"status-publish","4":"has-post-thumbnail","6":"product_cat-food-and-feeding","7":"product_cat-feeding-bowls","9":"first","10":"instock","11":"taxable","12":"shipping-taxable","13":"purchasable","14":"product-type-simple"},"acf":[],"aioseo_notices":[],"jetpack_sharing_enabled":true,"_links":{"self":[{"href":"https:\/\/antcube.shop\/pl\/wp-json\/wp\/v2\/product\/6573","targetHints":{"allow":["GET"]}}],"collection":[{"href":"https:\/\/antcube.shop\/pl\/wp-json\/wp\/v2\/product"}],"about":[{"href":"https:\/\/antcube.shop\/pl\/wp-json\/wp\/v2\/types\/product"}],"replies":[{"embeddable":true,"href":"https:\/\/antcube.shop\/pl\/wp-json\/wp\/v2\/comments?post=6573"}],"wp:featuredmedia":[{"embeddable":true,"href":"https:\/\/antcube.shop\/pl\/wp-json\/wp\/v2\/media\/6590"}],"wp:attachment":[{"href":"https:\/\/antcube.shop\/pl\/wp-json\/wp\/v2\/media?parent=6573"}],"wp:term":[{"taxonomy":"product_brand","embeddable":true,"href":"https:\/\/antcube.shop\/pl\/wp-json\/wp\/v2\/product_brand?post=6573"},{"taxonomy":"product_cat","embeddable":true,"href":"https:\/\/antcube.shop\/pl\/wp-json\/wp\/v2\/product_cat?post=6573"},{"taxonomy":"product_tag","embeddable":true,"href":"https:\/\/antcube.shop\/pl\/wp-json\/wp\/v2\/product_tag?post=6573"}],"curies":[{"name":"wp","href":"https:\/\/api.w.org\/{rel}","templated":true}]}}