{"id":6569,"date":"2023-12-04T11:34:29","date_gmt":"2023-12-04T10:34:29","guid":{"rendered":"https:\/\/antcube.shop\/product\/ameisen-treppenhaus-20cm\/"},"modified":"2026-04-05T21:18:18","modified_gmt":"2026-04-05T19:18:18","slug":"mrowka-schody-20cm","status":"publish","type":"product","link":"https:\/\/antcube.shop\/pl\/produkt\/mrowka-schody-20cm\/","title":{"rendered":"Schody mr\u00f3wek 20 cm"},"content":{"rendered":"<p><strong>Opis:<\/strong> Schody dla mr\u00f3wek s\u0142u\u017c\u0105 do pokonywania wysoko\u015bci mi\u0119dzy aren\u0105 a farm\u0105 mr\u00f3wek.<\/p>\n<p><strong>Wymiary:<\/strong> 5x5x20cm<\/p>\n<p><strong>Materia\u0142: <\/strong>PMMA<\/p>\n<p><strong>Kolor: <\/strong>krystalicznie czysty, p\u00f3\u0142przezroczysty, przezroczysty<\/p>\n<p data-padding=\"5px\" data-line-height=\"s\"><strong>Zawarto\u015b\u0107:<\/strong><br \/>\n1x mr\u00f3wcze schody 20 cm<br \/>\n2x akrylowa p\u0142yta do opcjonalnego monta\u017cu na \u015bcianie<\/p>\n<p data-padding=\"5px\" data-line-height=\"s\">1x podk\u0142adka na schody<\/p>\n<p><strong>Uwaga:<\/strong> Cz\u0119\u015bci s\u0105 dostarczane jako w pe\u0142ni zmontowany produkt. Aby zamontowa\u0107 uchwyt \u015bcienny, wystarczy poluzowa\u0107 \u015bruby akrylowe na g\u00f3rze i na dole i zdj\u0105\u0107 podstaw\u0119. Ponownie przymocuj dwie akrylowe p\u0142yty za pomoc\u0105 \u015brub 1x na g\u00f3rze i 1x na dole.<\/p>\n<p><strong>Po\u0142\u0105czenie:<\/strong> 2x w\u0105\u017c 20\/16 mm (zewn.) lub w\u0105\u017c 14\/10 mm (wewn.) lub 24\/20 (zewn. 2. stopie\u0144 po\u0142\u0105czenia)<\/p>\n<p><strong>Zastosowanie:<\/strong> do pomiaru farm mr\u00f3wek <strong>20x20cm lub 40x20cm<\/strong><\/p>\n<p><span data-text-color=\"alert\"><strong>Wa\u017cne do u\u017cytku z rurkami akrylowymi:<\/strong><\/span><br \/>\nWysoko\u015b\u0107 nie jest odpowiednia dla naszych <strong>rozmiar XL farmy mr\u00f3wek.<\/strong><br \/>\nDo<strong> u\u017cywa\u0107 z akrylowymi rurkami<\/strong> (np. rurka mr\u00f3wkowa - krystalicznie przezroczysta 20 mm - 1 m nr art. 1000320) zamiast w\u0119\u017cy, potrzeba \u0142\u0105cznie<strong> 3x \"Z\u0142\u0105cze rurowe krystalicznie przezroczyste dla 20 mm - I\"<\/strong> (nr art. 1005624). 1x dla gniazda mrowiska i 2x dla dw\u00f3ch gniazd na klatce schodowej. Ponadto w przypadku starych farm mr\u00f3wek (wszystkie zakupione przed 12\/2023 r.) na gniazdo farmy mr\u00f3wek nale\u017cy nasun\u0105\u0107 \"przezroczysty elastyczny pier\u015bcie\u0144 uszczelniaj\u0105cy\" (nr art. 1001437). W przeciwnym razie \"Z\u0142\u0105cze rurowe przezroczyste dla 20 mm - I\" (nr art. 1005624) b\u0119dzie zbyt lu\u017ano osadzone na gnie\u017adzie mrowiska. Ponadto, je\u015bli <strong>podk\u0142adka formikarium <\/strong>jest u\u017cywana dla farmy mr\u00f3wek lub areny, powinna by\u0107 r\u00f3wnie\u017c u\u017cywana dla klatki schodowej, poniewa\u017c w przeciwnym razie wyst\u0105pi niewielka r\u00f3\u017cnica wysoko\u015bci mi\u0119dzy gniazdem klatki schodowej a po\u0142\u0105czeniami na farmie mr\u00f3wek i arenie mr\u00f3wek.<\/p>","protected":false},"excerpt":{"rendered":"<p>Dla farm mr\u00f3wek o wymiarach 20x20cm lub 40x20cm<\/p>","protected":false},"featured_media":7570,"comment_status":"open","ping_status":"closed","template":"","meta":{"_acf_changed":false,"content-type":"","_monsterinsights_skip_tracking":false,"_monsterinsights_sitenote_active":false,"_monsterinsights_sitenote_note":"","_monsterinsights_sitenote_category":0},"product_brand":[],"product_cat":[345,119,121,120,239],"product_tag":[],"class_list":{"0":"post-6569","1":"product","2":"type-product","3":"status-publish","4":"has-post-thumbnail","6":"product_cat-pipe-connectors","7":"product_cat-formicarium-components","8":"product_cat-connectors","9":"product_cat-hoses","10":"product_cat-useful-additions","12":"first","13":"instock","14":"taxable","15":"shipping-taxable","16":"purchasable","17":"product-type-simple"},"acf":[],"aioseo_notices":[],"jetpack_sharing_enabled":true,"_links":{"self":[{"href":"https:\/\/antcube.shop\/pl\/wp-json\/wp\/v2\/product\/6569","targetHints":{"allow":["GET"]}}],"collection":[{"href":"https:\/\/antcube.shop\/pl\/wp-json\/wp\/v2\/product"}],"about":[{"href":"https:\/\/antcube.shop\/pl\/wp-json\/wp\/v2\/types\/product"}],"replies":[{"embeddable":true,"href":"https:\/\/antcube.shop\/pl\/wp-json\/wp\/v2\/comments?post=6569"}],"wp:featuredmedia":[{"embeddable":true,"href":"https:\/\/antcube.shop\/pl\/wp-json\/wp\/v2\/media\/7570"}],"wp:attachment":[{"href":"https:\/\/antcube.shop\/pl\/wp-json\/wp\/v2\/media?parent=6569"}],"wp:term":[{"taxonomy":"product_brand","embeddable":true,"href":"https:\/\/antcube.shop\/pl\/wp-json\/wp\/v2\/product_brand?post=6569"},{"taxonomy":"product_cat","embeddable":true,"href":"https:\/\/antcube.shop\/pl\/wp-json\/wp\/v2\/product_cat?post=6569"},{"taxonomy":"product_tag","embeddable":true,"href":"https:\/\/antcube.shop\/pl\/wp-json\/wp\/v2\/product_tag?post=6569"}],"curies":[{"name":"wp","href":"https:\/\/api.w.org\/{rel}","templated":true}]}}