{"id":6566,"date":"2023-12-04T11:34:09","date_gmt":"2023-12-04T10:34:09","guid":{"rendered":"https:\/\/antcube.shop\/product\/kornerfutter-major-100g\/"},"modified":"2025-05-06T21:46:55","modified_gmt":"2025-05-06T19:46:55","slug":"zboze-paszowe-major-100g","status":"publish","type":"product","link":"https:\/\/antcube.shop\/pl\/produkt\/zboze-paszowe-major-100g\/","title":{"rendered":"Pasza zbo\u017cowa major 100g"},"content":{"rendered":"<div class=\"tab-body active\">\n<p><strong>Tre\u015b\u0107:<\/strong> 100g<\/p>\n<p><span id=\"result_box\" class=\"long_text\" lang=\"en\"><strong>Opis:<\/strong> <\/span>Mieszanka du\u017cych ziaren i nasion dla doros\u0142ych kolonii granivorous gatunk\u00f3w mr\u00f3wek, takich jak Messor, Pogonomyrmex i Pheidole.<br \/>\nIdealny dla kolonii z du\u017cymi pracownikami.<br \/>\nCzysty naturalny produkt bez sztucznych dodatk\u00f3w. Nie zawiera pestycyd\u00f3w.<\/p>\n<p><strong>Uwaga:<\/strong><br \/>\nSpos\u00f3b u\u017cycia rurki zasilaj\u0105cej mo\u017cna znale\u017a\u0107 tutaj: <a href=\"https:\/\/www.antstore.net\/shop\/images\/documents\/Anleitung-Ameisenfutterroehrchen.pdf\">Link<\/a><br \/>\nsuplement diety dla mr\u00f3wek zjadaj\u0105cych ziarno.<br \/>\nSk\u0142ad, sk\u0142adniki analityczne, data wa\u017cno\u015bci i numer partii znajduj\u0105 si\u0119 w ulotce do\u0142\u0105czonej do opakowania.<\/p>\n<p>Infolinia +49 30 439703870<\/p>\n<p>W\u0142a\u015bciwa kontrola weterynaryjna i kontrola \u017cywno\u015bci:<br \/>\nVeterin\u00e4ramt Steglitz<br \/>\nK\u00f6nigin-Luise-Str. 92<br \/>\n14195 Berlin<\/p>\n<\/div>","protected":false},"excerpt":{"rendered":"<p>Pasza uzupe\u0142niaj\u0105ca<\/p>","protected":false},"featured_media":6626,"comment_status":"open","ping_status":"closed","template":"","meta":{"_acf_changed":false,"content-type":"","_monsterinsights_skip_tracking":false,"_monsterinsights_sitenote_active":false,"_monsterinsights_sitenote_note":"","_monsterinsights_sitenote_category":0},"product_brand":[],"product_cat":[115,116],"product_tag":[],"class_list":{"0":"post-6566","1":"product","2":"type-product","3":"status-publish","4":"has-post-thumbnail","6":"product_cat-food-and-feeding","7":"product_cat-food","9":"first","10":"outofstock","11":"taxable","12":"shipping-taxable","13":"purchasable","14":"product-type-simple"},"acf":[],"aioseo_notices":[],"jetpack_sharing_enabled":true,"_links":{"self":[{"href":"https:\/\/antcube.shop\/pl\/wp-json\/wp\/v2\/product\/6566","targetHints":{"allow":["GET"]}}],"collection":[{"href":"https:\/\/antcube.shop\/pl\/wp-json\/wp\/v2\/product"}],"about":[{"href":"https:\/\/antcube.shop\/pl\/wp-json\/wp\/v2\/types\/product"}],"replies":[{"embeddable":true,"href":"https:\/\/antcube.shop\/pl\/wp-json\/wp\/v2\/comments?post=6566"}],"wp:featuredmedia":[{"embeddable":true,"href":"https:\/\/antcube.shop\/pl\/wp-json\/wp\/v2\/media\/6626"}],"wp:attachment":[{"href":"https:\/\/antcube.shop\/pl\/wp-json\/wp\/v2\/media?parent=6566"}],"wp:term":[{"taxonomy":"product_brand","embeddable":true,"href":"https:\/\/antcube.shop\/pl\/wp-json\/wp\/v2\/product_brand?post=6566"},{"taxonomy":"product_cat","embeddable":true,"href":"https:\/\/antcube.shop\/pl\/wp-json\/wp\/v2\/product_cat?post=6566"},{"taxonomy":"product_tag","embeddable":true,"href":"https:\/\/antcube.shop\/pl\/wp-json\/wp\/v2\/product_tag?post=6566"}],"curies":[{"name":"wp","href":"https:\/\/api.w.org\/{rel}","templated":true}]}}