{"id":6565,"date":"2023-12-04T11:34:02","date_gmt":"2023-12-04T10:34:02","guid":{"rendered":"https:\/\/antcube.shop\/product\/schraub-adapter-50-auf-32-mm-bohrung\/"},"modified":"2026-03-18T18:07:00","modified_gmt":"2026-03-18T17:07:00","slug":"adapter-srubowy-z-otworem-50-na-32-mm","status":"publish","type":"product","link":"https:\/\/antcube.shop\/pl\/produkt\/adapter-srubowy-z-otworem-50-na-32-mm\/","title":{"rendered":"Adapter \u015brubowy z otworem 50 na 32 mm"},"content":{"rendered":"<p><strong>Tre\u015b\u0107:<\/strong><br \/>\n2x akrylowy kr\u0105\u017cek 59 x 2 mm z otworem 32 mm<br \/>\n1x Dysk akrylowy 49 x 4 mm z otworem 32 mm<br \/>\n2x przezroczysta plastikowa \u015bruba z nakr\u0119tk\u0105<\/p>\n<p><strong>Wymiary produktu:<\/strong> 59 x 8 mm<\/p>\n<p><strong>Materia\u0142:<\/strong> PMMA, PP<\/p>\n<p><strong>Kolor:<\/strong> przezroczysty \/ krystalicznie czysty<\/p>\n<p><strong>Opis:<\/strong> Adapter do mocowania element\u00f3w o \u015brednicy 32 mm w otworach 50 mm.<\/p>\n<p>Pozwala to na bezpieczne, trwa\u0142e i atrakcyjne wizualnie mocowanie rur, w\u0119\u017cy lub innych element\u00f3w \u0142\u0105cz\u0105cych.<\/p>\n<p><strong>Uwaga:<\/strong> Dostarczane w pojedynczych cz\u0119\u015bciach i musz\u0105 by\u0107 mocowane za pomoc\u0105 \u015brubokr\u0119ta krzy\u017cakowego.<\/p>","protected":false},"excerpt":{"rendered":"<p>Zawarto\u015b\u0107: 2x kr\u0105\u017cek akrylowy 59 x 2 mm z otworem 32 mm 1x kr\u0105\u017cek akrylowy 49 x 4 mm z otworem 20 mm 2x przezroczysta plastikowa \u015bruba z nakr\u0119tk\u0105 Wymiary produktu: 59 x 8 mm Materia\u0142: PMMA, PP Kolor: przezroczysty \/ krystalicznie czysty Opis: Adapter do mocowania element\u00f3w o \u015brednicy 20 mm w otworach 50 mm. Umo\u017cliwia","protected":false},"featured_media":6609,"comment_status":"open","ping_status":"closed","template":"","meta":{"_acf_changed":false,"content-type":"","_monsterinsights_skip_tracking":false,"_monsterinsights_sitenote_active":false,"_monsterinsights_sitenote_note":"","_monsterinsights_sitenote_category":0},"product_brand":[],"product_cat":[345,119,121,120],"product_tag":[],"class_list":{"0":"post-6565","1":"product","2":"type-product","3":"status-publish","4":"has-post-thumbnail","6":"product_cat-pipe-connectors","7":"product_cat-formicarium-components","8":"product_cat-connectors","9":"product_cat-hoses","11":"first","12":"instock","13":"taxable","14":"shipping-taxable","15":"purchasable","16":"product-type-simple"},"acf":[],"aioseo_notices":[],"jetpack_sharing_enabled":true,"_links":{"self":[{"href":"https:\/\/antcube.shop\/pl\/wp-json\/wp\/v2\/product\/6565","targetHints":{"allow":["GET"]}}],"collection":[{"href":"https:\/\/antcube.shop\/pl\/wp-json\/wp\/v2\/product"}],"about":[{"href":"https:\/\/antcube.shop\/pl\/wp-json\/wp\/v2\/types\/product"}],"replies":[{"embeddable":true,"href":"https:\/\/antcube.shop\/pl\/wp-json\/wp\/v2\/comments?post=6565"}],"wp:featuredmedia":[{"embeddable":true,"href":"https:\/\/antcube.shop\/pl\/wp-json\/wp\/v2\/media\/6609"}],"wp:attachment":[{"href":"https:\/\/antcube.shop\/pl\/wp-json\/wp\/v2\/media?parent=6565"}],"wp:term":[{"taxonomy":"product_brand","embeddable":true,"href":"https:\/\/antcube.shop\/pl\/wp-json\/wp\/v2\/product_brand?post=6565"},{"taxonomy":"product_cat","embeddable":true,"href":"https:\/\/antcube.shop\/pl\/wp-json\/wp\/v2\/product_cat?post=6565"},{"taxonomy":"product_tag","embeddable":true,"href":"https:\/\/antcube.shop\/pl\/wp-json\/wp\/v2\/product_tag?post=6565"}],"curies":[{"name":"wp","href":"https:\/\/api.w.org\/{rel}","templated":true}]}}