{"id":6564,"date":"2023-12-04T11:33:56","date_gmt":"2023-12-04T10:33:56","guid":{"rendered":"https:\/\/antcube.shop\/product\/schraub-adapter-50-auf-27-mm-bohrung\/"},"modified":"2026-04-20T16:40:59","modified_gmt":"2026-04-20T14:40:59","slug":"adapter-srubowy-z-otworem-50-na-27-mm","status":"publish","type":"product","link":"https:\/\/antcube.shop\/pl\/produkt\/adapter-srubowy-z-otworem-50-na-27-mm\/","title":{"rendered":"Adapter \u015brubowy z otworem od 50 do 27 mm"},"content":{"rendered":"<p><strong>Tre\u015b\u0107:<\/strong><br \/>\n2x akrylowy kr\u0105\u017cek 59 x 2 mm z otworem 32 mm<br \/>\n1x Dysk akrylowy 49 x 4 mm z otworem 27 mm<br \/>\n2x Przezroczysta plastikowa \u015bruba M4<br \/>\n2x Przezroczysta nakr\u0119tka M4<\/p>\n<p><strong>Wymiary produktu:<\/strong> 59 x 8 mm<\/p>\n<p><strong>Materia\u0142:<\/strong> PMMA<\/p>\n<p><strong>Kolor:<\/strong> przezroczysty \/ krystalicznie czysty<\/p>\n<p><span data-text-color=\"alert\"><strong>UWAGA:<\/strong><\/span> tylko dla naszych z\u0142\u0105czek do w\u0119\u017ca umywalkowego 27 mm - 14, 20, 24 mm - przezroczyste<\/p>\n<p><strong>Opis:<\/strong> Adapter do mocowania element\u00f3w o \u015brednicy 27 mm w otworach 50 mm. Nasze za\u015blepki 27 mm r\u00f3wnie\u017c pasuj\u0105 do adaptera.<\/p>\n<p>Pozwala to na bezpieczne, trwa\u0142e i atrakcyjne wizualnie mocowanie rur, w\u0119\u017cy lub innych element\u00f3w \u0142\u0105cz\u0105cych.<\/p>\n<p><strong>Uwaga:<\/strong> Dostarczane w pojedynczych cz\u0119\u015bciach i musz\u0105 by\u0107 mocowane za pomoc\u0105 \u015brubokr\u0119ta krzy\u017cakowego.<\/p>","protected":false},"excerpt":{"rendered":"<p>Zawarto\u015b\u0107: 2x akrylowy kr\u0105\u017cek 59 x 2 mm z otworem 32 mm 1x akrylowy kr\u0105\u017cek 49 x 4 mm z otworem 27 mm 2x przezroczysta plastikowa \u015bruba M4 2x przezroczysta nakr\u0119tka M4 Wymiary produktu: 59 x 8 mm Materia\u0142: PMMA Kolor: przezroczysty \/ krystalicznie czysty UWAGA: tylko dla naszych z\u0142\u0105czy w\u0119\u017ca umywalkowego 27 mm - 14, 20, 24 mm","protected":false},"featured_media":6593,"comment_status":"open","ping_status":"closed","template":"","meta":{"_acf_changed":false,"content-type":"","_monsterinsights_skip_tracking":false,"_monsterinsights_sitenote_active":false,"_monsterinsights_sitenote_note":"","_monsterinsights_sitenote_category":0},"product_brand":[],"product_cat":[345,119,121,120],"product_tag":[],"class_list":{"0":"post-6564","1":"product","2":"type-product","3":"status-publish","4":"has-post-thumbnail","6":"product_cat-pipe-connectors","7":"product_cat-formicarium-components","8":"product_cat-connectors","9":"product_cat-hoses","11":"first","12":"instock","13":"taxable","14":"shipping-taxable","15":"purchasable","16":"product-type-simple"},"acf":[],"aioseo_notices":[],"jetpack_sharing_enabled":true,"_links":{"self":[{"href":"https:\/\/antcube.shop\/pl\/wp-json\/wp\/v2\/product\/6564","targetHints":{"allow":["GET"]}}],"collection":[{"href":"https:\/\/antcube.shop\/pl\/wp-json\/wp\/v2\/product"}],"about":[{"href":"https:\/\/antcube.shop\/pl\/wp-json\/wp\/v2\/types\/product"}],"replies":[{"embeddable":true,"href":"https:\/\/antcube.shop\/pl\/wp-json\/wp\/v2\/comments?post=6564"}],"wp:featuredmedia":[{"embeddable":true,"href":"https:\/\/antcube.shop\/pl\/wp-json\/wp\/v2\/media\/6593"}],"wp:attachment":[{"href":"https:\/\/antcube.shop\/pl\/wp-json\/wp\/v2\/media?parent=6564"}],"wp:term":[{"taxonomy":"product_brand","embeddable":true,"href":"https:\/\/antcube.shop\/pl\/wp-json\/wp\/v2\/product_brand?post=6564"},{"taxonomy":"product_cat","embeddable":true,"href":"https:\/\/antcube.shop\/pl\/wp-json\/wp\/v2\/product_cat?post=6564"},{"taxonomy":"product_tag","embeddable":true,"href":"https:\/\/antcube.shop\/pl\/wp-json\/wp\/v2\/product_tag?post=6564"}],"curies":[{"name":"wp","href":"https:\/\/api.w.org\/{rel}","templated":true}]}}