{"id":6562,"date":"2023-12-04T11:33:43","date_gmt":"2023-12-04T10:33:43","guid":{"rendered":"https:\/\/antcube.shop\/product\/bundle-offer-messor-structor\/"},"modified":"2026-04-13T09:34:33","modified_gmt":"2026-04-13T07:34:33","slug":"bundle-offer-messor-structor","status":"publish","type":"product","link":"https:\/\/antcube.shop\/pl\/produkt\/bundle-offer-messor-structor\/","title":{"rendered":"Oferta pakietowa - Messor structor"},"content":{"rendered":"<p><span data-text-color=\"secondary\"><strong>Oferta pakietowa obejmuj\u0105ca koloni\u0119 mr\u00f3wek Messor structor (kr\u00f3lowa z 11-25 robotnicami + czerw), zestaw startowy Habitat Desert M z drug\u0105 farm\u0105 mr\u00f3wek 20\u00d720 M, 3x podk\u0142adki formikarium i s\u0142oik naszych specjalnych blanszowanych \u015bwierszczy 10g (wilgotne bia\u0142ko).<\/strong><\/span><\/p>\n<p><span data-text-color=\"alert\"><strong>Tylko do wyczerpania zapas\u00f3w.<\/strong><\/span><\/p>\n<p><strong>Wszystko, czego potrzebujesz do stworzenia kolonii mr\u00f3wek Messor structor<\/strong><br \/>\nTen zestaw zawiera wszystko, czego potrzebujesz, aby z powodzeniem przeprowadzi\u0107 koloni\u0119 Messor barbarus przez kilka pierwszych miesi\u0119cy. Jest elastyczny i odpowiedni dla pocz\u0105tkuj\u0105cych hodowc\u00f3w mr\u00f3wek.<\/p>\n<p><strong>Gatunki mr\u00f3wek Messor structor<\/strong><br \/>\nMessor structor jest gatunkiem mr\u00f3wki ziarno\u017cernej. Wyst\u0119puje g\u0142\u00f3wnie w po\u0142udniowej Europie i regionie \u015br\u00f3dziemnomorskim, ale tak\u017ce w Europie \u015arodkowej, a jego obszar wyst\u0119powania rozci\u0105ga si\u0119 a\u017c do Iranu i po\u0142udniowej Rosji. Jest to r\u00f3wnie\u017c jedyny gatunek Messor wyst\u0119puj\u0105cy w Niemczech. Robotnice s\u0105 nieco mniejsze ni\u017c u Messor barbarus, ale Messor structor wcze\u015bniej produkuje tak zwane g\u0142\u00f3wne robotnice (najwi\u0119ksza kasta robotnic).<\/p>\n<p>Chocia\u017c Messor structor wyst\u0119puje g\u0142\u00f3wnie na stepach, w niekt\u00f3rych krajach istniej\u0105 populacje, kt\u00f3re lepiej czuj\u0105 si\u0119 w regionach g\u00f3rskich, a nawet w lasach mieszanych. \u015awiadczy to o du\u017cych zdolno\u015bciach adaptacyjnych tego gatunku. Messor structor zwykle tworzy kolonie poliginiczne (kilka kr\u00f3lowych w jednej kolonii), ale wyst\u0119puje r\u00f3wnie\u017c monoginicznie (tylko jedna kr\u00f3lowa na koloni\u0119).<\/p>\n<p>Naukowcy od pewnego czasu pr\u00f3buj\u0105 dowiedzie\u0107 si\u0119, czy Messor structor m\u00f3g\u0142 rozwin\u0105\u0107 kilka podgatunk\u00f3w wyst\u0119puj\u0105cych w r\u00f3\u017cnych regionach, analizuj\u0105c materia\u0142 genetyczny r\u00f3\u017cnych kolonii. Nie zosta\u0142o to jednak jeszcze ostatecznie wyja\u015bnione.<\/p>\n<p><strong>Gniazdo dla struktury Messor<\/strong><br \/>\nMessor structor preferuje gniazdowanie na glebach piaszczystych. Jednak w przeciwie\u0144stwie do wi\u0119kszo\u015bci innych gatunk\u00f3w Messor jest stosunkowo elastyczny i czasami mo\u017cna go znale\u017a\u0107 gniazduj\u0105cego pod kamieniami lub w zacienionych miejscach na bardziej ziemistych glebach.<\/p>\n<p><strong>\u017bywno\u015b\u0107 dla struktora Messor<\/strong><br \/>\nPodobnie jak wszystkie gatunki Messor, Messor structor \u017cywi si\u0119 g\u0142\u00f3wnie nasionami, kt\u00f3re s\u0105 zbierane, przechowywane i przetwarzane na tak zwany chleb mr\u00f3wczy, kt\u00f3ry ma d\u0142u\u017cszy okres przydatno\u015bci do spo\u017cycia i pozwala koloniom przetrwa\u0107 okresy, w kt\u00f3rych w naturze mo\u017cna znale\u017a\u0107 mniej nasion. Bia\u0142ko jest akceptowane zar\u00f3wno \u017cywe, jak i martwe. W naturze mr\u00f3wki zabijaj\u0105 ma\u0142e owady i wykorzystuj\u0105 je do karmienia swojego potomstwa. Roztw\u00f3r cukru lub mi\u00f3d jest akceptowany tylko wtedy, gdy kolonia nie ma wystarczaj\u0105cej ilo\u015bci \u015bwie\u017cej wody, aby zaspokoi\u0107 swoje zapotrzebowanie na wilgo\u0107.<\/p>\n<p><strong>Optymalne warunki klimatyczne dla Messor structor s\u0105 nast\u0119puj\u0105ce:<\/strong><br \/>\n<strong>Wilgotno\u015b\u0107:<\/strong><br \/>\nArena: 30 - 50% Obszar gniazda: 50 - 70%<br \/>\n<strong>Temperatura:<\/strong><br \/>\nArena: 22 - 30\u00b0C Obszar gniazda: 21- 27\u00b0C<\/p>\n<p><strong>Zawarto\u015b\u0107:<\/strong><\/p>\n<p>1x kolonia mr\u00f3wek Messor structor (kr\u00f3lowa + 11-25 robotnic + czerw)<br \/>\n1x Cricket Jam 25g<br \/>\n1x karma zbo\u017cowa minor 100g<br \/>\n1x Podk\u0142adka pod Formicarium - 20x20cm<br \/>\n2x Formicarium pad - 20x6cm<\/p>\n<p>1x ANTCUBE - arena 20x20x10 - p\u0142aska<br \/>\n1x rama areny mr\u00f3wek 20\u00d720<br \/>\n1x pokrywa areny mr\u00f3wek 20\u00d720<br \/>\n4x punkt mocowania dla pokrywy areny<br \/>\n2x ANTCUBE - farma mr\u00f3wek - M - 20\u00d720 - stoj\u0105cy<\/p>\n<p>1x 1m rurka przezroczysta 14\/10 mm<br \/>\n2x ANTCUBE - czerwona folia 20\u00d720 - filtr<br \/>\n2x klipsy samoprzylepne - przezroczyste 2 szt.<br \/>\n1x pod\u0142o\u017ce - pustynne - 1kg<br \/>\n1x Formicarium granulat 200ml - be\u017cowy<\/p>\n<p>1x Grid cap &#8211; 10mm &#8211; stainless steel<br \/>\n2x Grid insert acrylic &#8211; 50 mm with sealing ring<br \/>\n1x Grid insert acrylic &#8211; 27 mm with sealing ring<\/p>\n<p>1x z\u0142\u0105cze w\u0119\u017ca zbiornika 27-14,16,20 mm - przezroczyste<br \/>\n2x Foil thermometer &#8211; farm<br \/>\n1x Foil thermometer Display<br \/>\n1x drinking clear 5ml &#8211; sponge<br \/>\n1x Feeding dish white rectangle &#8211; 3 compartments<br \/>\n1x Olejek chroni\u0105cy przed ucieczk\u0105 mr\u00f3wek 10ml<br \/>\n1x P\u0119seta ze stali spr\u0119\u017cynowej - szeroka - mi\u0119kka<br \/>\n1x P\u0119seta plastikowa przezroczysta<br \/>\n1x pipeta plastikowa 3ml<br \/>\n1x lupa r\u0119czna - 2x - 30mm<br \/>\n1x wycieraczka piankowa 150x18x2,5mm<br \/>\n1x plecy fotograficzne - pustynia - 20\u00d710<\/p>\n<p>&nbsp;<\/p>\n<p><strong>Opis:<\/strong><br \/>\nTen zestaw startowy Desert jest odpowiedni dla wszystkich gatunk\u00f3w z rodzaju Messor \u017cyj\u0105cych na pustyniach, stepach lub w klimacie \u015br\u00f3dziemnomorskim. Jedna z dw\u00f3ch farm jest przeznaczona do przechowywania nasion i chleba mr\u00f3wek i dlatego powinna by\u0107 ca\u0142kowicie sucha, aby zapobiec kie\u0142kowaniu lub ple\u015bnieniu nasion\/ziaren przechowywanych tam przez mr\u00f3wki.<\/p>\n<p>W ca\u0142kowicie przezroczystej farmie (gnie\u017adzie), \"pod\u0142o\u017ce - pustynia\" s\u0142u\u017cy do wype\u0142nienia farmy. W razie potrzeby przez 50 mm otwory w pokrywie mo\u017cna pod\u0142\u0105czy\u0107 dodatkowe modu\u0142y, np. dost\u0119pne oddzielnie zamg\u0142awiacze, wentylatory lub o\u015bwietlenie. Alternatywnie, do zamkni\u0119cia otwor\u00f3w do\u0142\u0105czone s\u0105 odpowiednie za\u015blepki formikarium. W razie potrzeby formikarium mo\u017cna r\u00f3wnie\u017c obs\u0142ugiwa\u0107 w trybie otwartym, po prostu umieszczaj\u0105c zdejmowan\u0105 ram\u0119 na g\u00f3rze i nak\u0142adaj\u0105c na kraw\u0119d\u017a olej chroni\u0105cy przed ucieczk\u0105 mr\u00f3wek. \"Przezroczyste poide\u0142ko 20 ml - g\u0105bka\" jest przeznaczone do wody, a \"dozownik pokarmu 2 ml - dozowalny\" do pokarmu zbo\u017cowego.<\/p>\n<p><strong>Wa\u017cne:<\/strong> Przed u\u017cyciem nale\u017cy zwil\u017cy\u0107 pod\u0142o\u017ce, aby mieszanina mog\u0142a si\u0119 zwi\u0105za\u0107 i mocno osadzi\u0107 w hodowli mr\u00f3wek. Ponadto, je\u015bli pod\u0142o\u017ce jest zbyt suche i zakurzone, drogi oddechowe mr\u00f3wek mog\u0105 zosta\u0107 zablokowane, a w najgorszym przypadku zwierz\u0119ta mog\u0105 si\u0119 udusi\u0107.<\/p>\n<p><strong>Zalecenie:<\/strong> Zalecamy warstw\u0119 pod\u0142o\u017ca o wysoko\u015bci 2 mm, aby zwierz\u0119ta nie mog\u0142y zagrzeba\u0107 si\u0119 na arenie i zamiast tego korzysta\u0142y z przeznaczonej do tego celu zagrody. Zalecamy r\u00f3wnie\u017c, aby materia\u0142 do budowy gniazda w zagrodzie (piasek\/glina, Digfix, itp.) by\u0142 lekko nak\u0142uty w jednym miejscu, aby u\u0142atwi\u0107 zwierz\u0119tom kopanie.<\/p>\n<p><strong>Uwagi dotycz\u0105ce produkcji<\/strong><br \/>\nSzk\u0142o jest ci\u0119te na wymiar zgodnie z norm\u0105 DIN 1249 z tolerancj\u0105 +\/- 1 mm. Dodatkowa ochrona przed wy\u0142amaniem jest niezb\u0119dna w przypadku wyj\u0105tkowo ma\u0142ych gatunk\u00f3w mr\u00f3wek.<\/p>\n<p><strong>Uwagi dotycz\u0105ce gospodarstwa<\/strong><br \/>\nPrzy zak\u0142adaniu i zdejmowaniu w\u0119\u017cy nale\u017cy przestrzega\u0107 nast\u0119puj\u0105cych wskaz\u00f3wek:<br \/>\nJe\u015bli w\u0105\u017c jest bardzo trudny do zamocowania w gnie\u017adzie przy\u0142\u0105czeniowym, gniazdo nale\u017cy lekko natrze\u0107 kropl\u0105 naszego oleju lub proszku zabezpieczaj\u0105cego przed wyrwaniem. Nast\u0119pnie w\u0105\u017c nale\u017cy wsun\u0105\u0107 do gniazda za pomoc\u0105 ruch\u00f3w obrotowych lub wkr\u0119caj\u0105cych, bez obci\u0105\u017cania gniazda ruchami w g\u00f3r\u0119 i w d\u00f3\u0142. To samo dotyczy zdejmowania w\u0119\u017cy z gniazda przy\u0142\u0105czeniowego. Nie nale\u017cy go po prostu \u015bci\u0105ga\u0107!<\/p>\n<p><strong>Notatki na temat d\u017cemu krykietowego:<\/strong><br \/>\nNasze blanszowane \u015bwierszcze to \u0142atwy spos\u00f3b na zapewnienie mr\u00f3wkom \u015bwie\u017co konserwowanego pokarmu bia\u0142kowego bez konieczno\u015bci karmienia \u017cywymi owadami. Zawarte \u015bwierszcze (Acheta domesticus) zosta\u0142y delikatnie zblanszowane, aby zapewni\u0107 zachowanie warto\u015bci od\u017cywczych, smaku i aromatu. Ponadto chitynowa pow\u0142oka owad\u00f3w jest w ten spos\u00f3b zmi\u0119kczana, dzi\u0119ki czemu mo\u017ce by\u0107 \u0142atwiej trawiona. Wi\u0105zania bia\u0142ek kolagenowych s\u0105 rozbijane, aby mr\u00f3wki mog\u0142y je lepiej wykorzysta\u0107. Konserwy Acheta domesticus maj\u0105 tak\u0105 sam\u0105 warto\u015b\u0107 od\u017cywcz\u0105 jak \u017cywe \u015bwierszcze, ale s\u0105 \u0142atwiejsze do strawienia.<\/p>\n<p>Cricket Jam nie nadaje si\u0119 do polowania na gatunki mr\u00f3wek, kt\u00f3re wymagaj\u0105 \u017cywego pokarmu (np. ponerines (wielkie mr\u00f3wki), takie jak Harpegnathos lub Odontomachus).<\/p>\n<p><strong>Dalsze korzy\u015bci:<\/strong><br \/>\nGwarantowany brak roztoczy<br \/>\nMo\u017cna porcjowa\u0107 i rozcie\u0144cza\u0107 wod\u0105<br \/>\nSterylizowane i pakowane pr\u00f3\u017cniowo<br \/>\nBez dodatk\u00f3w<br \/>\n\u015awierszcze ze zr\u00f3wnowa\u017conej, czysto ekologicznej hodowli, karmione odpadami organicznymi<\/p>\n<p><strong>Uwaga:<\/strong><br \/>\nMo\u017cna przechowywa\u0107 w lod\u00f3wce przez oko\u0142o cztery dni po otwarciu. D\u0142u\u017cszy okres trwa\u0142o\u015bci w przypadku zamro\u017cenia.<br \/>\nUwaga: Najpierw porcjowa\u0107, potem zamra\u017ca\u0107.<\/p>","protected":false},"excerpt":{"rendered":"<p>Zestaw sk\u0142ada si\u0119 z 38 element\u00f3w<\/p>\n<p>Wielko\u015b\u0107: <strong>M<\/strong><\/p>","protected":false},"featured_media":7134,"comment_status":"open","ping_status":"closed","template":"","meta":{"_acf_changed":false,"content-type":"","_monsterinsights_skip_tracking":false,"_monsterinsights_sitenote_active":false,"_monsterinsights_sitenote_note":"","_monsterinsights_sitenote_category":0},"product_brand":[],"product_cat":[355,353,73],"product_tag":[],"class_list":{"0":"post-6562","1":"product","2":"type-product","3":"status-publish","4":"has-post-thumbnail","6":"product_cat-bundle-offers","7":"product_cat-starter-sets-for-harvester-ants","8":"product_cat-starter-sets","10":"first","11":"instock","12":"taxable","13":"shipping-taxable","14":"purchasable","15":"product-type-simple"},"acf":[],"aioseo_notices":[],"jetpack_sharing_enabled":true,"_links":{"self":[{"href":"https:\/\/antcube.shop\/pl\/wp-json\/wp\/v2\/product\/6562","targetHints":{"allow":["GET"]}}],"collection":[{"href":"https:\/\/antcube.shop\/pl\/wp-json\/wp\/v2\/product"}],"about":[{"href":"https:\/\/antcube.shop\/pl\/wp-json\/wp\/v2\/types\/product"}],"replies":[{"embeddable":true,"href":"https:\/\/antcube.shop\/pl\/wp-json\/wp\/v2\/comments?post=6562"}],"wp:featuredmedia":[{"embeddable":true,"href":"https:\/\/antcube.shop\/pl\/wp-json\/wp\/v2\/media\/7134"}],"wp:attachment":[{"href":"https:\/\/antcube.shop\/pl\/wp-json\/wp\/v2\/media?parent=6562"}],"wp:term":[{"taxonomy":"product_brand","embeddable":true,"href":"https:\/\/antcube.shop\/pl\/wp-json\/wp\/v2\/product_brand?post=6562"},{"taxonomy":"product_cat","embeddable":true,"href":"https:\/\/antcube.shop\/pl\/wp-json\/wp\/v2\/product_cat?post=6562"},{"taxonomy":"product_tag","embeddable":true,"href":"https:\/\/antcube.shop\/pl\/wp-json\/wp\/v2\/product_tag?post=6562"}],"curies":[{"name":"wp","href":"https:\/\/api.w.org\/{rel}","templated":true}]}}