{"id":6559,"date":"2023-12-04T11:33:22","date_gmt":"2023-12-04T10:33:22","guid":{"rendered":"https:\/\/antcube.shop\/product\/heizmatte-26x28cm-14w\/"},"modified":"2026-03-30T10:31:01","modified_gmt":"2026-03-30T08:31:01","slug":"mata-grzewcza-26x28cm-14w","status":"publish","type":"product","link":"https:\/\/antcube.shop\/pl\/produkt\/mata-grzewcza-26x28cm-14w\/","title":{"rendered":"Mata grzewcza 26x28cm - 14W"},"content":{"rendered":"<p><strong>Wymiary:<\/strong> 26 x 28 cm<\/p>\n<p><strong>Moc:<\/strong> 14 W<\/p>\n<p><strong>Temperatura powierzchni:<\/strong> 28-32 \u00b0C<\/p>\n<p><strong>Opis:<\/strong> Mata grzewcza do formikarium - szczeg\u00f3lnie odpowiednia dla gatunk\u00f3w z cieplejszych kraj\u00f3w. Maty grzewcze emituj\u0105 promieniowanie podczerwone, podobne do promiennik\u00f3w ceramicznych. Promienie ogrzewaj\u0105 przedmioty i zwierz\u0119ta bez znacznego zwi\u0119kszania temperatury powietrza. S\u0105 zatem idealne do zapewnienia miejsc do \"opalania\". Ka\u017cdy niezb\u0119dny gradient temperatury w formikarium mo\u017ce by\u0107 w ten spos\u00f3b lepiej osi\u0105gni\u0119ty i kontrolowany. Maty grzewcze s\u0105 samoprzylepne, dzi\u0119ki czemu mo\u017cna je \u0142atwo przymocowa\u0107 do formikarium.<\/p>\n<p><strong>Uwaga:<\/strong> Nigdy nie nale\u017cy umieszcza\u0107 element\u00f3w grzewczych bezpo\u015brednio pod formikarium, nale\u017cy zawsze zapewni\u0107 mo\u017cliwo\u015b\u0107 odprowadzania ciep\u0142a, aby zapobiec jego gromadzeniu si\u0119 lub uszkodzeniu formikarium.<\/p>","protected":false},"excerpt":{"rendered":"<p><strong>Wymiary:<\/strong> 26 x 28 cm \/ wtyczka Euro dla 230 V<\/p>","protected":false},"featured_media":6619,"comment_status":"open","ping_status":"closed","template":"","meta":{"_acf_changed":false,"content-type":"","_monsterinsights_skip_tracking":false,"_monsterinsights_sitenote_active":false,"_monsterinsights_sitenote_note":"","_monsterinsights_sitenote_category":0},"product_brand":[],"product_cat":[359,119],"product_tag":[],"class_list":{"0":"post-6559","1":"product","2":"type-product","3":"status-publish","4":"has-post-thumbnail","6":"product_cat-light-heat-humidity","7":"product_cat-formicarium-components","9":"first","10":"instock","11":"taxable","12":"shipping-taxable","13":"purchasable","14":"product-type-simple"},"acf":[],"aioseo_notices":[],"jetpack_sharing_enabled":true,"_links":{"self":[{"href":"https:\/\/antcube.shop\/pl\/wp-json\/wp\/v2\/product\/6559","targetHints":{"allow":["GET"]}}],"collection":[{"href":"https:\/\/antcube.shop\/pl\/wp-json\/wp\/v2\/product"}],"about":[{"href":"https:\/\/antcube.shop\/pl\/wp-json\/wp\/v2\/types\/product"}],"replies":[{"embeddable":true,"href":"https:\/\/antcube.shop\/pl\/wp-json\/wp\/v2\/comments?post=6559"}],"wp:featuredmedia":[{"embeddable":true,"href":"https:\/\/antcube.shop\/pl\/wp-json\/wp\/v2\/media\/6619"}],"wp:attachment":[{"href":"https:\/\/antcube.shop\/pl\/wp-json\/wp\/v2\/media?parent=6559"}],"wp:term":[{"taxonomy":"product_brand","embeddable":true,"href":"https:\/\/antcube.shop\/pl\/wp-json\/wp\/v2\/product_brand?post=6559"},{"taxonomy":"product_cat","embeddable":true,"href":"https:\/\/antcube.shop\/pl\/wp-json\/wp\/v2\/product_cat?post=6559"},{"taxonomy":"product_tag","embeddable":true,"href":"https:\/\/antcube.shop\/pl\/wp-json\/wp\/v2\/product_tag?post=6559"}],"curies":[{"name":"wp","href":"https:\/\/api.w.org\/{rel}","templated":true}]}}