{"id":6555,"date":"2023-12-04T11:27:26","date_gmt":"2023-12-04T10:27:26","guid":{"rendered":"https:\/\/antcube.shop\/product\/ameisenarena-lampenfassung-e27\/"},"modified":"2026-04-13T09:34:36","modified_gmt":"2026-04-13T07:34:36","slug":"ant-arena-gniazdo-lampy-e27","status":"publish","type":"product","link":"https:\/\/antcube.shop\/pl\/produkt\/ant-arena-gniazdo-lampy-e27\/","title":{"rendered":"Ant Arena - Oprawka lampy - E27"},"content":{"rendered":"<p><strong>Zawarto\u015b\u0107:<\/strong><br \/>\n- Plastikowa oprawka E27 z kablem sieciowym i prze\u0142\u0105cznikiem<br \/>\n- przezroczysty pier\u015bcie\u0144 akrylowy do mocowania w otworach 50 mm<\/p>\n<p><strong>Materia\u0142:<\/strong> gniazdo (tworzywo sztuczne); uchwyt (tworzywo sztuczne); kabel (mied\u017a z plastikow\u0105 os\u0142on\u0105); pier\u015bcie\u0144 PMMA (do mocowania w otworach 50 mm)<\/p>\n<p><strong>Kolor:<\/strong> jasnoszary<\/p>\n<p><strong>Dane techniczne:<\/strong><br \/>\nWymiary gniazda: 4,5\u00d74,5\u00d76 cm<br \/>\nD\u0142ugo\u015b\u0107 kabla: 3,5 m<br \/>\nMoc: maks. 60 W<br \/>\nGniazdo: E27<\/p>\n<p><strong>UWAGA: <\/strong>W przypadku stosowania z naszymi os\u0142onami hybrydowymi i ramkami Arena o szeroko\u015bci 5 cm ten uchwyt lampy nie b\u0119dzie pasowa\u0142. Do pokrywy hybrydowej potrzebna b\u0119dzie ramka o szeroko\u015bci 3 cm.<\/p>\n<p><strong>Opis:<\/strong><br \/>\nAby o\u015bwietli\u0107 mrowisko, gniazdo to mo\u017cna pod\u0142\u0105czy\u0107 bezpo\u015brednio do pokrywy mrowiska.<\/p>\n<p>&nbsp;<\/p>","protected":false},"excerpt":{"rendered":"<p>Zawarto\u015b\u0107: - plastikowa oprawka E27 z kablem sieciowym i wy\u0142\u0105cznikiem - przezroczysty akrylowy pier\u015bcie\u0144 do mocowania w otworach 50 mm Materia\u0142: gniazdo (tworzywo sztuczne); oprawka (tworzywo sztuczne); kabel (mied\u017a z os\u0142on\u0105 z tworzywa sztucznego); pier\u015bcie\u0144 PMMA (do mocowania w otworach 50 mm) Kolor: jasnoszary Dane techniczne: Wymiary gniazda: 4,5\u00d74,5\u00d76 cm D\u0142ugo\u015b\u0107 kabla: 3,5 m Moc: max 60W [...]","protected":false},"featured_media":7574,"comment_status":"open","ping_status":"closed","template":"","meta":{"_acf_changed":false,"content-type":"","_monsterinsights_skip_tracking":false,"_monsterinsights_sitenote_active":false,"_monsterinsights_sitenote_note":"","_monsterinsights_sitenote_category":0},"product_brand":[],"product_cat":[359,119],"product_tag":[],"class_list":{"0":"post-6555","1":"product","2":"type-product","3":"status-publish","4":"has-post-thumbnail","6":"product_cat-light-heat-humidity","7":"product_cat-formicarium-components","9":"first","10":"instock","11":"taxable","12":"shipping-taxable","13":"purchasable","14":"product-type-simple"},"acf":[],"aioseo_notices":[],"jetpack_sharing_enabled":true,"_links":{"self":[{"href":"https:\/\/antcube.shop\/pl\/wp-json\/wp\/v2\/product\/6555","targetHints":{"allow":["GET"]}}],"collection":[{"href":"https:\/\/antcube.shop\/pl\/wp-json\/wp\/v2\/product"}],"about":[{"href":"https:\/\/antcube.shop\/pl\/wp-json\/wp\/v2\/types\/product"}],"replies":[{"embeddable":true,"href":"https:\/\/antcube.shop\/pl\/wp-json\/wp\/v2\/comments?post=6555"}],"wp:featuredmedia":[{"embeddable":true,"href":"https:\/\/antcube.shop\/pl\/wp-json\/wp\/v2\/media\/7574"}],"wp:attachment":[{"href":"https:\/\/antcube.shop\/pl\/wp-json\/wp\/v2\/media?parent=6555"}],"wp:term":[{"taxonomy":"product_brand","embeddable":true,"href":"https:\/\/antcube.shop\/pl\/wp-json\/wp\/v2\/product_brand?post=6555"},{"taxonomy":"product_cat","embeddable":true,"href":"https:\/\/antcube.shop\/pl\/wp-json\/wp\/v2\/product_cat?post=6555"},{"taxonomy":"product_tag","embeddable":true,"href":"https:\/\/antcube.shop\/pl\/wp-json\/wp\/v2\/product_tag?post=6555"}],"curies":[{"name":"wp","href":"https:\/\/api.w.org\/{rel}","templated":true}]}}