{"id":6377,"date":"2023-10-06T18:09:26","date_gmt":"2023-10-06T16:09:26","guid":{"rendered":"https:\/\/antcube.shop\/product\/bundle-offer-polyrhachis-dives\/"},"modified":"2026-03-27T18:08:09","modified_gmt":"2026-03-27T17:08:09","slug":"oferta-pakietowa-nurkowania-polyrhachis","status":"publish","type":"product","link":"https:\/\/antcube.shop\/pl\/produkt\/oferta-pakietowa-nurkowania-polyrhachis\/","title":{"rendered":"Oferta pakietowa - nurkowania Polyrhachis"},"content":{"rendered":"<p dir=\"ltr\"><span data-text-color=\"alert\"><strong><span data-text-color=\"secondary\">Oferta pakietowa obejmuj\u0105ca koloni\u0119 mr\u00f3wek Polyrhachis dives (kr\u00f3lowa z 26-50 robotnicami + wyl\u0119g), zestaw startowy dla mr\u00f3wek tkaczek z 1x podstaw\u0105 formikarium, 1x krzewem ozdobnym i 1x kul\u0105 gniazdow\u0105 jako miejscem gniazdowania oraz 1x platform\u0105 magnetyczn\u0105 u\u0142atwiaj\u0105c\u0105 karmienie.<\/span><br \/>\n<\/strong><\/span><\/p>\n<p><span data-text-color=\"alert\"><strong>Tylko do wyczerpania zapas\u00f3w.<\/strong><\/span><\/p>\n<p><strong>Wszystko, czego potrzebujesz do stworzenia kolonii mr\u00f3wek Polyrhachis dives<\/strong><br \/>\nTen zestaw zawiera wszystko, czego potrzebujesz, aby z powodzeniem przeprowadzi\u0107 koloni\u0119 Polyrhachis dives przez kilka pierwszych miesi\u0119cy. Jest elastyczny i odpowiedni dla pocz\u0105tkuj\u0105cych hodowc\u00f3w mr\u00f3wek.<\/p>\n<p><strong>Gatunek mr\u00f3wki Polyrhachis dives:<\/strong><br \/>\nPolyrhachis dives pochodzi z Azji i Australii i ma nieco wi\u0119kszy obszar wyst\u0119powania. Cech\u0105 charakterystyczn\u0105 tego gatunku jest srebrne do z\u0142otego ubarwienie na czarno-br\u0105zowym ciele zwierz\u0105t. S\u0105 nieco mniejsze ni\u017c Oecophylla, cz\u0119sto \u017cyj\u0105 blisko ziemi i lubi\u0105 budowa\u0107 gniazda na kamieniach lub korze drzew. U\u017cywaj\u0105 swoich larw do prz\u0119dzenia gniazda, ale z naukowego punktu widzenia nie nale\u017c\u0105 do \"prawdziwych mr\u00f3wek tkackich\", takich jak Oecophylla, chocia\u017c zasadniczo u\u017cywaj\u0105 prawie tej samej techniki tkania. Gatunki z rodzaju Polyrhachis maj\u0105 czasami do\u015b\u0107 ma\u0142e kolonie licz\u0105ce maksymalnie kilka tysi\u0119cy osobnik\u00f3w. Wed\u0142ug doniesie\u0144, Polyrhachis dives mog\u0105 nawet tworzy\u0107 kolonie z kilkuset kr\u00f3lowymi i do kilkuset tysi\u0119cy robotnic w idealnych warunkach. Nie b\u0119dzie tak jednak w przypadku trzymania ich w domu.<\/p>\n<p>Polyrhachis dives jest poliginiczny, co oznacza, \u017ce mo\u017ce mie\u0107 kilka kr\u00f3lowych w tym samym czasie. Oznacza to, \u017ce rozmiar kolonii mo\u017ce rosn\u0105\u0107 bardzo szybko i potrzebuje ona du\u017co po\u017cywienia i miejsca. Dlatego te\u017c formikarium powinno mie\u0107 mo\u017cliwo\u015b\u0107 rozbudowy. Ze wzgl\u0119du na rozmiar kolonii s\u0105 one do\u015b\u0107 zwinne i s\u0105 prawdziwymi specjalistami od ucieczek. Nale\u017cy zatem zadba\u0107 o dobr\u0105 ochron\u0119 przed ucieczk\u0105.<\/p>\n<p><strong>Gniazdo dla Polyrhachis dives<\/strong><br \/>\nW formikarium Polyrhachis dives zaakceptuj\u0105 niemal ka\u017cdy materia\u0142 budowlany, jaki im zaoferujesz. Od piasku, drobnej \u015bci\u00f3\u0142ki zwierz\u0119cej lub li\u015bci, przez korek i kawa\u0142ki drewna, a\u017c po ma\u0142e kamienie, wplataj\u0105 w swoje gniazda wszystko, co zapewnia natura wok\u00f3\u0142 ich domu. Od wielu lat utrzymujemy nasze kolonie Polyrhachis za pomoc\u0105 tak zwanych kul gniazdowych. W tym zestawie do\u0142\u0105czyli\u015bmy r\u00f3wnie\u017c ozdobny krzew, dzi\u0119ki czemu kula gniazdowa mo\u017ce by\u0107 umieszczona nieco nad ziemi\u0105, jak to zwykle bywa w naturze.<\/p>\n<p><strong>Pokarm dla nurk\u00f3w z gatunku Polyrhachis<\/strong><br \/>\nJako pokarm zawarli\u015bmy w tym zestawie ca\u0142e blanszowane \u015bwierszcze i spadzi\u0119. Oba s\u0105 bardzo dobrze akceptowane przez Polyrhachis dives i wspieraj\u0105 naturalny i pozytywny rozw\u00f3j kolonii dzi\u0119ki zawartym sk\u0142adnikom od\u017cywczym.<\/p>\n<p><strong>Optymalne warunki klimatyczne dla nurkowa\u0144 Polyrhachis s\u0105 nast\u0119puj\u0105ce:<\/strong><br \/>\nWilgotno\u015b\u0107:<br \/>\nArena: 50 - 70% Obszar gniazda: 60 - 80%<br \/>\nTemperatura:<br \/>\nArena: W ci\u0105gu dnia: 28 - 30\u00b0C W nocy: 24 - 28\u00b0C Obszar gniazda: 28- 30\u00b0C<\/p>\n<p><strong>Tre\u015b\u0107:<\/strong><\/p>\n<p>1x Polyrhachis dives (2 queens + 26-50 workers + brood)<br \/>\n1x kulka gniazdowa naturalna 10 cm - gruboziarnista<br \/>\n1x platforma naro\u017cna ANTCUBE 8\u00d78 - magnes<br \/>\n1x Dekoracyjny krzew pustynny 30x15cm - ciemnobr\u0105zowy<br \/>\n1x opakowanie uzupe\u0142niaj\u0105ce mieszanki spadziowej 10 ml<br \/>\n1x Cricket Jam 25g<br \/>\n1x Podstawa formicarium 20\u00d720<\/p>\n<p>1x ANTCUBE - Arena 20x20x40 - Wysoka<br \/>\n1x rama areny mr\u00f3wek 20\u00d720<br \/>\n1x pokrywa areny mr\u00f3wek 20\u00d720<br \/>\n4x punkt mocowania dla pokrywy areny<\/p>\n<p>1x pod\u0142o\u017ce - las deszczowy - 1 kg<br \/>\n1x tylna \u015bciana fotograficzna - las deszczowy - 20\u00d740 - wysoka<br \/>\n1x butelka z rozpylaczem 0,5 litra - mosi\u0119\u017cna dysza<\/p>\n<p>2x Grid insert acrylic &#8211; 50 mm with sealing ring<br \/>\n2x Grid insert acrylic &#8211; 27 mm with sealing ring<\/p>\n<p>1x p\u0119seta ze stali spr\u0119\u017cynowej szeroka - mi\u0119kka<br \/>\n1x standardowa plastikowa p\u0119seta<br \/>\n1x Plastikowa pipeta 3ml<br \/>\n1x Ant Outbreak Protection Oil 10ml<br \/>\n1x drinking clear 5ml &#8211; sponge<br \/>\n1x Feeding dish white rectangle &#8211; 3 compartments<br \/>\n1x Drinking trough 2ml &#8211; 360 Degrees<br \/>\n1x Lupa r\u0119czna - 2x - 30mm<br \/>\n1x wycieraczka piankowa 150x18x2,5mm<\/p>\n<p>&nbsp;<\/p>\n<p><strong>Opis Zestaw startowy mr\u00f3wek tkaczy:<\/strong><br \/>\nTen rozszerzalny zestaw startowy dla r\u00f3\u017cnych gatunk\u00f3w mr\u00f3wek tkaczy, takich jak Polyrhachis spec. lub Oecophylla spec. zawiera nie tylko optymalnie dostosowane formikarium, ale tak\u017ce odpowiednie akcesoria do hodowli tego gatunku mr\u00f3wek. Odpowiednie dla kolonii licz\u0105cych do ok. 500-1000 osobnik\u00f3w. Dla wi\u0119kszych kolonii zalecamy formikarium o wymiarach 30x30x60 cm. Poid\u0142o \"przezroczyste 20 ml - g\u0105bka\" jest przeznaczone do wody, a poid\u0142o \"2 ml - 360 stopni\" do mieszanki spadziowej.<\/p>\n<p><strong>Wa\u017cne:<\/strong> Prosimy o zwil\u017cenie pod\u0142o\u017ca przed u\u017cyciem, aby mieszanka mog\u0142a si\u0119 zwi\u0105za\u0107 i mocno osadzi\u0107 w hodowli mr\u00f3wek. Ponadto suche i zakurzone pod\u0142o\u017ce mo\u017ce spowodowa\u0107 zablokowanie dr\u00f3g oddechowych mr\u00f3wek, a w najgorszym przypadku doprowadzi\u0107 do uduszenia si\u0119 zwierz\u0105t.<\/p>\n<p><strong>Uwagi dotycz\u0105ce produkcji<\/strong><br \/>\nSzk\u0142o jest ci\u0119te na wymiar zgodnie z norm\u0105 DIN 1249 z tolerancj\u0105 +\/- 1 mm. Dodatkowa ochrona przed wy\u0142amaniem jest niezb\u0119dna w przypadku wyj\u0105tkowo ma\u0142ych gatunk\u00f3w mr\u00f3wek.<\/p>\n<p><strong>Uwaga dotycz\u0105ca blanszowanych \u015bwierszczy:<\/strong><br \/>\nNasze blanszowane \u015bwierszcze to \u0142atwy spos\u00f3b na zapewnienie mr\u00f3wkom \u015bwie\u017co konserwowanego pokarmu bia\u0142kowego bez konieczno\u015bci karmienia \u017cywymi owadami. Zawarte \u015bwierszcze (Acheta domesticus) zosta\u0142y delikatnie zblanszowane, aby zapewni\u0107 zachowanie warto\u015bci od\u017cywczych, smaku i aromatu. Ponadto chitynowa pow\u0142oka owad\u00f3w jest w ten spos\u00f3b zmi\u0119kczana, dzi\u0119ki czemu mo\u017ce by\u0107 \u0142atwiej trawiona. Wi\u0105zania bia\u0142ek kolagenowych s\u0105 rozbijane, aby mr\u00f3wki mog\u0142y je lepiej wykorzysta\u0107. Konserwy Acheta domesticus maj\u0105 tak\u0105 sam\u0105 warto\u015b\u0107 od\u017cywcz\u0105 jak \u017cywe \u015bwierszcze, ale s\u0105 \u0142atwiejsze do strawienia.<\/p>\n<p>Blanszowane \u015bwierszcze nie nadaj\u0105 si\u0119 do polowania na gatunki mr\u00f3wek, kt\u00f3re wymagaj\u0105 \u017cywego pokarmu (np. poneryny (wielkie mr\u00f3wki), takie jak Harpegnathos lub Odontomachus).<\/p>\n<p>Dalsze korzy\u015bci:<br \/>\nGwarantowany brak roztoczy<br \/>\nMo\u017cliwo\u015b\u0107 porcjowania<br \/>\nSterylizowane i odkurzane<br \/>\nBez dodatk\u00f3w<br \/>\n\u015awierszcze ze zr\u00f3wnowa\u017conej, czysto ekologicznej hodowli, karmione odpadami organicznymi<\/p>\n<p><strong>Uwaga:<\/strong><br \/>\nMo\u017cna przechowywa\u0107 w lod\u00f3wce przez oko\u0142o cztery dni po otwarciu. D\u0142u\u017cszy okres trwa\u0142o\u015bci w przypadku zamro\u017cenia.<\/p>\n<p><strong>Uwaga dotycz\u0105ca spadzi:<\/strong><br \/>\nZawarto\u015b\u0107: 10 ml<br \/>\nJest to produkt naturalny, kt\u00f3ry po intensywnych badaniach w naszym laboratorium udoskonalili\u015bmy i stworzyli\u015bmy z niego pokarm bardzo dobrze akceptowany przez mr\u00f3wki. Powodem jest to, \u017ce nieprzetworzony mi\u00f3d spadziowy w swojej skoncentrowanej oryginalnej formie nie jest dobrze akceptowany przez mr\u00f3wki i ich metabolizm.<br \/>\nNasza spad\u017a zosta\u0142a zebrana w nieska\u017conych, dzikich lasach g\u00f3rskich Bu\u0142garii. Spad\u017a jest produkowana tylko przez bardzo ograniczony czas, oko\u0142o dw\u00f3ch miesi\u0119cy w lecie. Jest wi\u0119c bardzo rzadka. Ze wzgl\u0119du na specyficzne w\u0142a\u015bciwo\u015bci gleby w lasach i klimat, niezb\u0119dne sk\u0142adniki od\u017cywcze s\u0105 przechowywane w li\u015bciach drzew, kt\u00f3re s\u0105 wch\u0142aniane przez mszyce. To w\u0142a\u015bnie sprawia, \u017ce ta mieszanka spadzi jest tak po\u017c\u0105dana przez mr\u00f3wki.<\/p>\n<p><strong>Zastosowanie:<\/strong><br \/>\nIlo\u015b\u0107 pokarmu powinna by\u0107 spo\u017cyta w ci\u0105gu oko\u0142o 3 dni.<\/p>\n<p><strong>Opis:<\/strong><br \/>\nSpad\u017a, w przeciwie\u0144stwie do miodu kwiatowego, pozyskiwana jest z wydzielin owad\u00f3w ss\u0105cych ro\u015bliny, takich jak mszyce. Spad\u017a jest popularnym \u017ar\u00f3d\u0142em po\u017cywienia dla wielu owad\u00f3w, takich jak mr\u00f3wki, pszczo\u0142y i trzmiele. Pszczo\u0142y i trzmiele zlizuj\u0105 j\u0105 z li\u015bci lub igie\u0142 r\u00f3\u017cnych drzew. Mr\u00f3wki, takie jak Lasius niger, dos\u0142ownie utrzymuj\u0105 mszyce. Broni\u0105 ich nawet przed drapie\u017cnikami i przenosz\u0105 na \u015bwie\u017ce p\u0119dy.<\/p>\n<p>Spad\u017a jest szczeg\u00f3lnie popularna w\u015br\u00f3d mr\u00f3wek ze wzgl\u0119du na jej nieco inne sk\u0142adniki. G\u0142\u00f3wnymi cukrami w spadzi s\u0105 sacharoza i fruktoza, ale wyst\u0119puj\u0105 r\u00f3wnie\u017c mniejsze ilo\u015bci maltozy, trehalozy, melezytozy, rafinozy i innych oligosacharyd\u00f3w. Opr\u00f3cz cukru i wody, spad\u017a zawiera r\u00f3wnie\u017c niezb\u0119dne aminokwasy, minera\u0142y, pierwiastki \u015bladowe, adenozyny, fosforany i inne sk\u0142adniki, takie jak witaminy.<\/p>\n<p><strong>U\u017cycie:<\/strong><br \/>\nDla gatunk\u00f3w mr\u00f3wek miodo\u017cernych (Meliphagidae)<br \/>\nJest to pasza uzupe\u0142niaj\u0105ca<br \/>\nKarma mo\u017ce by\u0107 podawana zwierz\u0119tom w takiej postaci, w jakiej zosta\u0142a dostarczona. Poniewa\u017c wilgotno\u015b\u0107 zmniejsza st\u0119\u017cenie cukru i rozpoczyna si\u0119 proces fermentacji, pokarm nale\u017cy wymienia\u0107 co 3 dni. Przed ponownym u\u017cyciem nale\u017cy dok\u0142adnie wyczy\u015bci\u0107 misk\u0119\/rurk\u0119 do karmienia.<br \/>\nPo otwarciu opakowania nale\u017cy je przechowywa\u0107 szczelnie zamkni\u0119te do up\u0142ywu daty wa\u017cno\u015bci.<br \/>\nInformacja o warto\u015bciach od\u017cywczych na 100 g:<br \/>\nok. 2,7 % t\u0142uszcze<br \/>\nz czego nasycone ok. 0,45 %<br \/>\nok. 95 w\u0119glowodan\u00f3w %<br \/>\nz czego cukier ok. 71<br \/>\noko\u0142o 2,85% bia\u0142ka<\/p>\n<p>Minera\u0142y (potas, wap\u0144, mied\u017a, \u017celazo, s\u00f3d, magnez, fosfor, cynk i inne pierwiastki \u015bladowe) Aminokwasy (prolina, leucyna, fenyloalanina, alanina, histydyna, izoleucyna, kwas glutaminowy, arginina, kwas asparaginowy itd.) Kwasy organiczne Enzymy (fermenty) Aromaty Inhibiny (substancje antybakteryjne) Kwiaty Py\u0142ek kwiatowy<\/p>\n<p><strong>Przechowywanie:<\/strong><br \/>\nAby zapewni\u0107 odpowiedni\u0105 jako\u015b\u0107 paszy, nale\u017cy przechowywa\u0107 j\u0105 w ciemnym i suchym miejscu.<\/p>\n<p><strong>Uwaga:<\/strong><br \/>\nInformacje na temat korzystania z rurek zasilaj\u0105cych mo\u017cna znale\u017a\u0107 tutaj: Link<br \/>\nPokarm uzupe\u0142niaj\u0105cy dla mr\u00f3wek miodo\u017cernych.<br \/>\nSk\u0142ad, sk\u0142adniki analityczne, data przydatno\u015bci do spo\u017cycia i numer partii znajduj\u0105 si\u0119 na ulotce do\u0142\u0105czonej do opakowania.<\/p>\n<p>Infolinia +49 30 439703870<\/p>\n<p>W\u0142a\u015bciwy Inspektorat Weterynarii i \u017bywno\u015bci:<br \/>\nGabinet weterynaryjny Steglitz<br \/>\nK\u00f6nigin-Luise-Str. 92<br \/>\n14195 Berlin<\/p>\n<p><strong>Opis Krzew ozdobny<\/strong><\/p>\n<p>Rozmiar \/ wysoko\u015b\u0107 17 cm do 19 cm, \u015brednica ~ 10 cm -12 cm, idealny do aren 30x30x30 cm i wy\u017cszych.<br \/>\nWaga waha si\u0119 od 50 do 80 gram\u00f3w<\/p>\n<p>Element dekoracyjny sk\u0142adaj\u0105cy si\u0119 z naturalnie wysuszonego drewnianego krzewu i podstawy z \u017cywicy syntetycznej.<br \/>\nTen krzew ozdobny zosta\u0142 wykonany r\u0119cznie w Niemczech i dlatego charakteryzuje si\u0119 trwa\u0142o\u015bci\u0105.<\/p>\n<p><strong>UWAGA:<\/strong> Nie nale\u017cy umieszcza\u0107 w bardzo wilgotnych formikariach (wilgotno\u015b\u0107 powy\u017cej 60%). Krzew mo\u017ce zacz\u0105\u0107 ple\u015bnie\u0107. Przy bardzo dobrej wentylacji, krzew mo\u017ce by\u0107 r\u00f3wnie\u017c umieszczony w bardziej wilgotnych formikariach.<\/p>\n<p>Niekt\u00f3re krzewy ozdobne nie stoj\u0105 samodzielnie w formikarium ze wzgl\u0119du na swoj\u0105 wysoko\u015b\u0107. W takim przypadku pomocne jest lekkie przykrycie podstawy pod\u0142o\u017cem lub umieszczenie produktu w pobli\u017cu zewn\u0119trznych szyb.<\/p>\n<p><span data-text-color=\"alert\"><strong>WA\u017bNA UWAGA DOTYCZ\u0104CA ARTYKU\u0141U:<\/strong><\/span><br \/>\nPoniewa\u017c jest to produkt naturalny \/ unikatowy, ilustracje tutaj nie s\u0105 ca\u0142kowicie identyczne z otrzymanym produktem. Mog\u0105 wyst\u0119powa\u0107 odchylenia w rozmiarze, kszta\u0142cie i kolorze mini drzewka oraz p\u0142yty podstawy z \u0142upka kamiennego. Gwarantujemy jedynie maksymaln\u0105 wysoko\u015b\u0107 produktu.<\/p>\n<p>Zamawiaj\u0105c ten przedmiot, u\u017cytkownik wyra\u017ca zgod\u0119 na wy\u017cej wymienione mo\u017cliwe odchylenia produktu pod wzgl\u0119dem rozmiaru, kszta\u0142tu i koloru w momencie zakupu.<\/p>","protected":false},"excerpt":{"rendered":"<p>Zestaw sk\u0142ada si\u0119 z 31 cz\u0119\u015bci.<br \/>\nWielko\u015b\u0107: <strong>XL<\/strong><\/p>","protected":false},"featured_media":7116,"comment_status":"open","ping_status":"closed","template":"","meta":{"_acf_changed":false,"content-type":"","_monsterinsights_skip_tracking":false,"_monsterinsights_sitenote_active":false,"_monsterinsights_sitenote_note":"","_monsterinsights_sitenote_category":0},"product_brand":[],"product_cat":[355,354,73],"product_tag":[],"class_list":{"0":"post-6377","1":"product","2":"type-product","3":"status-publish","4":"has-post-thumbnail","6":"product_cat-bundle-offers","7":"product_cat-starter-sets-for-weaver-ants","8":"product_cat-starter-sets","10":"first","11":"instock","12":"taxable","13":"shipping-taxable","14":"purchasable","15":"product-type-simple"},"acf":[],"aioseo_notices":[],"jetpack_sharing_enabled":true,"_links":{"self":[{"href":"https:\/\/antcube.shop\/pl\/wp-json\/wp\/v2\/product\/6377","targetHints":{"allow":["GET"]}}],"collection":[{"href":"https:\/\/antcube.shop\/pl\/wp-json\/wp\/v2\/product"}],"about":[{"href":"https:\/\/antcube.shop\/pl\/wp-json\/wp\/v2\/types\/product"}],"replies":[{"embeddable":true,"href":"https:\/\/antcube.shop\/pl\/wp-json\/wp\/v2\/comments?post=6377"}],"wp:featuredmedia":[{"embeddable":true,"href":"https:\/\/antcube.shop\/pl\/wp-json\/wp\/v2\/media\/7116"}],"wp:attachment":[{"href":"https:\/\/antcube.shop\/pl\/wp-json\/wp\/v2\/media?parent=6377"}],"wp:term":[{"taxonomy":"product_brand","embeddable":true,"href":"https:\/\/antcube.shop\/pl\/wp-json\/wp\/v2\/product_brand?post=6377"},{"taxonomy":"product_cat","embeddable":true,"href":"https:\/\/antcube.shop\/pl\/wp-json\/wp\/v2\/product_cat?post=6377"},{"taxonomy":"product_tag","embeddable":true,"href":"https:\/\/antcube.shop\/pl\/wp-json\/wp\/v2\/product_tag?post=6377"}],"curies":[{"name":"wp","href":"https:\/\/api.w.org\/{rel}","templated":true}]}}