{"id":5935,"date":"2023-06-24T12:30:33","date_gmt":"2023-06-24T10:30:33","guid":{"rendered":"https:\/\/antcube.shop\/product\/bundle-offer-messor-angularis\/"},"modified":"2025-10-19T06:01:04","modified_gmt":"2025-10-19T04:01:04","slug":"bundle-offer-messor-angularis","status":"publish","type":"product","link":"https:\/\/antcube.shop\/pl\/produkt\/bundle-offer-messor-angularis\/","title":{"rendered":"Oferta pakietowa - Messor arenarius"},"content":{"rendered":"<div class=\"tab-body active\">\n<p><span data-text-color=\"secondary\"><strong>Oferta pakietowa obejmuj\u0105ca koloni\u0119 mr\u00f3wek Messor angularis (kr\u00f3lowa + czerw), zestaw startowy dla mr\u00f3wek \u017cniwiarek L Popcorn z 3x podk\u0142adkami Formicarium i s\u0142oikiem naszych specjalnych blanszowanych \u015bwierszczy (Moist Protein).<\/strong><\/span><\/p>\n<p><span data-text-color=\"alert\"><strong>Tylko do wyczerpania zapas\u00f3w.<\/strong><\/span><\/p>\n<p><strong>Wszystko, czego potrzebujesz, aby z powodzeniem hodowa\u0107 Messor arenarius<\/strong><br \/>\nTen zestaw zawiera wszystko, czego potrzebujesz, aby z powodzeniem utrzyma\u0107 koloni\u0119 Messor arenarius przez kilka pierwszych miesi\u0119cy. Mo\u017cna go elastycznie rozbudowywa\u0107 i jest idealny do rozpocz\u0119cia hodowli mr\u00f3wek.<\/p>\n<p><strong>Gatunek mr\u00f3wki: Messor arenarius<\/strong><br \/>\nMessor arenarius, znana r\u00f3wnie\u017c jako \"wydmowa mr\u00f3wka \u017cniwiarka\", jest bardzo du\u017cym gatunkiem mr\u00f3wki \u017car\u0142ocznej w por\u00f3wnaniu z innymi gatunkami Messor i wyst\u0119puje g\u0142\u00f3wnie w suchych i ciep\u0142ych regionach Afryki P\u00f3\u0142nocnej. Ich g\u0142\u00f3wne robotnice mog\u0105 osi\u0105ga\u0107 zdumiewaj\u0105cy rozmiar 18 mm. Jest znana ze swojej zdolno\u015bci adaptacji do suchych siedlisk i nale\u017cy do tak zwanych mr\u00f3wek \u017cniwiarzy, kt\u00f3re s\u0105 znane ze swojego interesuj\u0105cego stylu \u017cycia i imponuj\u0105cych struktur gniazdowych.<\/p>\n<p>Wizualnie Messor arenarius wyr\u00f3\u017cnia si\u0119 b\u0142yszcz\u0105cym czarnym cia\u0142em i pot\u0119\u017cnie zbudowanymi g\u0142\u00f3wnymi robotnicami, kt\u00f3re s\u0105 szczeg\u00f3lnie imponuj\u0105ce. Ze wzgl\u0119du na swoj\u0105 solidn\u0105 natur\u0119 i proste wymagania hodowlane, jest to idealny gatunek dla pocz\u0105tkuj\u0105cych, ale ze wzgl\u0119du na imponuj\u0105ce rozmiary jest r\u00f3wnie\u017c interesuj\u0105cy dla zaawansowanych hodowc\u00f3w mr\u00f3wek.<\/p>\n<p><strong>Pokarm dla Messor arenarius<\/strong><br \/>\nMessor arenarius \u017cywi si\u0119 g\u0142\u00f3wnie ziarnami, z kt\u00f3rych wytwarza tak zwany \"mr\u00f3wczy chleb\". Ponadto kolonia przyjmuje r\u00f3wnie\u017c s\u0142odkie owoce, ma\u0142e owady i pokarm bia\u0142kowy. Wi\u0119kszo\u015b\u0107 zapotrzebowania na wilgo\u0107 jest pokrywana przez ziarna, podczas gdy reszta jest pokrywana przez owady i wszelkie oferowane p\u0142yny, takie jak woda miodowa.<\/p>\n<p><strong>W formikarium nale\u017cy zapewni\u0107 nast\u0119puj\u0105c\u0105 pasz\u0119:<\/strong><br \/>\nMieszanki ziaren<br \/>\nMa\u0142e owady (np. muszki owoc\u00f3wki)<br \/>\nZawsze dostarczaj \u015bwie\u017c\u0105 wod\u0119<br \/>\nWoda miodowa w razie potrzeby (uwaga: zawsze przykrywaj otwarte p\u0142yny, aby zapobiec wpadni\u0119ciu mr\u00f3wek).<\/p>\n<p><strong>W\u0142a\u015bciwe formikarium dla Messor arenarius<\/strong><br \/>\nPodobnie jak wszystkie mr\u00f3wki \u017cniwiarki, Messor arenarius r\u00f3wnie\u017c potrzebuje gniazda, kt\u00f3re oferuje zar\u00f3wno suche, jak i lekko wilgotne obszary. Wilgotny obszar s\u0142u\u017cy do opieki nad wyl\u0119giem, podczas gdy sucha cz\u0119\u015b\u0107 jest idealna do przechowywania ziaren, aby zapobiec rozwojowi ple\u015bni. Nasz zestaw startowy zawiera zatem dwie hodowle mr\u00f3wek (gniazda), kt\u00f3re wystarcz\u0105 na pierwsze 1-2 lata. Po tym czasie formikarium nale\u017cy rozszerzy\u0107, aby stworzy\u0107 przestrze\u0144 do rozwoju kolonii.<\/p>\n<p><strong>Optymalne warunki klimatyczne dla Messor arenarius:<\/strong><br \/>\n<strong>Wilgotno\u015b\u0107:<\/strong><br \/>\nArena: 30-50 %<br \/>\nObszar gniazda: 50-70 %<\/p>\n<p><strong>Temperatura:<\/strong><br \/>\nArena: 25-30 \u00b0C<br \/>\nObszar gniazda: 22-28 \u00b0C<\/p>\n<p><strong>Materia\u0142 l\u0119gowy dla Messor arenarius<\/strong><br \/>\nDigfix jest szczeg\u00f3lnie odpowiedni do hodowli Messor arenarius. Jest odporny na wilgo\u0107 i umo\u017cliwia wyra\u017any widok struktur gniazda bez \u017cadnych pozosta\u0142o\u015bci pod\u0142o\u017ca, kt\u00f3re utrudniaj\u0105 widok, jak ma to miejsce w przypadku mieszanek piasku i gliny.<\/p>\n<p>Poniewa\u017c robotnice Major mog\u0105 z czasem skuba\u0107 twardsze materia\u0142y, takie jak Ytong, zalecamy szklane gniazda z wk\u0142adk\u0105 Digfix. Takie po\u0142\u0105czenie zapewnia nie tylko d\u0142ug\u0105 \u017cywotno\u015b\u0107, ale tak\u017ce optymalne warunki do obserwacji i opieki nad koloni\u0105.<\/p>\n<p>Dzi\u0119ki tej konfiguracji mo\u017cna stworzy\u0107 idealn\u0105 podstaw\u0119 do hodowli Messor arenarius i obserwowa\u0107 oraz opiekowa\u0107 si\u0119 tymi fascynuj\u0105cymi mr\u00f3wkami przez wiele lat.<\/p>\n<p><strong>Zawarto\u015b\u0107:<\/strong><br \/>\n1x Messor arenarius (kr\u00f3lowa + 1-4 robotnice + czerw)<br \/>\n1x blanszowany \u015bwierszcz 10g<br \/>\n1x karma zbo\u017cowa minor 100g<br \/>\n1x podk\u0142adka do formikarium - 20x20cm<br \/>\n2x podk\u0142adka do formikarium - 20x6cm<\/p>\n<p>1x ANTCUBE - arena 20x20x10 - p\u0142aska<br \/>\n1x rama areny mr\u00f3wek 20\u00d720<br \/>\n1x pokrywa areny mr\u00f3wek 20\u00d720<br \/>\n1x punkty mocowania pokrywy areny 4szt.<br \/>\n2x ANTCUBE - Farma mr\u00f3wek - L - 20\u00d720 - pionowa<\/p>\n<p>2x ANTCUBE - Digfix Terra nidum 20\u00d720 - L - be\u017cowy<br \/>\n1x Popcorn Nest 20\u00d720 - L<br \/>\n1x 1m przezroczysta rurka 20\/16 mm<br \/>\n2x ANTCUBE - czerwona folia 20\u00d720 - filtr<br \/>\n2x klipsy samoprzylepne - przezroczyste 2 szt.<br \/>\n1x pod\u0142o\u017ce - pustynia - 1 kg<\/p>\n<p>2x wk\u0142adka kratowa - 50mm - stal nierdzewna<br \/>\n1x wk\u0142adka kratowa - 27mm - stal nierdzewna<br \/>\n1x za\u015blepka kratki - 16mm - stal nierdzewna<\/p>\n<p>1x z\u0142\u0105cze w\u0119\u017ca zbiornika 27-14,16,20 mm - przezroczyste<br \/>\n1x dozownik pokarmu 2ml - dozowalny<br \/>\n1x poide\u0142ko przezroczyste 20ml - g\u0105bka<br \/>\n1x miska przezroczysta 1\u00d720 - g\u0105bka<br \/>\n1x Mini termo-higrometr analogowy - wy\u015bwietlacz - wisz\u0105cy<br \/>\n1x Olejek chroni\u0105cy przed ucieczk\u0105 mr\u00f3wek 10ml<br \/>\n1x P\u0119seta ze stali spr\u0119\u017cynowej - szeroka - mi\u0119kka<br \/>\n1x P\u0119seta plastikowa przezroczysta<br \/>\n1x pipeta plastikowa 3ml<br \/>\n1x lupa r\u0119czna - 2x - 30mm<br \/>\n1x wycieraczka piankowa 150x18x2,5mm<br \/>\n1x plecy fotograficzne - pustynia - 20\u00d710<\/p>\n<p><strong>Opis Zestaw startowy:<\/strong><br \/>\nTen zestaw startowy jest szczeg\u00f3lnie odpowiedni dla zbieraj\u0105cych ziarno gatunk\u00f3w mr\u00f3wek z rodzaju Messor lub Pogonomyrmex. Farma z talerzem popcornu jest przeznaczona do przechowywania nasion i chleba mr\u00f3wek i dlatego powinna pozosta\u0107 ca\u0142kowicie sucha, aby zapobiec kie\u0142kowaniu lub ple\u015bnieniu nasion\/ziaren przechowywanych tam przez mr\u00f3wki.<br \/>\nDrugie gospodarstwo z p\u0142yt\u0105 \"Terra nidum\" jest przeznaczone jako obszar gniazdowania i rozmna\u017cania dla kolonii mr\u00f3wek. Nale\u017cy j\u0105 zawsze utrzymywa\u0107 w stanie lekko wilgotnym.<br \/>\nAby zapewni\u0107 wi\u0119ksz\u0105 elastyczno\u015b\u0107 podczas konfigurowania formikarium, do\u0142\u0105czyli\u015bmy drug\u0105 p\u0142ytk\u0119 \"Terra nidum\", kt\u00f3rej mo\u017cna u\u017cy\u0107 zamiast gniazda popcorn.<\/p>\n<p><strong>Opis p\u0142ytki Terra nidum:<\/strong> P\u0142yta Terra nidum (\u0142ac. ziemne gniazdo) wykonana z materia\u0142u nadaj\u0105cego si\u0119 do kopania idealnie pasuje do naszych farm mr\u00f3wek ANTCUBE. Mo\u017ce by\u0107 u\u017cywana zar\u00f3wno na sucho, jak i na mokro. Jest r\u00f3wnie\u017c odpowiednia dla wielu gatunk\u00f3w mr\u00f3wek, zw\u0142aszcza tych, kt\u00f3re gniazduj\u0105 w piasku i (martwym) drewnie. Mo\u017cna go u\u017cywa\u0107 zamiast mieszanek piasku i gliny lub wk\u0142ad\u00f3w korkowych. Zalet\u0105 tego gniazda jest to, \u017ce nawil\u017cenie p\u0142yty jest \u0142atwiejsze do kontrolowania dzi\u0119ki wyra\u017anie widocznemu przebarwieniu, a kolorystyka p\u0142yty zapewnia doskona\u0142y kontrast dla zwykle ciemniejszych gatunk\u00f3w mr\u00f3wek. Ponadto, wewn\u0119trzne szyby mrowiska nie mog\u0105 by\u0107 zabrudzone pod\u0142o\u017cem, jak ma to miejsce w przypadku mieszanek piasku i gliny, co pozwala na doskona\u0142y widok gniazda. Nasz materia\u0142 gniazdowy ma r\u00f3wnie\u017c znacznie twardsz\u0105 struktur\u0119, dzi\u0119ki czemu tunele i komory wykopane przez mr\u00f3wki nie zapadaj\u0105 si\u0119.<\/p>\n<p><strong>Opis gniazda popcornu:<\/strong> To gniazdo popcornu z prefabrykowanymi przej\u015bciami i komorami doskonale nadaje si\u0119 jako spichlerz na przyk\u0142ad dla mr\u00f3wek Messor, ale tak\u017ce dla innych gatunk\u00f3w mr\u00f3wek zbieraj\u0105cych ziarno. Posiada otw\u00f3r umo\u017cliwiaj\u0105cy dost\u0119p do gniazda. Gniazdo z popcornu poch\u0142ania wilgo\u0107 i w rezultacie mo\u017ce si\u0119 rozszerza\u0107, dlatego zawsze powinno by\u0107 suche. Messor barbarus bardzo dobrze akceptuje nasze gniazdo popcornu ANTCUBE jako spichlerz. Z czasem mr\u00f3wki zaczynaj\u0105 rozszerza\u0107 gniazdo popcornu i zjada\u0107 materia\u0142 gniazda. Pachnie karmelizowanym miodem i dlatego jest bardzo atrakcyjny.<\/p>\n<p>Gniazdo popcorn powinno by\u0107 u\u017cywane tylko w przypadku gatunk\u00f3w mr\u00f3wek, kt\u00f3re wymagaj\u0105 bardzo ma\u0142ej lub zerowej wilgotno\u015bci w obszarze gniazda.<\/p>\n<p><strong>Wa\u017cne:<\/strong> Prosimy o zwil\u017cenie pod\u0142o\u017ca przed u\u017cyciem, aby mieszanka mog\u0142a si\u0119 zwi\u0105za\u0107 i mocno osadzi\u0107 w hodowli mr\u00f3wek. Ponadto suche i zakurzone pod\u0142o\u017ce mo\u017ce spowodowa\u0107 zablokowanie dr\u00f3g oddechowych mr\u00f3wek, a w najgorszym przypadku doprowadzi\u0107 do uduszenia si\u0119 zwierz\u0105t.<\/p>\n<p><strong>Zalecenie:<\/strong> Zalecamy warstw\u0119 pod\u0142o\u017ca o wysoko\u015bci 2 mm, aby zwierz\u0119ta nie mog\u0142y zagrzeba\u0107 si\u0119 na arenie i zamiast tego korzysta\u0142y z przeznaczonej do tego celu zagrody. Zalecamy r\u00f3wnie\u017c, aby materia\u0142 do budowy gniazda w zagrodzie (piasek\/glina, Digfix, itp.) by\u0142 lekko nak\u0142uty w jednym miejscu, aby u\u0142atwi\u0107 zwierz\u0119tom kopanie.<\/p>\n<p><strong>Uwagi dotycz\u0105ce produkcji<\/strong><br \/>\nSzk\u0142o jest ci\u0119te zgodnie z DIN 1249 z tolerancj\u0105 +\/;- 1mm. W przypadku wyj\u0105tkowo ma\u0142ych gatunk\u00f3w mr\u00f3wek konieczne jest dodatkowe zabezpieczenie przed ucieczk\u0105 mr\u00f3wek.<\/p>\n<p><strong>Uwagi dotycz\u0105ce gospodarstwa<\/strong><br \/>\nPrzy zak\u0142adaniu i zdejmowaniu w\u0119\u017cy nale\u017cy przestrzega\u0107 nast\u0119puj\u0105cych wskaz\u00f3wek:<br \/>\nJe\u015bli w\u0105\u017c jest bardzo trudny do zamocowania w gnie\u017adzie przy\u0142\u0105czeniowym, gniazdo nale\u017cy lekko natrze\u0107 kropl\u0105 naszego oleju lub proszku zabezpieczaj\u0105cego przed wyrwaniem. Nast\u0119pnie w\u0105\u017c nale\u017cy wsun\u0105\u0107 do gniazda za pomoc\u0105 ruch\u00f3w obrotowych lub wkr\u0119caj\u0105cych, bez obci\u0105\u017cania gniazda ruchami w g\u00f3r\u0119 i w d\u00f3\u0142. To samo dotyczy zdejmowania w\u0119\u017cy z gniazda przy\u0142\u0105czeniowego. Nie nale\u017cy go po prostu \u015bci\u0105ga\u0107!<\/p>\n<p><strong>Uwaga dotycz\u0105ca Terra nidum:<\/strong> Naturalny kolor mo\u017ce waha\u0107 si\u0119 od be\u017cowego\/piaskowego do jasnobr\u0105zowego. Kolor nie ma wp\u0142ywu na jako\u015b\u0107.<br \/>\nZe wzgl\u0119du na proces produkcji wymiary mog\u0105 si\u0119 r\u00f3\u017cni\u0107 o +\/- 1 mm<\/p>\n<p><strong>Uwaga dotycz\u0105ca blanszowanych \u015bwierszczy:<\/strong><br \/>\nNasze blanszowane \u015bwierszcze to \u0142atwy spos\u00f3b na zapewnienie mr\u00f3wkom \u015bwie\u017co konserwowanego pokarmu bia\u0142kowego bez konieczno\u015bci karmienia \u017cywymi owadami. Zawarte \u015bwierszcze (Acheta domesticus) zosta\u0142y delikatnie zblanszowane, aby zapewni\u0107 zachowanie warto\u015bci od\u017cywczych, smaku i aromatu. Ponadto chitynowa pow\u0142oka owad\u00f3w jest w ten spos\u00f3b zmi\u0119kczana, dzi\u0119ki czemu mo\u017ce by\u0107 \u0142atwiej trawiona. Wi\u0105zania bia\u0142ek kolagenowych s\u0105 rozbijane, aby mr\u00f3wki mog\u0142y je lepiej wykorzysta\u0107. Konserwy Acheta domesticus maj\u0105 tak\u0105 sam\u0105 warto\u015b\u0107 od\u017cywcz\u0105 jak \u017cywe \u015bwierszcze, ale s\u0105 \u0142atwiejsze do strawienia.<\/p>\n<p>Blanszowane \u015bwierszcze nie nadaj\u0105 si\u0119 do polowania na gatunki mr\u00f3wek, kt\u00f3re wymagaj\u0105 \u017cywego pokarmu (np. poneryny (wielkie mr\u00f3wki), takie jak Harpegnathos lub Odontomachus).<\/p>\n<p><strong>Dalsze korzy\u015bci:<\/strong><br \/>\nGwarantowany brak roztoczy<br \/>\nMo\u017cliwo\u015b\u0107 porcjowania<br \/>\nSterylizowane i odkurzane<br \/>\nBez dodatk\u00f3w<br \/>\n\u015awierszcze ze zr\u00f3wnowa\u017conej, czysto ekologicznej hodowli, karmione odpadami organicznymi<\/p>\n<p><strong>Uwaga:<\/strong><br \/>\nMo\u017cna przechowywa\u0107 w lod\u00f3wce przez oko\u0142o cztery dni po otwarciu. D\u0142u\u017cszy okres trwa\u0142o\u015bci w przypadku zamro\u017cenia.<\/p>\n<\/div>","protected":false},"excerpt":{"rendered":"<p>Oferta pakietowa obejmuj\u0105ca koloni\u0119 mr\u00f3wek Messor arenarius (kr\u00f3lowa + 5-10 robotnic + czerw), zestaw startowy dla mr\u00f3wek \u017cniwiarek L Popcorn z 3x podk\u0142adkami formikarium i s\u0142oikiem naszych specjalnych blanszowanych \u015bwierszczy (wilgotne bia\u0142ko). Tylko do wyczerpania zapas\u00f3w. Wszystko, czego potrzebujesz, aby z powodzeniem hodowa\u0107 Messor arenarius Ten zestaw zawiera wszystko, czego potrzebujesz, aby","protected":false},"featured_media":10873,"comment_status":"open","ping_status":"closed","template":"","meta":{"_acf_changed":false,"content-type":"","_monsterinsights_skip_tracking":false,"_monsterinsights_sitenote_active":false,"_monsterinsights_sitenote_note":"","_monsterinsights_sitenote_category":0},"product_brand":[],"product_cat":[355,344,353,73],"product_tag":[],"class_list":{"0":"post-5935","1":"product","2":"type-product","3":"status-publish","4":"has-post-thumbnail","6":"product_cat-bundle-offers","7":"product_cat-popcorn","8":"product_cat-starter-sets-for-harvester-ants","9":"product_cat-starter-sets","11":"first","12":"outofstock","13":"taxable","14":"shipping-taxable","15":"purchasable","16":"product-type-simple"},"acf":[],"aioseo_notices":[],"jetpack_sharing_enabled":true,"_links":{"self":[{"href":"https:\/\/antcube.shop\/pl\/wp-json\/wp\/v2\/product\/5935","targetHints":{"allow":["GET"]}}],"collection":[{"href":"https:\/\/antcube.shop\/pl\/wp-json\/wp\/v2\/product"}],"about":[{"href":"https:\/\/antcube.shop\/pl\/wp-json\/wp\/v2\/types\/product"}],"replies":[{"embeddable":true,"href":"https:\/\/antcube.shop\/pl\/wp-json\/wp\/v2\/comments?post=5935"}],"wp:featuredmedia":[{"embeddable":true,"href":"https:\/\/antcube.shop\/pl\/wp-json\/wp\/v2\/media\/10873"}],"wp:attachment":[{"href":"https:\/\/antcube.shop\/pl\/wp-json\/wp\/v2\/media?parent=5935"}],"wp:term":[{"taxonomy":"product_brand","embeddable":true,"href":"https:\/\/antcube.shop\/pl\/wp-json\/wp\/v2\/product_brand?post=5935"},{"taxonomy":"product_cat","embeddable":true,"href":"https:\/\/antcube.shop\/pl\/wp-json\/wp\/v2\/product_cat?post=5935"},{"taxonomy":"product_tag","embeddable":true,"href":"https:\/\/antcube.shop\/pl\/wp-json\/wp\/v2\/product_tag?post=5935"}],"curies":[{"name":"wp","href":"https:\/\/api.w.org\/{rel}","templated":true}]}}