{"id":5934,"date":"2023-06-24T12:30:09","date_gmt":"2023-06-24T10:30:09","guid":{"rendered":"https:\/\/antcube.shop\/product\/antcube-terra-nidum-20x20-l-beige\/"},"modified":"2026-04-07T16:26:43","modified_gmt":"2026-04-07T14:26:43","slug":"antcube-terra-nidum-20x20-l-beige","status":"publish","type":"product","link":"https:\/\/antcube.shop\/pl\/produkt\/antcube-terra-nidum-20x20-l-beige\/","title":{"rendered":"ANTCUBE - Digfix Terra nidum 20\u00d720 - L - be\u017cowy"},"content":{"rendered":"<p><strong>Wymiary:<\/strong> 183x160x20 mm<\/p>\n<p><strong>Materia\u0142:<\/strong> materia\u0142 kopalny na bazie \u017cywicy.<\/p>\n<p><strong>Opis:<\/strong> P\u0142ytka Terra nidum (\u0142ac. ziemne gniazdo) wykonana z materia\u0142u nadaj\u0105cego si\u0119 do kopania jest idealna do naszych farm mr\u00f3wek ANTCUBE. Mo\u017ce by\u0107 u\u017cywana zar\u00f3wno na sucho, jak i na mokro. Jest r\u00f3wnie\u017c odpowiednia dla wielu gatunk\u00f3w mr\u00f3wek, zw\u0142aszcza tych gniazduj\u0105cych w piasku i (martwym) drewnie. Mo\u017ce by\u0107 stosowane zamiast mieszanek piaskowo-gliniastych lub wk\u0142ad\u00f3w gniazdowych wykonanych z korka. Zalet\u0105 tego gniazda jest to, \u017ce nawil\u017cenie p\u0142yty jest \u0142atwiejsze do kontrolowania dzi\u0119ki dobrze widocznemu przebarwieniu, a kolor p\u0142yty zapewnia doskona\u0142y kontrast dla zwykle ciemniej ubarwionych gatunk\u00f3w mr\u00f3wek. Ponadto, wewn\u0119trzne szyby mrowiska nie mog\u0105 by\u0107 zabrudzone pod\u0142o\u017cem, jak ma to miejsce na przyk\u0142ad w przypadku mieszanek piasku i gliny, co pozwala na doskona\u0142y widok gniazda. Nasz materia\u0142 gniazdowy ma r\u00f3wnie\u017c znacznie twardsz\u0105 struktur\u0119, dzi\u0119ki czemu tunele i komory wykopane przez mr\u00f3wki nie zapadaj\u0105 si\u0119.<\/p>\n<p><strong>Uwaga:<\/strong> Naturalny odcie\u0144 koloru mo\u017ce waha\u0107 si\u0119 od be\u017cowego \/ piaskowego do jasnobr\u0105zowego. Odcie\u0144 koloru nie ma wp\u0142ywu na jako\u015b\u0107.<br \/>\nZe wzgl\u0119du na proces produkcji wymiary mog\u0105 si\u0119 r\u00f3\u017cni\u0107 o +\/- 1 mm<\/p>","protected":false},"excerpt":{"rendered":"<p>Gr\u00f6\u00dfe: <strong>L<\/strong><\/p>","protected":false},"featured_media":5928,"comment_status":"open","ping_status":"closed","template":"","meta":{"_acf_changed":false,"content-type":"","_monsterinsights_skip_tracking":false,"_monsterinsights_sitenote_active":false,"_monsterinsights_sitenote_note":"","_monsterinsights_sitenote_category":0},"product_brand":[],"product_cat":[257,87,88],"product_tag":[],"class_list":{"0":"post-5934","1":"product","2":"type-product","3":"status-publish","4":"has-post-thumbnail","6":"product_cat-new-innovatve-products","7":"product_cat-nest-insets","8":"product_cat-digfix","10":"first","11":"instock","12":"taxable","13":"shipping-taxable","14":"purchasable","15":"product-type-simple"},"acf":[],"aioseo_notices":[],"jetpack_sharing_enabled":true,"_links":{"self":[{"href":"https:\/\/antcube.shop\/pl\/wp-json\/wp\/v2\/product\/5934","targetHints":{"allow":["GET"]}}],"collection":[{"href":"https:\/\/antcube.shop\/pl\/wp-json\/wp\/v2\/product"}],"about":[{"href":"https:\/\/antcube.shop\/pl\/wp-json\/wp\/v2\/types\/product"}],"replies":[{"embeddable":true,"href":"https:\/\/antcube.shop\/pl\/wp-json\/wp\/v2\/comments?post=5934"}],"wp:featuredmedia":[{"embeddable":true,"href":"https:\/\/antcube.shop\/pl\/wp-json\/wp\/v2\/media\/5928"}],"wp:attachment":[{"href":"https:\/\/antcube.shop\/pl\/wp-json\/wp\/v2\/media?parent=5934"}],"wp:term":[{"taxonomy":"product_brand","embeddable":true,"href":"https:\/\/antcube.shop\/pl\/wp-json\/wp\/v2\/product_brand?post=5934"},{"taxonomy":"product_cat","embeddable":true,"href":"https:\/\/antcube.shop\/pl\/wp-json\/wp\/v2\/product_cat?post=5934"},{"taxonomy":"product_tag","embeddable":true,"href":"https:\/\/antcube.shop\/pl\/wp-json\/wp\/v2\/product_tag?post=5934"}],"curies":[{"name":"wp","href":"https:\/\/api.w.org\/{rel}","templated":true}]}}