{"id":5475,"date":"2023-02-10T13:18:16","date_gmt":"2023-02-10T12:18:16","guid":{"rendered":"https:\/\/antcube.shop\/produkt\/popcorn-nest-20x20-l\/"},"modified":"2026-03-09T17:50:04","modified_gmt":"2026-03-09T16:50:04","slug":"popcorn-nest-20x20-l","status":"publish","type":"product","link":"https:\/\/antcube.shop\/pl\/produkt\/popcorn-nest-20x20-l\/","title":{"rendered":"Gniazdo Popcornu 20\u00d720 - L"},"content":{"rendered":"<p><strong>Wymiary:<\/strong> 184 x 160 x 18 mm<\/p>\n<p><strong>Materia\u0142:<\/strong> popcorn prasowany z sacharoz\u0105 i bia\u0142kiem<\/p>\n<p><strong>Pasuje tylko do<\/strong> w naszych farmach mr\u00f3wek rozmiar <strong>L<\/strong><\/p>\n<p><strong>Opis:<\/strong> To gniazdo z prefabrykowanymi przej\u015bciami i komorami jest idealne jako komora na ziarno dla mr\u00f3wek Messor, ale tak\u017ce innych gatunk\u00f3w mr\u00f3wek zbieraj\u0105cych ziarno. Posiada otw\u00f3r jako wej\u015bcie do gniazda. Gniazdo popcornu wch\u0142ania wilgo\u0107 i mo\u017ce si\u0119 rozszerza\u0107, wi\u0119c<strong> zdecydowanie powinien by\u0107 przechowywany w suchym miejscu<\/strong>. Messor barbarus bardzo dobrze przyjmuje nasze gniazdo ANTCUBE Popcorn Nest jako komor\u0119 ziarnow\u0105. Z czasem mr\u00f3wki zaczn\u0105 rozbudowywa\u0107 gniazdo popcornowe i zjada\u0107 swoj\u0105 drog\u0119 przez materia\u0142 gniazdowy.<\/p>\n<p>Gniazdo Popcorn powinno by\u0107 stosowane tylko w przypadku gatunk\u00f3w mr\u00f3wek, kt\u00f3re wymagaj\u0105 bardzo ma\u0142ej lub \u017cadnej wilgoci w obszarze gniazda.<\/p>","protected":false},"excerpt":{"rendered":"<p>Wymiary: 184 x 160 x 18 mm Materia\u0142: popcorn sprasowany z sacharoz\u0105 i bia\u0142kiem Pasuje tylko do naszych ferm mr\u00f3wek rozmiar L Opis: To gniazdo popcornu z prefabrykowanymi przej\u015bciami i komorami jest idealne jako komora na ziarno dla np. mr\u00f3wek Messor, ale tak\u017ce innych gatunk\u00f3w mr\u00f3wek zbieraj\u0105cych ziarno. Posiada otw\u00f3r jako gniazdo","protected":false},"featured_media":5459,"comment_status":"open","ping_status":"closed","template":"","meta":{"_acf_changed":false,"content-type":"","_monsterinsights_skip_tracking":false,"_monsterinsights_sitenote_active":false,"_monsterinsights_sitenote_note":"","_monsterinsights_sitenote_category":0},"product_brand":[],"product_cat":[257,344,87],"product_tag":[],"class_list":{"0":"post-5475","1":"product","2":"type-product","3":"status-publish","4":"has-post-thumbnail","6":"product_cat-new-innovatve-products","7":"product_cat-popcorn","8":"product_cat-nest-insets","10":"first","11":"instock","12":"taxable","13":"shipping-taxable","14":"purchasable","15":"product-type-simple"},"acf":[],"aioseo_notices":[],"jetpack_sharing_enabled":true,"_links":{"self":[{"href":"https:\/\/antcube.shop\/pl\/wp-json\/wp\/v2\/product\/5475","targetHints":{"allow":["GET"]}}],"collection":[{"href":"https:\/\/antcube.shop\/pl\/wp-json\/wp\/v2\/product"}],"about":[{"href":"https:\/\/antcube.shop\/pl\/wp-json\/wp\/v2\/types\/product"}],"replies":[{"embeddable":true,"href":"https:\/\/antcube.shop\/pl\/wp-json\/wp\/v2\/comments?post=5475"}],"wp:featuredmedia":[{"embeddable":true,"href":"https:\/\/antcube.shop\/pl\/wp-json\/wp\/v2\/media\/5459"}],"wp:attachment":[{"href":"https:\/\/antcube.shop\/pl\/wp-json\/wp\/v2\/media?parent=5475"}],"wp:term":[{"taxonomy":"product_brand","embeddable":true,"href":"https:\/\/antcube.shop\/pl\/wp-json\/wp\/v2\/product_brand?post=5475"},{"taxonomy":"product_cat","embeddable":true,"href":"https:\/\/antcube.shop\/pl\/wp-json\/wp\/v2\/product_cat?post=5475"},{"taxonomy":"product_tag","embeddable":true,"href":"https:\/\/antcube.shop\/pl\/wp-json\/wp\/v2\/product_tag?post=5475"}],"curies":[{"name":"wp","href":"https:\/\/api.w.org\/{rel}","templated":true}]}}