{"id":5380,"date":"2023-02-01T17:57:19","date_gmt":"2023-02-01T16:57:19","guid":{"rendered":"https:\/\/antcube.shop\/produkt\/bundle-offer-lasius-niger\/"},"modified":"2026-04-16T19:23:50","modified_gmt":"2026-04-16T17:23:50","slug":"pakiet-oferta-lasius-niger","status":"publish","type":"product","link":"https:\/\/antcube.shop\/pl\/produkt\/pakiet-oferta-lasius-niger\/","title":{"rendered":"Oferta wi\u0105zana - Lasius niger"},"content":{"rendered":"<p><span data-text-color=\"secondary\"><strong>Oferta pakietowa obejmuj\u0105ca koloni\u0119 mr\u00f3wek Lasius niger (kr\u00f3lowa + 26-50 robotnic + czerw), zestaw startowy Combi M z ramk\u0105 zabezpieczaj\u0105c\u0105 przed ucieczk\u0105, wk\u0142adk\u0119 siatkow\u0105 50 mm, podstaw\u0119 formikarium - 20x20 cm, przezroczyste poid\u0142o 20 ml - g\u0105bka, s\u0142oik naszych specjalnych ca\u0142ych blanszowanych \u015bwierszczy 10 g (wilgotne bia\u0142ko) i opakowanie uzupe\u0142niaj\u0105ce mieszanki spadziowej 10 ml.<\/strong><\/span><\/p>\n<p><span data-text-color=\"alert\"><strong>Tylko do wyczerpania zapas\u00f3w.<\/strong><\/span><\/p>\n<p><strong>Wszystko, czego potrzebujesz do stworzenia kolonii mr\u00f3wek Lasius niger<\/strong><br \/>\nTen zestaw zawiera wszystko, czego potrzebujesz, aby z powodzeniem przeprowadzi\u0107 koloni\u0119 Lasius niger przez kilka pierwszych miesi\u0119cy. Jest elastyczny i odpowiedni dla pocz\u0105tkuj\u0105cych hodowc\u00f3w mr\u00f3wek.<\/p>\n<p>Gatunek mr\u00f3wki Lasius niger Lasius niger, znany r\u00f3wnie\u017c jako \"czarna mr\u00f3wka szlakowa\", jest jednym z najpopularniejszych gatunk\u00f3w dla pocz\u0105tkuj\u0105cych hodowc\u00f3w mr\u00f3wek. Jest to jedna z ma\u0142ych i \u015brednich mr\u00f3wek, kt\u00f3ra jest bardzo oszcz\u0119dna. Jest szeroko rozpowszechniona w Europie, ale mo\u017cna j\u0105 r\u00f3wnie\u017c znale\u017a\u0107 w Azji, Afryce i Ameryce P\u00f3\u0142nocnej.<\/p>\n<p><strong>Pokarm dla Lasius niger<\/strong><br \/>\nW naturze Lasius niger cz\u0119sto trzyma mszyce, aby zbiera\u0107 ich spad\u017a wytwarzan\u0105 z sok\u00f3w ro\u015blinnych. W ten spos\u00f3b chroni je, a nawet przenosi na m\u0142ode p\u0119dy.<br \/>\nW formikarium mo\u017cna po prostu umie\u015bci\u0107 w wazonie kilka pora\u017conych ga\u0142\u0105zek (np. r\u00f3\u017cy, bzu, porzeczki) i obserwowa\u0107, jak zwierz\u0119ta je doj\u0105. W formikarium najlepiej jest podawa\u0107 roztw\u00f3r miodu i pokarm bia\u0142kowy (\u017cywe ma\u0142e owady lub suszony pokarm bia\u0142kowy).<\/p>\n<p><strong>Hibernacja u Lasius niger<\/strong><br \/>\nLasius niger hibernuje od ko\u0144ca pa\u017adziernika do ko\u0144ca marca w temperaturze 5-8 stopni. W formikarium mo\u017cna po prostu umie\u015bci\u0107 ca\u0142e formikarium w ch\u0142odnym pomieszczeniu lub (je\u015bli formikarium ma wyjmowan\u0105 wk\u0142adk\u0119 gniazdow\u0105) umie\u015bci\u0107 wk\u0142adk\u0119 gniazdow\u0105 na przyk\u0142ad w lod\u00f3wce. Nale\u017cy jednak upewni\u0107 si\u0119, \u017ce mr\u00f3wki nie s\u0105 nara\u017cone na temperatury poni\u017cej 0 stopni, poniewa\u017c nigdy nie s\u0105 tak dobrze chronione przed zimnem w formikarium, jak na wolno\u015bci. Istniej\u0105 r\u00f3wnie\u017c doniesienia od hodowc\u00f3w, kt\u00f3rzy trzymaj\u0105 Lasius niger bez hibernacji. Mo\u017ce to jednak prowadzi\u0107 do skr\u00f3cenia \u017cywotno\u015bci kolonii lub spowolnienia rozwoju wyl\u0119gu. Podczas hibernacji zwierz\u0119ta nie musz\u0105 by\u0107 karmione lub karmione bardzo rzadko, je\u015bli jest to konieczne. Nale\u017cy jednak regularnie sprawdza\u0107 wilgotno\u015b\u0107 i uwa\u017ca\u0107 na ple\u015b\u0144!<\/p>\n<p><strong>Zawarto\u015b\u0107:<\/strong><\/p>\n<p>1x Lasius niger (kr\u00f3lowa + 26-50 robotnic + czerw)<br \/>\n1x Cricket Jam 25g<br \/>\n1x Honeydew honey 10ml refill pack<\/p>\n<p>1x ANTCUBE - Arena 20x20x20 - Combi M<br \/>\n1x Pokrowiec na aren\u0119 mr\u00f3wek 20\u00d720<br \/>\n4x Punkt mocowania pokrywy areny<br \/>\n1x rama areny mr\u00f3wek 20\u00d720<br \/>\n1x pad for formicariums &#8211; 20x20cm<\/p>\n<p>2x grid insert &#8211; 50mm<br \/>\n2x grid insert &#8211; 27mm<br \/>\n1x ANTCUBE - p\u0142ytka Digfix 20\u00d720 - M<br \/>\n1x soil &#8211; Sand-loam red &#8211; 200g<\/p>\n<p>1x Foil thermometer display<br \/>\n1x drinking clear 5ml &#8211; sponge<br \/>\n1x poide\u0142ko 2ml - 360 stopni<br \/>\n1x Feeding dish white rectangle &#8211; 3 compartments<br \/>\n1x Lupa r\u0119czna - 2x - 30mm<br \/>\n1x Transparent plastic tweezers<br \/>\n1x p\u0119seta stal spr\u0119\u017cynowa - szeroka - mi\u0119kka<br \/>\n1x Plastikowa pipeta 3ml<br \/>\n1x olejek ochronny ant escape 10ml<br \/>\n1x Foam wiper 150x18x2.5mm<\/p>\n<p><strong>Opis:<\/strong><br \/>\nTen zestaw startowy - Combi jest odpowiedni dla wi\u0119kszo\u015bci gatunk\u00f3w mr\u00f3wek, kt\u00f3re gnie\u017cd\u017c\u0105 si\u0119 w ziemi.<br \/>\nZestaw jest bardzo kompaktowy, a do\u0142\u0105czone akcesoria zosta\u0142y zredukowane do niezb\u0119dnych.<br \/>\nJest to zatem niedrogi zestaw wykonany z wysokiej jako\u015bci materia\u0142\u00f3w, kt\u00f3ry idealnie nadaje si\u0119 do rozpocz\u0119cia hodowli mr\u00f3wek.<br \/>\nDo\u0142\u0105czone pod\u0142o\u017ce piaskowo-gliniasto-be\u017cowe jest dobrze akceptowane przez wi\u0119kszo\u015b\u0107 gatunk\u00f3w mr\u00f3wek kopi\u0105cych gniazda w ziemi.<\/p>\n<p>Jednak w obszarze gniazda na arenie mo\u017cna r\u00f3wnie\u017c umie\u015bci\u0107 inne pod\u0142o\u017ca glebowe lub wk\u0142adki l\u0119gowe.<br \/>\nInne przydatne akcesoria mo\u017cna znale\u017a\u0107 w sugestiach (patrz poni\u017cej).<\/p>\n<p><strong>Zalecenie:<\/strong> Zalecamy warstw\u0119 pod\u0142o\u017ca o wysoko\u015bci 2 mm, aby zwierz\u0119ta nie mog\u0142y zagrzeba\u0107 si\u0119 na arenie i zamiast tego korzysta\u0142y z przeznaczonej do tego celu zagrody. Zalecamy r\u00f3wnie\u017c, aby materia\u0142 do budowy gniazda w zagrodzie (piasek\/glina, Digfix, itp.) by\u0142 lekko nak\u0142uty w jednym miejscu, aby u\u0142atwi\u0107 zwierz\u0119tom kopanie.<\/p>\n<p><strong>Wa\u017cne:<\/strong> Prosimy o zwil\u017cenie pod\u0142o\u017ca przed u\u017cyciem, aby mieszanka mog\u0142a si\u0119 zwi\u0105za\u0107 i mocno osadzi\u0107 w hodowli mr\u00f3wek. Ponadto suche i zakurzone pod\u0142o\u017ce mo\u017ce spowodowa\u0107 zablokowanie dr\u00f3g oddechowych mr\u00f3wek, a w najgorszym przypadku doprowadzi\u0107 do uduszenia si\u0119 zwierz\u0105t.<\/p>\n<p><strong>Uwaga:<\/strong><br \/>\nW przypadku korzystania z naszych wk\u0142adek gniazdowych nale\u017cy pami\u0119ta\u0107, \u017ce s\u0105 one o 8 mm w\u0119\u017csze, poniewa\u017c zosta\u0142y pierwotnie zaprojektowane tak, aby pasowa\u0142y do naszych w\u0119\u017cszych farm mr\u00f3wek i wk\u0142adek areny! W takim przypadku przestrze\u0144 pomi\u0119dzy nimi musi zosta\u0107 wype\u0142niona materia\u0142em wype\u0142niaj\u0105cym, takim jak gips lub glina.<\/p>\n<p><strong>Uwagi dotycz\u0105ce produkcji<\/strong><br \/>\nSzk\u0142o jest ci\u0119te zgodnie z DIN 1249 z tolerancj\u0105 +\/;- 1mm. W przypadku wyj\u0105tkowo ma\u0142ych gatunk\u00f3w mr\u00f3wek konieczne jest dodatkowe zabezpieczenie przed ucieczk\u0105 mr\u00f3wek.<\/p>\n<p><strong>Instrukcje: <\/strong>(Wersja 2023, zaktualizowana wersja na 2024 b\u0119dzie dost\u0119pna najp\u00f3\u017aniej do 04\/2024)<strong><br \/>\n<\/strong><\/p>\n<p>- DE<a href=\"https:\/\/www.antstore.net\/shop\/images\/info\/de\/Gebrauchsanweisung%20Starter%20Set%20Combi.pdf\"> Gebrauchsanweisung Starter Set Combi<\/a> (PDF 7,98 MB)<\/p>\n<p>- PL<a href=\"https:\/\/www.antstore.net\/shop\/images\/info\/en\/Instructions%20for%20use%20-%20Starter%20Set%20Combi.pdf\"> Instrukcja obs\u0142ugi - zestaw startowy Combi<\/a> (PDF 7,94 MB)<\/p>\n<p>- ES<a href=\"https:\/\/www.antstore.net\/shop\/images\/info\/es\/Manual%20de%20instrucciones%20-%20Set%20de%20inicio%20Combi.pdf\"> Manual de instrucciones - Set de inicio Combi<\/a> (PDF 7,94 MB)<\/p>\n<p>- FR<a href=\"https:\/\/www.antstore.net\/shop\/images\/info\/fr\/Manuel%20d'instruction%20-%20Kit%20de%20d%C3%A9marrage%20Combi.pdf\"> Instrukcja obs\u0142ugi - Zestaw do rozmontowywania Combi<\/a> (PDF 7,95 MB)<\/p>\n<p><strong>Notatki na temat d\u017cemu krykietowego:<\/strong><br \/>\nNasze blanszowane \u015bwierszcze to \u0142atwy spos\u00f3b na zapewnienie mr\u00f3wkom \u015bwie\u017co konserwowanego pokarmu bia\u0142kowego bez konieczno\u015bci karmienia \u017cywymi owadami. Zawarte \u015bwierszcze (Acheta domesticus) zosta\u0142y delikatnie zblanszowane, aby zapewni\u0107 zachowanie warto\u015bci od\u017cywczych, smaku i aromatu. Ponadto chitynowa pow\u0142oka owad\u00f3w jest w ten spos\u00f3b zmi\u0119kczana, dzi\u0119ki czemu mo\u017ce by\u0107 \u0142atwiej trawiona. Wi\u0105zania bia\u0142ek kolagenowych s\u0105 rozbijane, aby mr\u00f3wki mog\u0142y je lepiej wykorzysta\u0107. Konserwy Acheta domesticus maj\u0105 tak\u0105 sam\u0105 warto\u015b\u0107 od\u017cywcz\u0105 jak \u017cywe \u015bwierszcze, ale s\u0105 \u0142atwiejsze do strawienia.<\/p>\n<p>Cricket Jam nie nadaje si\u0119 do polowania na gatunki mr\u00f3wek, kt\u00f3re wymagaj\u0105 \u017cywego pokarmu (np. ponerines (wielkie mr\u00f3wki), takie jak Harpegnathos lub Odontomachus).<\/p>\n<p><strong>Dalsze korzy\u015bci:<\/strong><br \/>\nGwarantowany brak roztoczy<br \/>\nMo\u017cna porcjowa\u0107 i rozcie\u0144cza\u0107 wod\u0105<br \/>\nSterylizowane i pakowane pr\u00f3\u017cniowo<br \/>\nBez dodatk\u00f3w<br \/>\n\u015awierszcze ze zr\u00f3wnowa\u017conej, czysto ekologicznej hodowli, karmione odpadami organicznymi<\/p>\n<p><strong>Uwaga:<\/strong><br \/>\nMo\u017cna przechowywa\u0107 w lod\u00f3wce przez oko\u0142o cztery dni po otwarciu. D\u0142u\u017cszy okres trwa\u0142o\u015bci w przypadku zamro\u017cenia.<br \/>\nUwaga: Najpierw porcjowa\u0107, potem zamra\u017ca\u0107.<\/p>\n<p><strong>Uwaga dotycz\u0105ca spadzi:<\/strong><br \/>\nZawarto\u015b\u0107: 10 ml<br \/>\nJest to produkt naturalny, kt\u00f3ry po intensywnych badaniach w naszym laboratorium udoskonalili\u015bmy i stworzyli\u015bmy z niego pokarm bardzo dobrze akceptowany przez mr\u00f3wki. Powodem jest to, \u017ce nieprzetworzony mi\u00f3d spadziowy w swojej skoncentrowanej oryginalnej formie nie jest dobrze akceptowany przez mr\u00f3wki i ich metabolizm.<br \/>\nNasza spad\u017a zosta\u0142a zebrana w nieska\u017conych, dzikich lasach g\u00f3rskich Bu\u0142garii. Spad\u017a jest produkowana tylko przez bardzo ograniczony czas, oko\u0142o dw\u00f3ch miesi\u0119cy w lecie. Jest wi\u0119c bardzo rzadka. Ze wzgl\u0119du na specyficzne w\u0142a\u015bciwo\u015bci gleby w lasach i klimat, niezb\u0119dne sk\u0142adniki od\u017cywcze s\u0105 przechowywane w li\u015bciach drzew, kt\u00f3re s\u0105 wch\u0142aniane przez mszyce. To w\u0142a\u015bnie sprawia, \u017ce ta mieszanka spadzi jest tak po\u017c\u0105dana przez mr\u00f3wki.<\/p>\n<p><strong>Zastosowanie:<\/strong><br \/>\nIlo\u015b\u0107 pokarmu powinna by\u0107 spo\u017cyta w ci\u0105gu oko\u0142o 3 dni.<\/p>\n<p><strong>Opis:<\/strong><br \/>\nSpad\u017a, w przeciwie\u0144stwie do miodu kwiatowego, pozyskiwana jest z wydzielin owad\u00f3w ss\u0105cych ro\u015bliny, takich jak mszyce. Spad\u017a jest popularnym \u017ar\u00f3d\u0142em po\u017cywienia dla wielu owad\u00f3w, takich jak mr\u00f3wki, pszczo\u0142y i trzmiele. Pszczo\u0142y i trzmiele zlizuj\u0105 j\u0105 z li\u015bci lub igie\u0142 r\u00f3\u017cnych drzew. Mr\u00f3wki, takie jak Lasius niger, dos\u0142ownie utrzymuj\u0105 mszyce. Broni\u0105 ich nawet przed drapie\u017cnikami i przenosz\u0105 na \u015bwie\u017ce p\u0119dy.<\/p>\n<p>Spad\u017a jest szczeg\u00f3lnie popularna w\u015br\u00f3d mr\u00f3wek ze wzgl\u0119du na jej nieco inne sk\u0142adniki. G\u0142\u00f3wnymi cukrami w spadzi s\u0105 sacharoza i fruktoza, ale wyst\u0119puj\u0105 r\u00f3wnie\u017c mniejsze ilo\u015bci maltozy, trehalozy, melezytozy, rafinozy i innych oligosacharyd\u00f3w. Opr\u00f3cz cukru i wody, spad\u017a zawiera r\u00f3wnie\u017c niezb\u0119dne aminokwasy, minera\u0142y, pierwiastki \u015bladowe, adenozyny, fosforany i inne sk\u0142adniki, takie jak witaminy.<\/p>\n<p><strong>U\u017cycie:<\/strong><br \/>\nDla gatunk\u00f3w mr\u00f3wek miodo\u017cernych (Meliphagidae)<br \/>\nJest to pasza uzupe\u0142niaj\u0105ca<br \/>\nKarma mo\u017ce by\u0107 podawana zwierz\u0119tom w takiej postaci, w jakiej zosta\u0142a dostarczona. Poniewa\u017c wilgotno\u015b\u0107 zmniejsza st\u0119\u017cenie cukru i rozpoczyna si\u0119 proces fermentacji, pokarm nale\u017cy wymienia\u0107 co 3 dni. Przed ponownym u\u017cyciem nale\u017cy dok\u0142adnie wyczy\u015bci\u0107 misk\u0119\/rurk\u0119 do karmienia.<br \/>\nPo otwarciu opakowanie nale\u017cy przechowywa\u0107 szczelnie zamkni\u0119te do up\u0142ywu daty wa\u017cno\u015bci.<\/p>\n<p><strong>Informacja o warto\u015bciach od\u017cywczych na 100 g:<\/strong><br \/>\nok. 2,7 % t\u0142uszcze<br \/>\nz czego nasycone ok. 0,45 %<br \/>\nok. 95 w\u0119glowodan\u00f3w %<br \/>\nz czego cukier ok. 71<br \/>\noko\u0142o 2,85% bia\u0142ka<br \/>\nMinera\u0142y (potas, wap\u0144, mied\u017a, \u017celazo, s\u00f3d, magnez, fosfor, cynk i inne pierwiastki \u015bladowe) Aminokwasy (prolina, leucyna, fenyloalanina, alanina, histydyna, izoleucyna, kwas glutaminowy, arginina, kwas asparaginowy itd.) Kwasy organiczne Enzymy (fermenty) Aromaty Inhibiny (substancje antybakteryjne) Kwiaty Py\u0142ek kwiatowy<\/p>\n<p><strong>Przechowywanie:<\/strong><br \/>\nAby zapewni\u0107 odpowiedni\u0105 jako\u015b\u0107 paszy, nale\u017cy przechowywa\u0107 j\u0105 w ciemnym i suchym miejscu.<\/p>\n<p><strong>Uwaga:<\/strong><br \/>\nPokarm uzupe\u0142niaj\u0105cy dla mr\u00f3wek miodo\u017cernych.<br \/>\nSk\u0142ad, sk\u0142adniki analityczne, data przydatno\u015bci do spo\u017cycia i numer partii znajduj\u0105 si\u0119 na ulotce do\u0142\u0105czonej do opakowania.<\/p>\n<p>Infolinia +49 30 439703870<\/p>\n<p>W\u0142a\u015bciwy Inspektorat Weterynarii i \u017bywno\u015bci:<br \/>\nGabinet weterynaryjny Steglitz<br \/>\nK\u00f6nigin-Luise-Str. 92<br \/>\n14195 Berlin<\/p>","protected":false},"excerpt":{"rendered":"<p>Rozmiar: M<\/p>","protected":false},"featured_media":7115,"comment_status":"open","ping_status":"closed","template":"","meta":{"_acf_changed":false,"content-type":"","_monsterinsights_skip_tracking":false,"_monsterinsights_sitenote_active":false,"_monsterinsights_sitenote_note":"","_monsterinsights_sitenote_category":0},"product_brand":[],"product_cat":[355,73,78],"product_tag":[],"class_list":{"0":"post-5380","1":"product","2":"type-product","3":"status-publish","4":"has-post-thumbnail","6":"product_cat-bundle-offers","7":"product_cat-starter-sets","8":"product_cat-starter-sets-combi","10":"first","11":"instock","12":"taxable","13":"shipping-taxable","14":"purchasable","15":"product-type-simple"},"acf":[],"aioseo_notices":[],"jetpack_sharing_enabled":true,"_links":{"self":[{"href":"https:\/\/antcube.shop\/pl\/wp-json\/wp\/v2\/product\/5380","targetHints":{"allow":["GET"]}}],"collection":[{"href":"https:\/\/antcube.shop\/pl\/wp-json\/wp\/v2\/product"}],"about":[{"href":"https:\/\/antcube.shop\/pl\/wp-json\/wp\/v2\/types\/product"}],"replies":[{"embeddable":true,"href":"https:\/\/antcube.shop\/pl\/wp-json\/wp\/v2\/comments?post=5380"}],"wp:featuredmedia":[{"embeddable":true,"href":"https:\/\/antcube.shop\/pl\/wp-json\/wp\/v2\/media\/7115"}],"wp:attachment":[{"href":"https:\/\/antcube.shop\/pl\/wp-json\/wp\/v2\/media?parent=5380"}],"wp:term":[{"taxonomy":"product_brand","embeddable":true,"href":"https:\/\/antcube.shop\/pl\/wp-json\/wp\/v2\/product_brand?post=5380"},{"taxonomy":"product_cat","embeddable":true,"href":"https:\/\/antcube.shop\/pl\/wp-json\/wp\/v2\/product_cat?post=5380"},{"taxonomy":"product_tag","embeddable":true,"href":"https:\/\/antcube.shop\/pl\/wp-json\/wp\/v2\/product_tag?post=5380"}],"curies":[{"name":"wp","href":"https:\/\/api.w.org\/{rel}","templated":true}]}}