{"id":5378,"date":"2023-02-01T17:48:16","date_gmt":"2023-02-01T16:48:16","guid":{"rendered":"https:\/\/antcube.shop\/produkt\/honigtau-mix-in-2ml-futterrohrchen-10-st\/"},"modified":"2026-04-15T10:50:16","modified_gmt":"2026-04-15T08:50:16","slug":"honigtau-mix-in-2ml-futterrohrchen-10-st-2","status":"publish","type":"product","link":"https:\/\/antcube.shop\/pl\/produkt\/honigtau-mix-in-2ml-futterrohrchen-10-st-2\/","title":{"rendered":"Mieszanka miodowa w tubach do karmienia o pojemno\u015bci 2ml - 10 szt."},"content":{"rendered":"<p><strong>Tre\u015b\u0107:<\/strong> 10x 2 ml<\/p>\n<p>Jest to produkt naturalny, kt\u00f3ry po intensywnych badaniach w naszym laboratorium udoskonalili\u015bmy i stworzyli\u015bmy z niego pokarm bardzo dobrze akceptowany przez mr\u00f3wki. Powodem jest to, \u017ce nieprzetworzony mi\u00f3d spadziowy w swojej skoncentrowanej oryginalnej formie nie jest dobrze akceptowany przez mr\u00f3wki i ich metabolizm.<\/p>\n<p>Nasza spad\u017a zosta\u0142a zebrana w nieska\u017conych, dzikich, g\u00f3rskich lasach Bu\u0142garii. Spad\u017a jest produkowana tylko w bardzo ograniczonym okresie, oko\u0142o dw\u00f3ch miesi\u0119cy w lecie. Dlatego te\u017c jest bardzo rzadka. Ze wzgl\u0119du na specyficzne w\u0142a\u015bciwo\u015bci gleby w tych lasach i klimat, w li\u015bciach drzew zgromadzono wa\u017cne dla egzystencji sk\u0142adniki od\u017cywcze, kt\u00f3re s\u0105 wch\u0142aniane przez mszyce. To w\u0142a\u015bnie sprawia, \u017ce ta mieszanina spadziowa jest tak po\u017c\u0105dana przez mr\u00f3wki.<\/p>\n<p><strong>Zastosowanie:<\/strong><br \/>\nRurka z pokarmem mo\u017ce by\u0107 umieszczona w ca\u0142o\u015bci w formikarium, alternatywnie mo\u017cna doda\u0107 mniejsze ilo\u015bci do miseczki do karmienia w zale\u017cno\u015bci od potrzeb\/zale\u017cnie od wielko\u015bci kolonii. Ilo\u015b\u0107 pokarmu powinna zosta\u0107 spo\u017cyta w ci\u0105gu oko\u0142o 3 dni.<\/p>\n<p><strong>Opis:<\/strong><br \/>\nSpad\u017a, w przeciwie\u0144stwie do miodu kwiatowego, pochodzi z wydzielin owad\u00f3w ss\u0105cych ro\u015bliny, takich jak mszyce. Spad\u017a jest ulubionym \u017ar\u00f3d\u0142em po\u017cywienia wielu owad\u00f3w, takich jak mr\u00f3wki, pszczo\u0142y, a nawet trzmiele. Pszczo\u0142y i trzmiele zlizuj\u0105 j\u0105 z li\u015bci lub igie\u0142 r\u00f3\u017cnych drzew. Mr\u00f3wki takie jak Lasius niger regularnie utrzymuj\u0105 mszyce. Broni\u0105 ich nawet przed drapie\u017cnikami i przenosz\u0105 na \u015bwie\u017ce p\u0119dy.<\/p>\n<p>Spad\u017a jest lubiana przez mr\u00f3wki g\u0142\u00f3wnie ze wzgl\u0119du na jej nieco inne sk\u0142adniki. G\u0142\u00f3wnymi cukrami w spadzi s\u0105 sacharoza i fruktoza, ale w mniejszych ilo\u015bciach wyst\u0119puj\u0105 r\u00f3wnie\u017c maltoza, trehaloza, melezitoza, rafinoza i inne oligosacharydy. Opr\u00f3cz cukr\u00f3w i wody spad\u017a zawiera r\u00f3wnie\u017c wa\u017cne dla \u017cycia aminokwasy, minera\u0142y, pierwiastki \u015bladowe, fosforany adenozyny i inne sk\u0142adniki, takie jak witaminy.<\/p>\n<p><strong>Zastosowania:<\/strong><br \/>\nDla gatunk\u00f3w mr\u00f3wek miodo\u017cernych (Meliphagidae).<br \/>\nJest to pasza uzupe\u0142niaj\u0105ca (pasza pojedyncza)<br \/>\nMo\u017ce by\u0107 oferowana zwierz\u0119tom w stanie dostarczonym. Poniewa\u017c wilgo\u0107 zmniejsza st\u0119\u017cenie cukru i rozpoczyna si\u0119 proces fermentacji, karm\u0119 nale\u017cy wymienia\u0107 co 3 dni. Przed ponownym u\u017cyciem dok\u0142adnie wyczy\u015bci\u0107 misk\u0119\/rurk\u0119 z karm\u0105.<br \/>\nOtwarte opakowanie nale\u017cy zu\u017cy\u0107 szczelnie zamkni\u0119te do wskazanej (najlepiej przed) daty.<\/p>\n<p><strong>Informacja o warto\u015bci od\u017cywczej na 100g:<\/strong><br \/>\nok. 2,7 % t\u0142uszcze<br \/>\njego nasycenie ok. 0,45 %<br \/>\nok. 95 % w\u0119glowodany<br \/>\nz czego cukier ok. 71%<br \/>\nca 2,85% bia\u0142ko<\/p>\n<p>Minera\u0142y (potas, wap\u0144, mied\u017a, \u017celazo, s\u00f3d, magnez, fosfor, cynk i inne pierwiastki \u015bladowe) Aminokwasy (prolina, leucyna, fenyloalanina, alanina, histydyna, izoleucyna, kwas glutaminowy, arginina, kwas asparaginowy itd.) Kwasy organiczne Enzymy (fermenty) Aromaty Inhibiny (substancje antybakteryjne) Kwiaty Py\u0142ek kwiatowy<\/p>\n<p><strong>Przechowywanie:<\/strong><br \/>\naby zapewni\u0107 jako\u015b\u0107 karmy, nale\u017cy j\u0105 przechowywa\u0107 w ciemnym i suchym miejscu.<\/p>\n<p><strong>Zawiadomienie:<\/strong><br \/>\nInformacje o tym, jak u\u017cywa\u0107 rurek podaj\u0105cych mo\u017cna znale\u017a\u0107 tutaj: Link<br \/>\nPokarm uzupe\u0142niaj\u0105cy dla mr\u00f3wek miodo\u017cernych.<br \/>\nSk\u0142ad, sk\u0142adniki analityczne, data przydatno\u015bci do spo\u017cycia i numer partii znajduj\u0105 si\u0119 na ulotce do\u0142\u0105czonej do opakowania.<\/p>\n<p>Infolinia +49 30 439703870<\/p>\n<p><strong>W\u0142a\u015bciwy organ nadzoru weterynaryjnego i \u017cywno\u015bciowego:<\/strong><br \/>\nGabinet weterynaryjny Steglitz<br \/>\nK\u00f6nigin-Luise-Str. 92<br \/>\n14195 Berlin<\/p>\n<p>&nbsp;<\/p>\n<div style=\"width: 1020px;\" class=\"wp-video\"><video class=\"wp-video-shortcode\" id=\"video-5378-1\" width=\"1020\" height=\"1813\" preload=\"metadata\" controls=\"controls\"><source type=\"video\/mp4\" src=\"https:\/\/antcube.shop\/wp-content\/uploads\/2024\/04\/black-ant_ein-shot_aphids-.mp4?_=1\" \/><a href=\"https:\/\/antcube.shop\/wp-content\/uploads\/2024\/04\/black-ant_ein-shot_aphids-.mp4\">https:\/\/antcube.shop\/wp-content\/uploads\/2024\/04\/black-ant_ein-shot_aphids-.mp4<\/a><\/video><\/div>","protected":false},"excerpt":{"rendered":"<p>\u017bywno\u015b\u0107 uzupe\u0142niaj\u0105ca<\/p>","protected":false},"featured_media":5385,"comment_status":"open","ping_status":"closed","template":"","meta":{"_acf_changed":false,"content-type":"","_monsterinsights_skip_tracking":false,"_monsterinsights_sitenote_active":false,"_monsterinsights_sitenote_note":"","_monsterinsights_sitenote_category":0},"product_brand":[],"product_cat":[257,115,116],"product_tag":[],"class_list":{"0":"post-5378","1":"product","2":"type-product","3":"status-publish","4":"has-post-thumbnail","6":"product_cat-new-innovatve-products","7":"product_cat-food-and-feeding","8":"product_cat-food","10":"first","11":"instock","12":"taxable","13":"shipping-taxable","14":"purchasable","15":"product-type-simple"},"acf":[],"aioseo_notices":[],"jetpack_sharing_enabled":true,"_links":{"self":[{"href":"https:\/\/antcube.shop\/pl\/wp-json\/wp\/v2\/product\/5378","targetHints":{"allow":["GET"]}}],"collection":[{"href":"https:\/\/antcube.shop\/pl\/wp-json\/wp\/v2\/product"}],"about":[{"href":"https:\/\/antcube.shop\/pl\/wp-json\/wp\/v2\/types\/product"}],"replies":[{"embeddable":true,"href":"https:\/\/antcube.shop\/pl\/wp-json\/wp\/v2\/comments?post=5378"}],"wp:featuredmedia":[{"embeddable":true,"href":"https:\/\/antcube.shop\/pl\/wp-json\/wp\/v2\/media\/5385"}],"wp:attachment":[{"href":"https:\/\/antcube.shop\/pl\/wp-json\/wp\/v2\/media?parent=5378"}],"wp:term":[{"taxonomy":"product_brand","embeddable":true,"href":"https:\/\/antcube.shop\/pl\/wp-json\/wp\/v2\/product_brand?post=5378"},{"taxonomy":"product_cat","embeddable":true,"href":"https:\/\/antcube.shop\/pl\/wp-json\/wp\/v2\/product_cat?post=5378"},{"taxonomy":"product_tag","embeddable":true,"href":"https:\/\/antcube.shop\/pl\/wp-json\/wp\/v2\/product_tag?post=5378"}],"curies":[{"name":"wp","href":"https:\/\/api.w.org\/{rel}","templated":true}]}}