{"id":5347,"date":"2023-01-17T17:36:25","date_gmt":"2023-01-17T16:36:25","guid":{"rendered":"https:\/\/antcube.shop\/produkt\/bundle-offer-messor-barbarus\/"},"modified":"2026-04-07T13:04:50","modified_gmt":"2026-04-07T11:04:50","slug":"pakiet-oferta-messor-barbarus","status":"publish","type":"product","link":"https:\/\/antcube.shop\/pl\/produkt\/pakiet-oferta-messor-barbarus\/","title":{"rendered":"Oferta pakietowa - Messor barbarus"},"content":{"rendered":"<p><span data-text-color=\"secondary\"><strong>Oferta pakietowa obejmuj\u0105ca koloni\u0119 mr\u00f3wek Messor barbarus (kr\u00f3lowa + 11-25 robotnic + czerw), zestaw startowy dla Messor spec. z 3 matami formikarium i s\u0142oikiem naszych specjalnych ca\u0142ych blanszowanych \u015bwierszczy 10 g (wilgotne bia\u0142ko).<\/strong><\/span><\/p>\n<p><span data-text-color=\"alert\"><strong>Tylko do wyczerpania zapas\u00f3w.<\/strong><\/span><\/p>\n<p><strong>Wszystko, czego potrzebujesz do stworzenia kolonii mr\u00f3wek Messor barbarus<\/strong><br \/>\nTen zestaw zawiera wszystko, czego potrzebujesz, aby z powodzeniem przeprowadzi\u0107 koloni\u0119 Messor barbarus przez kilka pierwszych miesi\u0119cy. Jest elastyczny i odpowiedni dla pocz\u0105tkuj\u0105cych hodowc\u00f3w mr\u00f3wek.<\/p>\n<p><strong>Gatunek mr\u00f3wki Messor barbarus:<\/strong><br \/>\nMessor barbarus to wyra\u017anie granivorous (ziarno\u017cerny) gatunek mr\u00f3wek z regionu \u015br\u00f3dziemnomorskiego. Nale\u017cy do tak zwanych mr\u00f3wek \u017cniwiarek i jest jednym z podstawowych gatunk\u00f3w dla hodowc\u00f3w mr\u00f3wek ze wzgl\u0119du na stosunkowo proste wymagania klimatyczne i \u017cywieniowe. Ze wzgl\u0119du na sw\u00f3j kolor i tworzenie robotnic minor, media i major (mniejszych i wi\u0119kszych) jest bardzo ekscytuj\u0105ca do obserwacji.<\/p>\n<p><strong>Pokarm dla Messor barbarus<\/strong><br \/>\nW naturze Messor barbarus zjada g\u0142\u00f3wnie ziarna i wykorzystuje je do produkcji \"mr\u00f3wczego chleba\", ale s\u0142odkie owoce i martwe owady s\u0105 r\u00f3wnie\u017c ch\u0119tnie akceptowane. Messor barbarus pokrywa du\u017c\u0105 cz\u0119\u015b\u0107 swojego zapotrzebowania na wilgo\u0107 ziarnami, a reszt\u0119 owadami. W formikarium mo\u017cna podawa\u0107 ziarna i, w razie potrzeby, mi\u00f3d, pokarm bia\u0142kowy, bardzo ma\u0142e owady lub galaretk\u0119. Woda miodowa jest akceptowana tylko wtedy, gdy brakuje p\u0142ynu. Poniewa\u017c gatunki Messor maj\u0105 tendencj\u0119 do zanurzania si\u0119 w otwartych \u017ar\u00f3d\u0142ach wody, nale\u017cy je zawsze przykrywa\u0107 kamieniami lub ch\u0142onn\u0105 bawe\u0142n\u0105.<\/p>\n<p>Messor barbarus hibernuje od ko\u0144ca listopada do ko\u0144ca lutego. Jednak\u017ce, w przeciwie\u0144stwie na przyk\u0142ad do Lasius niger, jest to okres znacznie zmniejszonej aktywno\u015bci. Okres hibernacji nale\u017cy sp\u0119dzi\u0107 w temperaturze oko\u0142o 15\u00b0C, poniewa\u017c temperatury w regionach, z kt\u00f3rych pochodzi Messor barbarus, bardzo rzadko s\u0105 ni\u017csze, nawet zim\u0105. W tym celu mo\u017cna po prostu umie\u015bci\u0107 mr\u00f3wki w nieogrzewanym pomieszczeniu. Istniej\u0105 r\u00f3wnie\u017c doniesienia od hodowc\u00f3w, kt\u00f3rzy trzymaj\u0105 Messor barbarus bez hibernacji. Mo\u017ce to jednak prowadzi\u0107 do skr\u00f3cenia \u017cywotno\u015bci kolonii lub spowolnienia rozwoju potomstwa. Podczas hibernacji zwierz\u0119ta musz\u0105 by\u0107 karmione tylko w niewielkim stopniu. Nale\u017cy jednak regularnie sprawdza\u0107 wilgotno\u015b\u0107 i uwa\u017ca\u0107 na ple\u015b\u0144!<\/p>\n<p><strong>Formicarium dla Messor barbarus<\/strong><br \/>\nMr\u00f3wki \u017cniwiarki potrzebuj\u0105 lekko wilgotnego obszaru gniazda dla l\u0119gu i suchego obszaru gniazda do przechowywania zebranych ziaren (suchego, aby zapobiec rozwojowi ple\u015bni). Najlepiej sprawdza si\u0119 to w przypadku dw\u00f3ch oddzielnych gniazd, kt\u00f3re s\u0105 zawarte w naszym zestawie startowym. Takie rozwi\u0105zanie wystarczy na co najmniej 1-2 lata. Po tym czasie zar\u00f3wno gniazdo, jak i arena powinny zosta\u0107 powi\u0119kszone.<\/p>\n<p><strong>Optymalne warunki klimatyczne dla Messor barbarus s\u0105 nast\u0119puj\u0105ce:<\/strong><br \/>\nWilgotno\u015b\u0107:<br \/>\nArena: 30 - 50% Obszar gniazda: 50 - 70%<br \/>\nTemperatura:<br \/>\nArena: 25 - 30\u00b0C Obszar gniazda: 21 - 26\u00b0C<\/p>\n<p>Nasz Digfix jest najbardziej odpowiednim materia\u0142em do budowy gniazd. Jest bardzo odporny na wilgo\u0107 i zapewnia, \u017ce wgl\u0105d do gniazda oraz kom\u00f3r i przej\u015b\u0107 wewn\u0105trz nie jest zak\u0142\u00f3cany przez pozosta\u0142o\u015bci pod\u0142o\u017ca, jak w przypadku mieszanek piaskowo-gliniastych. Dzi\u0119ki silnym szcz\u0119kom, robotnice Major mog\u0105 z czasem bez problemu zjada\u0107 Ytong. Szklane gniazda z wk\u0142adkami Digfix s\u0105 zatem najlepszym i najbezpieczniejszym sposobem hodowli Messor angularis.<\/p>\n<p><strong>Zawarto\u015b\u0107:<\/strong><\/p>\n<p>1x Messor barbarus (kr\u00f3lowa + 11-25 robotnic + czerw)<br \/>\n1x Cricket Jam 25g<br \/>\n1x Karma zbo\u017cowa minor 100g<br \/>\n1x pad for formicariums &#8211; 20x20cm<br \/>\n2x pad for formicariums &#8211; 20x6cm<\/p>\n<p>1x ANTCUBE - arena 20x20x10 - p\u0142aska<br \/>\n1x rama areny mr\u00f3wek 20\u00d720<br \/>\n1x pokrywa areny mr\u00f3wek 20\u00d720<br \/>\n4x punkt mocowania dla pokrywy areny<br \/>\n2x ANTCUBE - Farma mr\u00f3wek - L - 20\u00d720 - pionowa<\/p>\n<p>2x ANTCUBE - p\u0142ytka Digfix 20\u00d720 - M<br \/>\n1x 1m rurka przezroczysta 14\/10 mm<br \/>\n2x ANTCUBE - czerwona folia 20\u00d720 - filtr<br \/>\n2x zaciski samoprzylepne - przezroczyste 2 szt.<br \/>\n1x pod\u0142o\u017ce - pustynia - 1 kg<\/p>\n<p>2x grid insert &#8211; 50mm<br \/>\n1x grid insert &#8211; 27mm<br \/>\n1x za\u015blepka kratki - 10mm - stal nierdzewna<\/p>\n<p>1x z\u0142\u0105cze w\u0119\u017ca zbiornika 27-14,16,20 mm - przezroczyste<br \/>\n1x drinking clear 5ml &#8211; sponge<br \/>\n1x Feeding dish white rectangle &#8211; 3 compartments<br \/>\n1x Foil thermometer display<br \/>\n2x Foil thermometer farm<br \/>\n1x Olejek chroni\u0105cy przed ucieczk\u0105 mr\u00f3wek 10ml<br \/>\n1x P\u0119seta ze stali spr\u0119\u017cynowej - szeroka - mi\u0119kka<br \/>\n1x P\u0119seta plastikowa przezroczysta<br \/>\n1x pipeta plastikowa 3ml<br \/>\n1x lupa r\u0119czna - 2x - 30mm<br \/>\n1x wycieraczka piankowa 150x18x2,5mm<br \/>\n1x plecy fotograficzne - pustynia - 20\u00d710<\/p>\n<p><strong>Opis Zestaw startowy:<\/strong><br \/>\nTen zestaw startowy jest szczeg\u00f3lnie odpowiedni dla r\u00f3\u017cnych gatunk\u00f3w z rodzaju Messor. Jedna z dw\u00f3ch farm jest przeznaczona do przechowywania nasion i chleba mr\u00f3wek i dlatego powinna by\u0107 ca\u0142kowicie sucha, aby zapobiec kie\u0142kowaniu lub ple\u015bnieniu nasion\/ziaren przechowywanych tam przez mr\u00f3wki.<br \/>\n\"P\u0142yty Digfix\" mo\u017cna umie\u015bci\u0107 w ca\u0142kowicie przezroczystych farmach. Alternatywnie, mo\u017cna r\u00f3wnie\u017c u\u017cy\u0107 \"Soil - Desert\" do wype\u0142nienia farm. W razie potrzeby mo\u017cna pod\u0142\u0105czy\u0107 dodatkowe modu\u0142y przez 50 mm otwory w pokrywie, np. dost\u0119pne oddzielnie zamg\u0142awiacze, wentylatory lub \u015bwiat\u0142a. Alternatywnie, odpowiednie wk\u0142adki siatkowe do zamykania otwor\u00f3w wchodz\u0105 w zakres dostawy. W razie potrzeby formikarium mo\u017cna r\u00f3wnie\u017c obs\u0142ugiwa\u0107 w trybie otwartym, po prostu mocuj\u0105c zdejmowan\u0105 ram\u0119 i nak\u0142adaj\u0105c na kraw\u0119d\u017a olej chroni\u0105cy przed mr\u00f3wkami.<\/p>\n<p><strong>Wa\u017cne:<\/strong> Przed u\u017cyciem nale\u017cy zwil\u017cy\u0107 pod\u0142o\u017ce, aby mieszanina mog\u0142a si\u0119 zwi\u0105za\u0107 i mocno osadzi\u0107 w hodowli mr\u00f3wek. Ponadto, je\u015bli pod\u0142o\u017ce jest zbyt suche i zakurzone, drogi oddechowe mr\u00f3wek mog\u0105 zosta\u0107 zablokowane, a w najgorszym przypadku zwierz\u0119ta mog\u0105 si\u0119 udusi\u0107.<\/p>\n<p><strong>Zalecenie:<\/strong> Zalecamy warstw\u0119 pod\u0142o\u017ca o wysoko\u015bci 2 mm, aby zwierz\u0119ta nie mog\u0142y zagrzeba\u0107 si\u0119 na arenie i zamiast tego korzysta\u0142y z przeznaczonej do tego celu zagrody. Zalecamy r\u00f3wnie\u017c, aby materia\u0142 do budowy gniazda w zagrodzie (piasek\/glina, Digfix, itp.) by\u0142 lekko nak\u0142uty w jednym miejscu, aby u\u0142atwi\u0107 zwierz\u0119tom kopanie.<\/p>\n<p><strong>Uwagi dotycz\u0105ce produkcji<\/strong><br \/>\nSzk\u0142o jest ci\u0119te zgodnie z DIN 1249 z tolerancj\u0105 +\/;- 1mm. W przypadku wyj\u0105tkowo ma\u0142ych gatunk\u00f3w mr\u00f3wek konieczne jest dodatkowe zabezpieczenie przed ucieczk\u0105 mr\u00f3wek.<\/p>\n<p><strong>Uwagi dotycz\u0105ce gospodarstwa<\/strong><br \/>\nPrzy zak\u0142adaniu i zdejmowaniu w\u0119\u017cy nale\u017cy przestrzega\u0107 nast\u0119puj\u0105cych wskaz\u00f3wek:<br \/>\nJe\u015bli w\u0105\u017c jest bardzo trudny do zamocowania w gnie\u017adzie przy\u0142\u0105czeniowym, gniazdo nale\u017cy lekko natrze\u0107 kropl\u0105 naszego oleju lub proszku zabezpieczaj\u0105cego przed wyrwaniem. Nast\u0119pnie w\u0105\u017c nale\u017cy wsun\u0105\u0107 do gniazda za pomoc\u0105 ruch\u00f3w obrotowych lub wkr\u0119caj\u0105cych, bez obci\u0105\u017cania gniazda ruchami w g\u00f3r\u0119 i w d\u00f3\u0142. To samo dotyczy zdejmowania w\u0119\u017cy z gniazda przy\u0142\u0105czeniowego. Nie nale\u017cy go po prostu \u015bci\u0105ga\u0107!<\/p>\n<p><strong>Wskaz\u00f3wka dotycz\u0105ca Digfix:<\/strong> Naturalny kolor mo\u017ce waha\u0107 si\u0119 od zielono-szaro-br\u0105zowego do ziemisto-br\u0105zowego. Odcie\u0144 koloru nie ma wp\u0142ywu na jako\u015b\u0107.<\/p>\n<p><strong>Instrukcje: <\/strong>(Wersja 2023, zaktualizowana wersja na 2024 b\u0119dzie dost\u0119pna najp\u00f3\u017aniej do 04\/2024)<br \/>\n<span data-sheets-root=\"1\" data-sheets-value=\"{&quot;1&quot;:2,&quot;2&quot;:&quot;DE Gebrauchsanweisung Starter Set Ernteameisen (PDF 2,50 MB)&quot;}\" data-sheets-userformat=\"{&quot;2&quot;:513,&quot;3&quot;:{&quot;1&quot;:0},&quot;12&quot;:0}\" data-sheets-hyperlink=\"https:\/\/www.antstore.net\/shop\/images\/info\/de\/Gebrauchsanweisung Starter Set Ernteameisen.pdf\" data-sheets-hyperlinkruns=\"{&quot;1&quot;:3,&quot;2&quot;:&quot;https:\/\/www.antstore.net\/shop\/images\/info\/de\/Gebrauchsanweisung Starter Set Ernteameisen.pdf&quot;}\uee10{&quot;1&quot;:46}\"><a class=\"in-cell-link\" href=\"https:\/\/www.antstore.net\/shop\/images\/info\/de\/Gebrauchsanweisung Starter Set Ernteameisen.pdf\" target=\"_blank\" rel=\"noopener\">- DE <\/a><a class=\"in-cell-link\" href=\"https:\/\/www.antstore.net\/shop\/images\/info\/de\/Gebrauchsanweisung Starter Set Ernteameisen.pdf\" target=\"_blank\" rel=\"noopener\">Gebrauchsanweisung Starter Set Ernteameisen<\/a><a class=\"in-cell-link\" href=\"https:\/\/www.antstore.net\/shop\/images\/info\/de\/Gebrauchsanweisung Starter Set Ernteameisen.pdf\" target=\"_blank\" rel=\"noopener\"> (PDF 2,50 MB)<\/a><\/span><br \/>\n<a href=\"https:\/\/www.antstore.net\/shop\/images\/info\/en\/Instructions%20for%20use%20-%20Starter%20Set%20for%20Harvester%20Ants.pdf\">- PL Instrukcja u\u017cytkowania - Zestaw startowy dla mr\u00f3wek \u017cniwiarek (PDF 2,50 MB)<\/a><br \/>\n<a href=\"https:\/\/www.antstore.net\/shop\/images\/info\/es\/Manual%20de%20instrucciones%20-%20Set%20de%20inicio%20para%20las%20hormigas%20de%20la%20cosecha%20_%20messor.pdf\">- ES Manual de instrucciones - Set de inicio para las hormigas de la cosecha _ messor (PDF 2,50 MB)<\/a><br \/>\n<a href=\"https:\/\/www.antstore.net\/shop\/images\/info\/fr\/Manuel%20d'instruction%20-%20Kit%20de%20d%C3%A9marrage%20pour%20les%20fourmis%20moissonneuses_%20Messor.pdf\">- FR Manuel d'instruction - Kit de d\u00e9marrage pour les fourmis moissonneuses_ Messor (PDF 2,50 MB)<\/a><\/p>\n<p><strong>Notatki na temat d\u017cemu krykietowego:<\/strong><br \/>\nNasze blanszowane \u015bwierszcze to \u0142atwy spos\u00f3b na zapewnienie mr\u00f3wkom \u015bwie\u017co konserwowanego pokarmu bia\u0142kowego bez konieczno\u015bci karmienia \u017cywymi owadami. Zawarte \u015bwierszcze (Acheta domesticus) zosta\u0142y delikatnie zblanszowane, aby zapewni\u0107 zachowanie warto\u015bci od\u017cywczych, smaku i aromatu. Ponadto chitynowa pow\u0142oka owad\u00f3w jest w ten spos\u00f3b zmi\u0119kczana, dzi\u0119ki czemu mo\u017ce by\u0107 \u0142atwiej trawiona. Wi\u0105zania bia\u0142ek kolagenowych s\u0105 rozbijane, aby mr\u00f3wki mog\u0142y je lepiej wykorzysta\u0107. Konserwy Acheta domesticus maj\u0105 tak\u0105 sam\u0105 warto\u015b\u0107 od\u017cywcz\u0105 jak \u017cywe \u015bwierszcze, ale s\u0105 \u0142atwiejsze do strawienia.<\/p>\n<p>Cricket Jam nie nadaje si\u0119 do polowania na gatunki mr\u00f3wek, kt\u00f3re wymagaj\u0105 \u017cywego pokarmu (np. ponerines (wielkie mr\u00f3wki), takie jak Harpegnathos lub Odontomachus).<\/p>\n<p><strong>Dalsze korzy\u015bci:<\/strong><br \/>\nGwarantowany brak roztoczy<br \/>\nMo\u017cna porcjowa\u0107 i rozcie\u0144cza\u0107 wod\u0105<br \/>\nSterylizowane i pakowane pr\u00f3\u017cniowo<br \/>\nBez dodatk\u00f3w<br \/>\n\u015awierszcze ze zr\u00f3wnowa\u017conej, czysto ekologicznej hodowli, karmione odpadami organicznymi<\/p>\n<p><strong>Uwaga:<\/strong><br \/>\nMo\u017cna przechowywa\u0107 w lod\u00f3wce przez oko\u0142o cztery dni po otwarciu. D\u0142u\u017cszy okres trwa\u0142o\u015bci w przypadku zamro\u017cenia.<br \/>\n<strong>Uwaga:<\/strong> Najpierw porcjowa\u0107, a nast\u0119pnie zamra\u017ca\u0107.<\/p>","protected":false},"excerpt":{"rendered":"<p>Zestaw sk\u0142ada si\u0119 z 39 cz\u0119\u015bci<br \/>\nRozmiar: M<\/p>","protected":false},"featured_media":7113,"comment_status":"open","ping_status":"closed","template":"","meta":{"_acf_changed":false,"content-type":"","_monsterinsights_skip_tracking":false,"_monsterinsights_sitenote_active":false,"_monsterinsights_sitenote_note":"","_monsterinsights_sitenote_category":0},"product_brand":[],"product_cat":[355,353,73],"product_tag":[],"class_list":{"0":"post-5347","1":"product","2":"type-product","3":"status-publish","4":"has-post-thumbnail","6":"product_cat-bundle-offers","7":"product_cat-starter-sets-for-harvester-ants","8":"product_cat-starter-sets","10":"first","11":"instock","12":"taxable","13":"shipping-taxable","14":"purchasable","15":"product-type-simple"},"acf":[],"aioseo_notices":[],"jetpack_sharing_enabled":true,"_links":{"self":[{"href":"https:\/\/antcube.shop\/pl\/wp-json\/wp\/v2\/product\/5347","targetHints":{"allow":["GET"]}}],"collection":[{"href":"https:\/\/antcube.shop\/pl\/wp-json\/wp\/v2\/product"}],"about":[{"href":"https:\/\/antcube.shop\/pl\/wp-json\/wp\/v2\/types\/product"}],"replies":[{"embeddable":true,"href":"https:\/\/antcube.shop\/pl\/wp-json\/wp\/v2\/comments?post=5347"}],"wp:featuredmedia":[{"embeddable":true,"href":"https:\/\/antcube.shop\/pl\/wp-json\/wp\/v2\/media\/7113"}],"wp:attachment":[{"href":"https:\/\/antcube.shop\/pl\/wp-json\/wp\/v2\/media?parent=5347"}],"wp:term":[{"taxonomy":"product_brand","embeddable":true,"href":"https:\/\/antcube.shop\/pl\/wp-json\/wp\/v2\/product_brand?post=5347"},{"taxonomy":"product_cat","embeddable":true,"href":"https:\/\/antcube.shop\/pl\/wp-json\/wp\/v2\/product_cat?post=5347"},{"taxonomy":"product_tag","embeddable":true,"href":"https:\/\/antcube.shop\/pl\/wp-json\/wp\/v2\/product_tag?post=5347"}],"curies":[{"name":"wp","href":"https:\/\/api.w.org\/{rel}","templated":true}]}}