{"id":4873,"date":"2022-12-07T14:03:10","date_gmt":"2022-12-07T13:03:10","guid":{"rendered":"https:\/\/antcube.shop\/produkt\/combi-balkon\/"},"modified":"2026-04-23T12:09:22","modified_gmt":"2026-04-23T10:09:22","slug":"combi-balkon","status":"publish","type":"product","link":"https:\/\/antcube.shop\/pl\/produkt\/combi-balkon\/","title":{"rendered":"Combi - Balkon"},"content":{"rendered":"<p style=\"margin-bottom: 0cm;\"><strong>Wymiary:<\/strong> 19x6x8 cm<\/p>\n<p><strong>Materia\u0142:<\/strong> PMMA<\/p>\n<p><strong>Kolor:<\/strong> krystalicznie czysty, przezroczysty, p\u00f3\u0142przezroczysty<\/p>\n<p><strong>Zawarto\u015b\u0107:<\/strong><br \/>\n1x p\u0142yta podstawowa<br \/>\n2x uchwyt<br \/>\n1x rampa w\u0105ska (dla ma\u0142ych mr\u00f3wek)<br \/>\n1x rampa szeroka (dla du\u017cych mr\u00f3wek)<\/p>\n<p><strong>Uwaga:<\/strong> Cz\u0119\u015bci s\u0105 dostarczane jako zestaw lub system wtykowy. Nie jest konieczne klejenie.<\/p>\n<p><strong>Po\u0142\u0105czenie:<\/strong><br \/>\nMo\u017cliwo\u015b\u0107 zaczepienia do wszystkich aren Combi 20x20x20 cm w rozmiarach S, M, L.<\/p>\n<p><strong>Opis:<\/strong> Balkonik Combi-Balcony jest po prostu pod\u0142\u0105czany do istniej\u0105cej Areny Combi. Balkon s\u0142u\u017cy jako przed\u0142u\u017cenie areny i u\u0142atwia mr\u00f3wkom wspinanie si\u0119 lub schodzenie z g\u00f3rnej cz\u0119\u015bci gniazda na arenie. W\u0105ska pomoc do wspinania si\u0119 przeznaczona jest dla ma\u0142ych gatunk\u00f3w mr\u00f3wek, takich jak Lasius niger, a szersza dla gatunk\u00f3w takich jak Camponotus. Podwy\u017cszona platforma mo\u017ce s\u0142u\u017cy\u0107 jako miejsce do karmienia, gdzie mo\u017cna umie\u015bci\u0107 miseczki lub poide\u0142ka. U\u0142atwia ona prace piel\u0119gnacyjne i konserwacyjne, dzi\u0119ki blisko\u015bci g\u00f3rnego otworu i utrzymuje dolne pod\u0142o\u017ce wolne od resztek pokarmu. Dzi\u0119ki przezroczystemu materia\u0142owi Combi Balcony doskonale pasuje do Combi Areny, nie zas\u0142aniaj\u0105c widoku na obszar gniazda, a ponadto jest \u0142atwy do czyszczenia.<\/p>\n<p style=\"margin-bottom: 0cm;\">","protected":false},"excerpt":{"rendered":"<p>Wymiary: 19x6x8 cm Materia\u0142: PMMA Kolor: krystalicznie czysty, przezroczysty, p\u00f3\u0142przezroczysty Zawarto\u015b\u0107: 1x p\u0142yta bazowa 2x wspornik uchwytu 1x rampa w\u0105ska (dla ma\u0142ych mr\u00f3wek) 1x rampa szeroka (dla du\u017cych mr\u00f3wek) Uwaga: Cz\u0119\u015bci s\u0105 dostarczane jako zestaw lub system wtykowy. Nie jest konieczne klejenie. Pod\u0142\u0105czenie: Mo\u017cliwo\u015b\u0107 zaczepienia do wszystkich aren Combi 20x20x20 cm w.","protected":false},"featured_media":4875,"comment_status":"open","ping_status":"closed","template":"","meta":{"_acf_changed":false,"content-type":"","_monsterinsights_skip_tracking":false,"_monsterinsights_sitenote_active":false,"_monsterinsights_sitenote_note":"","_monsterinsights_sitenote_category":0},"product_brand":[],"product_cat":[239],"product_tag":[],"class_list":{"0":"post-4873","1":"product","2":"type-product","3":"status-publish","4":"has-post-thumbnail","6":"product_cat-useful-additions","8":"first","9":"instock","10":"taxable","11":"shipping-taxable","12":"purchasable","13":"product-type-simple"},"acf":[],"aioseo_notices":[],"jetpack_sharing_enabled":true,"_links":{"self":[{"href":"https:\/\/antcube.shop\/pl\/wp-json\/wp\/v2\/product\/4873","targetHints":{"allow":["GET"]}}],"collection":[{"href":"https:\/\/antcube.shop\/pl\/wp-json\/wp\/v2\/product"}],"about":[{"href":"https:\/\/antcube.shop\/pl\/wp-json\/wp\/v2\/types\/product"}],"replies":[{"embeddable":true,"href":"https:\/\/antcube.shop\/pl\/wp-json\/wp\/v2\/comments?post=4873"}],"wp:featuredmedia":[{"embeddable":true,"href":"https:\/\/antcube.shop\/pl\/wp-json\/wp\/v2\/media\/4875"}],"wp:attachment":[{"href":"https:\/\/antcube.shop\/pl\/wp-json\/wp\/v2\/media?parent=4873"}],"wp:term":[{"taxonomy":"product_brand","embeddable":true,"href":"https:\/\/antcube.shop\/pl\/wp-json\/wp\/v2\/product_brand?post=4873"},{"taxonomy":"product_cat","embeddable":true,"href":"https:\/\/antcube.shop\/pl\/wp-json\/wp\/v2\/product_cat?post=4873"},{"taxonomy":"product_tag","embeddable":true,"href":"https:\/\/antcube.shop\/pl\/wp-json\/wp\/v2\/product_tag?post=4873"}],"curies":[{"name":"wp","href":"https:\/\/api.w.org\/{rel}","templated":true}]}}