{"id":4747,"date":"2022-11-14T15:08:27","date_gmt":"2022-11-14T14:08:27","guid":{"rendered":"https:\/\/antcube.shop\/produkt\/beckenverbinder-3-4-beidseitig-fur-bohrung-27-mm\/"},"modified":"2026-04-15T15:04:19","modified_gmt":"2026-04-15T13:04:19","slug":"beckenverbinder-3-4-beidseitig-fur-bohrung-27-mm","status":"publish","type":"product","link":"https:\/\/antcube.shop\/pl\/produkt\/beckenverbinder-3-4-beidseitig-fur-bohrung-27-mm\/","title":{"rendered":"Przy\u0142\u0105cze umywalkowe 3\/4\u2033 - obustronne dla otworu 27 mm"},"content":{"rendered":"<p><strong>Wymiary:<\/strong> dla otworu 27mm<\/p>\n<p><strong>Tre\u015b\u0107:<\/strong> 1x adapter \u015brubowy (<strong>UWAGA<\/strong>: Nakr\u0119tki gwintowane nie s\u0105 do\u0142\u0105czone, patrz pod \"Produkty powi\u0105zane\").<\/p>\n<p><strong>Opis:<\/strong> Za pomoc\u0105 tego \u0142\u0105cznika umywalkowego mo\u017cna po\u0142\u0105czy\u0107 ze sob\u0105 dwie umywalki lub r\u00f3wnie\u017c dwa gospodarstwa w rozmiarze XL. Otwory musz\u0105 znajdowa\u0107 si\u0119 na tej samej wysoko\u015bci w umywalkach, kt\u00f3re chcemy po\u0142\u0105czy\u0107. \u0141\u0105cznik jest wk\u0142adany przez ka\u017cdy z otwor\u00f3w i przykr\u0119cany dost\u0119pn\u0105 oddzielnie nakr\u0119tk\u0105 kontruj\u0105c\u0105. Dzi\u0119ki temu po\u0142\u0105czenie jest odporne na wy\u0142amanie i trzyma si\u0119 pewnie r\u00f3wnie\u017c podczas przenoszenia niecek.<\/p>\n<p>&nbsp;<\/p>","protected":false},"excerpt":{"rendered":"<p>Wymiary: do otworu 27mm Zawarto\u015b\u0107: 1x adapter do \u015bruby (UWAGA: nakr\u0119tki gwintowane nie s\u0105 do\u0142\u0105czone, patrz pod \"Produkty powi\u0105zane\"). Opis: Za pomoc\u0105 tego \u0142\u0105cznika umywalkowego mo\u017cna po\u0142\u0105czy\u0107 ze sob\u0105 dwie umywalki lub r\u00f3wnie\u017c dwa gospodarstwa w rozmiarze XL. Otwory musz\u0105 znajdowa\u0107 si\u0119 na tej samej wysoko\u015bci w umywalkach, kt\u00f3re chcesz po\u0142\u0105czy\u0107. Strona","protected":false},"featured_media":4755,"comment_status":"open","ping_status":"closed","template":"","meta":{"_acf_changed":false,"content-type":"","_monsterinsights_skip_tracking":false,"_monsterinsights_sitenote_active":false,"_monsterinsights_sitenote_note":"","_monsterinsights_sitenote_category":0},"product_brand":[],"product_cat":[121],"product_tag":[],"class_list":{"0":"post-4747","1":"product","2":"type-product","3":"status-publish","4":"has-post-thumbnail","6":"product_cat-connectors","8":"first","9":"instock","10":"taxable","11":"shipping-taxable","12":"purchasable","13":"product-type-simple"},"acf":[],"aioseo_notices":[],"jetpack_sharing_enabled":true,"_links":{"self":[{"href":"https:\/\/antcube.shop\/pl\/wp-json\/wp\/v2\/product\/4747","targetHints":{"allow":["GET"]}}],"collection":[{"href":"https:\/\/antcube.shop\/pl\/wp-json\/wp\/v2\/product"}],"about":[{"href":"https:\/\/antcube.shop\/pl\/wp-json\/wp\/v2\/types\/product"}],"replies":[{"embeddable":true,"href":"https:\/\/antcube.shop\/pl\/wp-json\/wp\/v2\/comments?post=4747"}],"wp:featuredmedia":[{"embeddable":true,"href":"https:\/\/antcube.shop\/pl\/wp-json\/wp\/v2\/media\/4755"}],"wp:attachment":[{"href":"https:\/\/antcube.shop\/pl\/wp-json\/wp\/v2\/media?parent=4747"}],"wp:term":[{"taxonomy":"product_brand","embeddable":true,"href":"https:\/\/antcube.shop\/pl\/wp-json\/wp\/v2\/product_brand?post=4747"},{"taxonomy":"product_cat","embeddable":true,"href":"https:\/\/antcube.shop\/pl\/wp-json\/wp\/v2\/product_cat?post=4747"},{"taxonomy":"product_tag","embeddable":true,"href":"https:\/\/antcube.shop\/pl\/wp-json\/wp\/v2\/product_tag?post=4747"}],"curies":[{"name":"wp","href":"https:\/\/api.w.org\/{rel}","templated":true}]}}