{"id":4738,"date":"2022-11-14T15:05:46","date_gmt":"2022-11-14T14:05:46","guid":{"rendered":"https:\/\/antcube.shop\/produkt\/formicariendichtung-3-4-zoll-transparent\/"},"modified":"2026-04-13T09:31:32","modified_gmt":"2026-04-13T07:31:32","slug":"formicarium-seal-3-4-inch-transparent","status":"publish","type":"product","link":"https:\/\/antcube.shop\/pl\/produkt\/formicarium-seal-3-4-inch-transparent\/","title":{"rendered":"Uszczelka formicarium 3\/4 cala - przezroczysta"},"content":{"rendered":"<p><strong>Tre\u015b\u0107:<\/strong> 1x pier\u015bcie\u0144 uszczelniaj\u0105cy<\/p>\n<p><strong>Kolor:<\/strong> przezroczysty, mleczny<\/p>\n<p><strong>Materia\u0142:<\/strong> Tworzywo PE<\/p>\n<p><strong>Opis:<\/strong> Dzi\u0119ki temu pier\u015bcieniowi uszczelniaj\u0105cemu, np. pasuj\u0105ce po\u0142\u0105czenia \u015brubowe (3\/4\u2033) mog\u0105 by\u0107 przykr\u0119cane lepiej i mocniej.<br \/>\nChroni szk\u0142o lub akryl przed zarysowaniami.<\/p>\n<p>&nbsp;<\/p>","protected":false},"excerpt":{"rendered":"<p>Zawarto\u015b\u0107: 1x pier\u015bcie\u0144 uszczelniaj\u0105cy Kolor: przezroczysty, mleczny Materia\u0142: Tworzywo PE Opis: Dzi\u0119ki temu pier\u015bcieniowi uszczelniaj\u0105cemu, np. pasuj\u0105ce po\u0142\u0105czenia \u015brubowe (3\/4\u2033) mog\u0105 by\u0107 przykr\u0119cane lepiej i mocniej. Chroni szk\u0142o lub akryl przed zarysowaniami. &nbsp;<\/p>","protected":false},"featured_media":4787,"comment_status":"open","ping_status":"closed","template":"","meta":{"_acf_changed":false,"content-type":"","_monsterinsights_skip_tracking":false,"_monsterinsights_sitenote_active":false,"_monsterinsights_sitenote_note":"","_monsterinsights_sitenote_category":0},"product_brand":[],"product_cat":[121],"product_tag":[],"class_list":{"0":"post-4738","1":"product","2":"type-product","3":"status-publish","4":"has-post-thumbnail","6":"product_cat-connectors","8":"first","9":"instock","10":"taxable","11":"shipping-taxable","12":"purchasable","13":"product-type-simple"},"acf":[],"aioseo_notices":[],"jetpack_sharing_enabled":true,"_links":{"self":[{"href":"https:\/\/antcube.shop\/pl\/wp-json\/wp\/v2\/product\/4738","targetHints":{"allow":["GET"]}}],"collection":[{"href":"https:\/\/antcube.shop\/pl\/wp-json\/wp\/v2\/product"}],"about":[{"href":"https:\/\/antcube.shop\/pl\/wp-json\/wp\/v2\/types\/product"}],"replies":[{"embeddable":true,"href":"https:\/\/antcube.shop\/pl\/wp-json\/wp\/v2\/comments?post=4738"}],"wp:featuredmedia":[{"embeddable":true,"href":"https:\/\/antcube.shop\/pl\/wp-json\/wp\/v2\/media\/4787"}],"wp:attachment":[{"href":"https:\/\/antcube.shop\/pl\/wp-json\/wp\/v2\/media?parent=4738"}],"wp:term":[{"taxonomy":"product_brand","embeddable":true,"href":"https:\/\/antcube.shop\/pl\/wp-json\/wp\/v2\/product_brand?post=4738"},{"taxonomy":"product_cat","embeddable":true,"href":"https:\/\/antcube.shop\/pl\/wp-json\/wp\/v2\/product_cat?post=4738"},{"taxonomy":"product_tag","embeddable":true,"href":"https:\/\/antcube.shop\/pl\/wp-json\/wp\/v2\/product_tag?post=4738"}],"curies":[{"name":"wp","href":"https:\/\/api.w.org\/{rel}","templated":true}]}}