{"id":4737,"date":"2022-11-14T15:05:30","date_gmt":"2022-11-14T14:05:30","guid":{"rendered":"https:\/\/antcube.shop\/produkt\/bohrungsadapter-50-auf-27mm-transparent\/"},"modified":"2026-04-20T09:58:23","modified_gmt":"2026-04-20T07:58:23","slug":"adapter-do-otworow-50-do-27mm-przezroczysty","status":"publish","type":"product","link":"https:\/\/antcube.shop\/pl\/produkt\/adapter-do-otworow-50-do-27mm-przezroczysty\/","title":{"rendered":"Adapter otworu 50 do 27mm - przezroczysty"},"content":{"rendered":"<p><strong>Tre\u015b\u0107:<\/strong><br \/>\n1x kr\u0105\u017cek akrylowy 50x4mm z otworem 27mm<br \/>\n1x folia samoprzylepna przezroczysta 60mm z otworem 27mm<\/p>\n<p><strong>Wymiary:<\/strong> 60x4mm<\/p>\n<p><strong>Materia\u0142:<\/strong> PMMA, PP<\/p>\n<p><strong>Kolor:<\/strong> przezroczysty \/ krystalicznie czysty<\/p>\n<p><strong>Opis:<\/strong> Adapter do mocowania element\u00f3w o \u015brednicy 27mm w otworze 50mm.<br \/>\nWysokiej jako\u015bci przezroczysta folia samoprzylepna 50\u00b5 jest odporna na zarysowania, zawiera pow\u0142ok\u0119 ochronn\u0105 UV i jest trwale przylepna.<br \/>\nW ten spos\u00f3b powstaje bezpieczne, pewne i wizualnie pi\u0119kne mocowanie dla adaptera.<\/p>\n<p><strong>Uwaga:<\/strong> Adapter otworu nie mo\u017ce by\u0107 obci\u0105\u017cany sta\u0142ym naciskiem efektu d\u017awigni, w przeciwnym razie mo\u017ce si\u0119 poluzowa\u0107. Nadaje si\u0119 tylko do po\u0142\u0105cze\u0144 prostych!<\/p>","protected":false},"excerpt":{"rendered":"<p>Zawarto\u015b\u0107: 1x kr\u0105\u017cek akrylowy 50x4mm z otworem 27mm 1x folia samoprzylepna przezroczysta 60mm z otworem 27mm Wymiary: 60x4mm Materia\u0142: PMMA, PP Kolor: przezroczysty \/ crystal clear Opis: Adapter do mocowania element\u00f3w o \u015brednicy 27mm w otworze 50mm. Wysokiej jako\u015bci przezroczysta folia samoprzylepna 50\u00b5 jest odporna na zarysowania i zawiera pow\u0142ok\u0119 chroni\u0105c\u0105 przed promieniowaniem UV i jest","protected":false},"featured_media":4887,"comment_status":"open","ping_status":"closed","template":"","meta":{"_acf_changed":false,"content-type":"","_monsterinsights_skip_tracking":false,"_monsterinsights_sitenote_active":false,"_monsterinsights_sitenote_note":"","_monsterinsights_sitenote_category":0},"product_brand":[],"product_cat":[119,121],"product_tag":[],"class_list":{"0":"post-4737","1":"product","2":"type-product","3":"status-publish","4":"has-post-thumbnail","6":"product_cat-formicarium-components","7":"product_cat-connectors","9":"first","10":"instock","11":"taxable","12":"shipping-taxable","13":"purchasable","14":"product-type-simple"},"acf":[],"aioseo_notices":[],"jetpack_sharing_enabled":true,"_links":{"self":[{"href":"https:\/\/antcube.shop\/pl\/wp-json\/wp\/v2\/product\/4737","targetHints":{"allow":["GET"]}}],"collection":[{"href":"https:\/\/antcube.shop\/pl\/wp-json\/wp\/v2\/product"}],"about":[{"href":"https:\/\/antcube.shop\/pl\/wp-json\/wp\/v2\/types\/product"}],"replies":[{"embeddable":true,"href":"https:\/\/antcube.shop\/pl\/wp-json\/wp\/v2\/comments?post=4737"}],"wp:featuredmedia":[{"embeddable":true,"href":"https:\/\/antcube.shop\/pl\/wp-json\/wp\/v2\/media\/4887"}],"wp:attachment":[{"href":"https:\/\/antcube.shop\/pl\/wp-json\/wp\/v2\/media?parent=4737"}],"wp:term":[{"taxonomy":"product_brand","embeddable":true,"href":"https:\/\/antcube.shop\/pl\/wp-json\/wp\/v2\/product_brand?post=4737"},{"taxonomy":"product_cat","embeddable":true,"href":"https:\/\/antcube.shop\/pl\/wp-json\/wp\/v2\/product_cat?post=4737"},{"taxonomy":"product_tag","embeddable":true,"href":"https:\/\/antcube.shop\/pl\/wp-json\/wp\/v2\/product_tag?post=4737"}],"curies":[{"name":"wp","href":"https:\/\/api.w.org\/{rel}","templated":true}]}}