{"id":4736,"date":"2022-11-14T15:05:15","date_gmt":"2022-11-14T14:05:15","guid":{"rendered":"https:\/\/antcube.shop\/produkt\/rohrverbindungsring-fur-32mm-rohr\/"},"modified":"2026-04-13T09:33:48","modified_gmt":"2026-04-13T07:33:48","slug":"pierscien-laczacy-dla-rury-32mm","status":"publish","type":"product","link":"https:\/\/antcube.shop\/pl\/produkt\/pierscien-laczacy-dla-rury-32mm\/","title":{"rendered":"Pier\u015bcie\u0144 \u0142\u0105cz\u0105cy do rury 32mm"},"content":{"rendered":"<p><strong>Ilo\u015b\u0107:<\/strong> 1 szt.<\/p>\n<p><strong>Wymiary:<\/strong> 32mm (\u015brednica wewn\u0119trzna), 40x10mm (wymiary zewn\u0119trzne)<\/p>\n<p><strong>Kolor:<\/strong> przezroczysty<\/p>\n<p><strong>Materia\u0142:<\/strong> akryl<\/p>\n<p><strong>Opis:<\/strong><br \/>\nPier\u015bcie\u0144 \u0142\u0105cz\u0105cy rury wykonany z przezroczystego akrylu do \u0142\u0105czenia rur akrylowych.<\/p>\n<p><strong>Zastosowanie:<\/strong><br \/>\nDo \u0142\u0105czenia rur akrylowych o \u015brednicy 32mm.<\/p>\n<p><strong>Zawiadomienie:<\/strong><br \/>\nPodczas monta\u017cu rur nale\u017cy zwr\u00f3ci\u0107 uwag\u0119 na nast\u0119puj\u0105ce kwestie:<br \/>\nJe\u017celi rura bardzo trudno daje si\u0119 osadzi\u0107 na mufie \u0142\u0105cz\u0105cej, nale\u017cy lekko natrze\u0107 pier\u015bcie\u0144 uszczelniaj\u0105cy kropl\u0105 naszego oleju lub proszku zabezpieczaj\u0105cego przed wyrwaniem. Nast\u0119pnie nale\u017cy nasun\u0105\u0107 rur\u0119 na tulej\u0119 poprzez ruchy skr\u0119cania lub wkr\u0119cania, nie obci\u0105\u017caj\u0105c tulei ruchami w g\u00f3r\u0119 i w d\u00f3\u0142. Ze wzgl\u0119du na w\u0142a\u015bciwo\u015bci materia\u0142u, jakim jest akryl, nale\u017cy za wszelk\u0105 cen\u0119 unika\u0107 nacisku i d\u017awigni.<\/p>\n<p>&nbsp;<\/p>","protected":false},"excerpt":{"rendered":"<p>Quantity: 1 piece Dimensions: 32mm (inner diameter), 40x10mm (outer dimensions) Color: transparent Material: acrylic Description: Pipe connecting ring made of transparent acrylic for connecting acrylic pipes. Application: For connecting acrylic pipes with diameter 32mm. Notice: When assembling the pipes, please note the following: If the pipe is very difficult to fit onto the connecting socket, [&#8230;]","protected":false},"featured_media":4890,"comment_status":"open","ping_status":"closed","template":"","meta":{"_acf_changed":false,"content-type":"","_monsterinsights_skip_tracking":false,"_monsterinsights_sitenote_active":false,"_monsterinsights_sitenote_note":"","_monsterinsights_sitenote_category":0},"product_brand":[],"product_cat":[345],"product_tag":[],"class_list":{"0":"post-4736","1":"product","2":"type-product","3":"status-publish","4":"has-post-thumbnail","6":"product_cat-pipe-connectors","8":"first","9":"instock","10":"taxable","11":"shipping-taxable","12":"purchasable","13":"product-type-simple"},"acf":[],"aioseo_notices":[],"jetpack_sharing_enabled":true,"_links":{"self":[{"href":"https:\/\/antcube.shop\/pl\/wp-json\/wp\/v2\/product\/4736","targetHints":{"allow":["GET"]}}],"collection":[{"href":"https:\/\/antcube.shop\/pl\/wp-json\/wp\/v2\/product"}],"about":[{"href":"https:\/\/antcube.shop\/pl\/wp-json\/wp\/v2\/types\/product"}],"replies":[{"embeddable":true,"href":"https:\/\/antcube.shop\/pl\/wp-json\/wp\/v2\/comments?post=4736"}],"wp:featuredmedia":[{"embeddable":true,"href":"https:\/\/antcube.shop\/pl\/wp-json\/wp\/v2\/media\/4890"}],"wp:attachment":[{"href":"https:\/\/antcube.shop\/pl\/wp-json\/wp\/v2\/media?parent=4736"}],"wp:term":[{"taxonomy":"product_brand","embeddable":true,"href":"https:\/\/antcube.shop\/pl\/wp-json\/wp\/v2\/product_brand?post=4736"},{"taxonomy":"product_cat","embeddable":true,"href":"https:\/\/antcube.shop\/pl\/wp-json\/wp\/v2\/product_cat?post=4736"},{"taxonomy":"product_tag","embeddable":true,"href":"https:\/\/antcube.shop\/pl\/wp-json\/wp\/v2\/product_tag?post=4736"}],"curies":[{"name":"wp","href":"https:\/\/api.w.org\/{rel}","templated":true}]}}