{"id":4735,"date":"2022-11-14T15:04:59","date_gmt":"2022-11-14T14:04:59","guid":{"rendered":"https:\/\/antcube.shop\/produkt\/rohrkappe-glasklar-fur-32mm\/"},"modified":"2026-03-31T09:51:38","modified_gmt":"2026-03-31T07:51:38","slug":"tube-cap-crystal-clear-for-32mm","status":"publish","type":"product","link":"https:\/\/antcube.shop\/pl\/produkt\/tube-cap-crystal-clear-for-32mm\/","title":{"rendered":"Nak\u0142adka na rurk\u0119 krystalicznie czysta dla 32mm"},"content":{"rendered":"<p><strong>Wymiary (LxWxH):<\/strong> 2,6\u00d74,0x4,0cm<br \/>\n<strong>\u015arednica wewn\u0119trzna:<\/strong> 32 mm<\/p>\n<p><strong>Materia\u0142:<\/strong> Akryl<br \/>\n<strong>Kolor:<\/strong> Bezbarwne\/przezroczyste\/przezroczyste<\/p>\n<p><strong>Tre\u015b\u0107:<\/strong> 1szt.<\/p>\n<p><strong>Dane techniczne:<\/strong><br \/>\nKrystalicznie przezroczysta za\u015blepka rury o \u015brednicy 40 mm do rur o \u015brednicy 32 mm.<\/p>\n<p><strong>Opis:<\/strong><br \/>\nZa\u015blepka do rur wykonana z przezroczystego akrylu do zamykania rur akrylowych.<\/p>\n<p><strong>Zawiadomienie:<\/strong><br \/>\nPodczas monta\u017cu rur nale\u017cy zwr\u00f3ci\u0107 uwag\u0119 na nast\u0119puj\u0105ce kwestie:<br \/>\nZe wzgl\u0119du na w\u0142a\u015bciwo\u015bci materia\u0142u, jakim jest akryl, nale\u017cy za wszelk\u0105 cen\u0119 unika\u0107 nacisku i d\u017awigni. W przypadku trudno\u015bci z \u0142\u0105czeniem prosz\u0119 \u0142\u0105czy\u0107 ostro\u017cnymi ruchami skr\u0119tnymi i w razie potrzeby wetrze\u0107 odrobin\u0119 oleju zapobiegaj\u0105cego p\u0119kaniu.<\/p>","protected":false},"excerpt":{"rendered":"<p>Wymiary (d\u0142. x szer. x wys.): 2,6\u00d74,0\u00d74,0 cm \u015arednica wewn\u0119trzna: 32 mm Materia\u0142: Akryl Kolor: Bezbarwny\/przezroczysty\/przezroczysty Zawarto\u015b\u0107: 1szt. Dane techniczne: Za\u015blepka rury krystalicznie przezroczysta \u015brednica 40mm dla rury 32mm. Opis: Za\u015blepka do rur wykonana z przezroczystego akrylu do zamykania rur akrylowych. Uwaga: Podczas monta\u017cu rur nale\u017cy pami\u0119ta\u0107 o nast\u0119puj\u0105cych kwestiach: Ze wzgl\u0119du na w\u0142a\u015bciwo\u015bci materia\u0142u akrylowego, ci\u015bnienie i d\u017awignia musz\u0105 by\u0107 [...]","protected":false},"featured_media":4894,"comment_status":"open","ping_status":"closed","template":"","meta":{"_acf_changed":false,"content-type":"","_monsterinsights_skip_tracking":false,"_monsterinsights_sitenote_active":false,"_monsterinsights_sitenote_note":"","_monsterinsights_sitenote_category":0},"product_brand":[],"product_cat":[345],"product_tag":[],"class_list":{"0":"post-4735","1":"product","2":"type-product","3":"status-publish","4":"has-post-thumbnail","6":"product_cat-pipe-connectors","8":"first","9":"instock","10":"taxable","11":"shipping-taxable","12":"purchasable","13":"product-type-simple"},"acf":[],"aioseo_notices":[],"jetpack_sharing_enabled":true,"_links":{"self":[{"href":"https:\/\/antcube.shop\/pl\/wp-json\/wp\/v2\/product\/4735","targetHints":{"allow":["GET"]}}],"collection":[{"href":"https:\/\/antcube.shop\/pl\/wp-json\/wp\/v2\/product"}],"about":[{"href":"https:\/\/antcube.shop\/pl\/wp-json\/wp\/v2\/types\/product"}],"replies":[{"embeddable":true,"href":"https:\/\/antcube.shop\/pl\/wp-json\/wp\/v2\/comments?post=4735"}],"wp:featuredmedia":[{"embeddable":true,"href":"https:\/\/antcube.shop\/pl\/wp-json\/wp\/v2\/media\/4894"}],"wp:attachment":[{"href":"https:\/\/antcube.shop\/pl\/wp-json\/wp\/v2\/media?parent=4735"}],"wp:term":[{"taxonomy":"product_brand","embeddable":true,"href":"https:\/\/antcube.shop\/pl\/wp-json\/wp\/v2\/product_brand?post=4735"},{"taxonomy":"product_cat","embeddable":true,"href":"https:\/\/antcube.shop\/pl\/wp-json\/wp\/v2\/product_cat?post=4735"},{"taxonomy":"product_tag","embeddable":true,"href":"https:\/\/antcube.shop\/pl\/wp-json\/wp\/v2\/product_tag?post=4735"}],"curies":[{"name":"wp","href":"https:\/\/api.w.org\/{rel}","templated":true}]}}