{"id":4732,"date":"2022-11-14T15:04:12","date_gmt":"2022-11-14T14:04:12","guid":{"rendered":"https:\/\/antcube.shop\/produkt\/rohrverbinder-glasklar-fur-32mm-45\/"},"modified":"2026-04-17T17:42:08","modified_gmt":"2026-04-17T15:42:08","slug":"lacznik-rurki-krystalicznie-przezroczysty-dla-32-mm-45","status":"publish","type":"product","link":"https:\/\/antcube.shop\/pl\/produkt\/lacznik-rurki-krystalicznie-przezroczysty-dla-32-mm-45\/","title":{"rendered":"Z\u0142\u0105cze rurowe krystalicznie czyste dla 32mm - 45\u00b0"},"content":{"rendered":"<p><strong>Wymiary (LxWxH):<\/strong> 7,2\u00d74,0x5,5cm<br \/>\n<strong>\u015arednica wewn\u0119trzna:<\/strong> 32 mm<\/p>\n<p><strong>Materia\u0142:<\/strong> Akryl<\/p>\n<p><strong>Kolor:<\/strong> Bezbarwne\/przezroczyste\/przezroczyste<\/p>\n<p><strong>Tre\u015b\u0107:<\/strong> 1szt.<\/p>\n<p><strong>Dane techniczne:<\/strong><br \/>\n\u0141\u0105cznik rurowy akrylowy o \u015brednicy 40 mm do rur 32 mm.<\/p>\n<p><strong>Opis:<\/strong><br \/>\nZ\u0142\u0105cze rurowe wykonane z przezroczystego akrylu do \u0142\u0105czenia rur akrylowych pod k\u0105tem 45\u00b0.<\/p>\n<p><strong>Zawiadomienie:<\/strong><br \/>\nPodczas monta\u017cu rur nale\u017cy zwr\u00f3ci\u0107 uwag\u0119 na nast\u0119puj\u0105ce kwestie:<br \/>\nZe wzgl\u0119du na w\u0142a\u015bciwo\u015bci materia\u0142u, jakim jest akryl, nale\u017cy za wszelk\u0105 cen\u0119 unika\u0107 nacisku i d\u017awigni. W przypadku trudno\u015bci z \u0142\u0105czeniem prosz\u0119 \u0142\u0105czy\u0107 ostro\u017cnymi ruchami skr\u0119tnymi i w razie potrzeby wetrze\u0107 odrobin\u0119 oleju zapobiegaj\u0105cego p\u0119kaniu.<\/p>","protected":false},"excerpt":{"rendered":"<p>Dimensions (LxWxH): 7,2&#215;4,0&#215;5,5cm Inner diameter: 32mm Material: Acrylic Color: Colorless\/Transparent\/Clear Content: 1pcs. Technical specifications: Pipe connector acrylic diameter 40mm for 32mm pipe. Description: Pipe connector made of transparent acrylic for connecting acrylic pipes at an angle of 45\u00b0. Notice: When assembling the pipes, please note the following: Due to the material properties of acrylic, pressure [&#8230;]","protected":false},"featured_media":4901,"comment_status":"open","ping_status":"closed","template":"","meta":{"_acf_changed":false,"content-type":"","_monsterinsights_skip_tracking":false,"_monsterinsights_sitenote_active":false,"_monsterinsights_sitenote_note":"","_monsterinsights_sitenote_category":0},"product_brand":[],"product_cat":[345],"product_tag":[],"class_list":{"0":"post-4732","1":"product","2":"type-product","3":"status-publish","4":"has-post-thumbnail","6":"product_cat-pipe-connectors","8":"first","9":"instock","10":"taxable","11":"shipping-taxable","12":"purchasable","13":"product-type-simple"},"acf":[],"aioseo_notices":[],"jetpack_sharing_enabled":true,"_links":{"self":[{"href":"https:\/\/antcube.shop\/pl\/wp-json\/wp\/v2\/product\/4732","targetHints":{"allow":["GET"]}}],"collection":[{"href":"https:\/\/antcube.shop\/pl\/wp-json\/wp\/v2\/product"}],"about":[{"href":"https:\/\/antcube.shop\/pl\/wp-json\/wp\/v2\/types\/product"}],"replies":[{"embeddable":true,"href":"https:\/\/antcube.shop\/pl\/wp-json\/wp\/v2\/comments?post=4732"}],"wp:featuredmedia":[{"embeddable":true,"href":"https:\/\/antcube.shop\/pl\/wp-json\/wp\/v2\/media\/4901"}],"wp:attachment":[{"href":"https:\/\/antcube.shop\/pl\/wp-json\/wp\/v2\/media?parent=4732"}],"wp:term":[{"taxonomy":"product_brand","embeddable":true,"href":"https:\/\/antcube.shop\/pl\/wp-json\/wp\/v2\/product_brand?post=4732"},{"taxonomy":"product_cat","embeddable":true,"href":"https:\/\/antcube.shop\/pl\/wp-json\/wp\/v2\/product_cat?post=4732"},{"taxonomy":"product_tag","embeddable":true,"href":"https:\/\/antcube.shop\/pl\/wp-json\/wp\/v2\/product_tag?post=4732"}],"curies":[{"name":"wp","href":"https:\/\/api.w.org\/{rel}","templated":true}]}}