{"id":4730,"date":"2022-11-14T15:03:40","date_gmt":"2022-11-14T14:03:40","guid":{"rendered":"https:\/\/antcube.shop\/produkt\/acrylglas-xt-rohr-32-28mm-1m\/"},"modified":"2026-04-02T18:12:23","modified_gmt":"2026-04-02T16:12:23","slug":"acrylic-xt-tube-32-28mm-1m","status":"publish","type":"product","link":"https:\/\/antcube.shop\/pl\/produkt\/acrylic-xt-tube-32-28mm-1m\/","title":{"rendered":"Rura mr\u00f3wkowa - krystalicznie przezroczysta - 32 mm - 1 m"},"content":{"rendered":"<p><strong>Wymiary:<\/strong> \u015brednica zewn\u0119trzna 32 mm x d\u0142ugo\u015b\u0107 1m <span data-text-color=\"alert\"><strong>(2x50cm)<\/strong><\/span><\/p>\n<p><strong>Materia\u0142:<\/strong> szk\u0142o akrylowe<\/p>\n<p><strong>Kolor:<\/strong> przejrzysty, jasny<\/p>\n<p><strong>Opis:<\/strong> Mo\u017cliwo\u015b\u0107 pod\u0142\u0105czenia do formikarium poprzez adaptery lub po\u0142\u0105czenia kilku formikari\u00f3w razem.<\/p>","protected":false},"excerpt":{"rendered":"<p>Wymiary: \u015brednica zewn\u0119trzna 20 mm, d\u0142ugo\u015b\u0107 1m (2x50 cm) Materia\u0142: szk\u0142o akrylowe Kolor: przezroczysty, bezbarwny Opis: Mo\u017cliwo\u015b\u0107 pod\u0142\u0105czenia do formikarium poprzez adaptery lub po\u0142\u0105czenia kilku formikari\u00f3w razem.<\/p>","protected":false},"featured_media":4763,"comment_status":"open","ping_status":"closed","template":"","meta":{"_acf_changed":false,"content-type":"","_monsterinsights_skip_tracking":false,"_monsterinsights_sitenote_active":false,"_monsterinsights_sitenote_note":"","_monsterinsights_sitenote_category":0},"product_brand":[],"product_cat":[120],"product_tag":[],"class_list":{"0":"post-4730","1":"product","2":"type-product","3":"status-publish","4":"has-post-thumbnail","6":"product_cat-hoses","8":"first","9":"outofstock","10":"taxable","11":"shipping-taxable","12":"purchasable","13":"product-type-simple"},"acf":[],"aioseo_notices":[],"jetpack_sharing_enabled":true,"_links":{"self":[{"href":"https:\/\/antcube.shop\/pl\/wp-json\/wp\/v2\/product\/4730","targetHints":{"allow":["GET"]}}],"collection":[{"href":"https:\/\/antcube.shop\/pl\/wp-json\/wp\/v2\/product"}],"about":[{"href":"https:\/\/antcube.shop\/pl\/wp-json\/wp\/v2\/types\/product"}],"replies":[{"embeddable":true,"href":"https:\/\/antcube.shop\/pl\/wp-json\/wp\/v2\/comments?post=4730"}],"wp:featuredmedia":[{"embeddable":true,"href":"https:\/\/antcube.shop\/pl\/wp-json\/wp\/v2\/media\/4763"}],"wp:attachment":[{"href":"https:\/\/antcube.shop\/pl\/wp-json\/wp\/v2\/media?parent=4730"}],"wp:term":[{"taxonomy":"product_brand","embeddable":true,"href":"https:\/\/antcube.shop\/pl\/wp-json\/wp\/v2\/product_brand?post=4730"},{"taxonomy":"product_cat","embeddable":true,"href":"https:\/\/antcube.shop\/pl\/wp-json\/wp\/v2\/product_cat?post=4730"},{"taxonomy":"product_tag","embeddable":true,"href":"https:\/\/antcube.shop\/pl\/wp-json\/wp\/v2\/product_tag?post=4730"}],"curies":[{"name":"wp","href":"https:\/\/api.w.org\/{rel}","templated":true}]}}