{"id":4729,"date":"2022-11-14T15:03:24","date_gmt":"2022-11-14T14:03:24","guid":{"rendered":"https:\/\/antcube.shop\/produkt\/becken-rohrverbinder-3-4-zu-32mm-gerade-transparent\/"},"modified":"2026-01-12T12:36:45","modified_gmt":"2026-01-12T11:36:45","slug":"becken-rohrverbinder-3-4-zu-32mm-gerade-transparentny","status":"publish","type":"product","link":"https:\/\/antcube.shop\/pl\/produkt\/becken-rohrverbinder-3-4-zu-32mm-gerade-transparentny\/","title":{"rendered":"Z\u0142\u0105cze rury umywalkowej 3\/4\u2033 do 32mm - proste - przezroczyste"},"content":{"rendered":"<p><strong>Wymiary:<\/strong> 75x40x40mm<\/p>\n<p><strong>Ilo\u015b\u0107:<\/strong> 1szt.<\/p>\n<p><strong>Kolor:<\/strong> przezroczysty<\/p>\n<p><strong>Materia\u0142:<\/strong> plastik<\/p>\n<p><strong>Opis:<\/strong> Ten \u0142\u0105cznik rurowy umywalkowy 3\/4\u2033 pasuje do otworu 27mm, jak r\u00f3wnie\u017c do rury o \u015brednicy zewn\u0119trznej 32mm.<\/p>","protected":false},"excerpt":{"rendered":"<p>Wymiary: 75x40x40mm Ilo\u015b\u0107: 1szt Kolor: przezroczysty Materia\u0142: plastik Opis: Ten \u0142\u0105cznik rury umywalkowej 3\/4\" pasuje do otworu 27mm, jak r\u00f3wnie\u017c do rury o \u015brednicy zewn\u0119trznej 32mm.<\/p>","protected":false},"featured_media":4905,"comment_status":"open","ping_status":"closed","template":"","meta":{"_acf_changed":false,"content-type":"","_monsterinsights_skip_tracking":false,"_monsterinsights_sitenote_active":false,"_monsterinsights_sitenote_note":"","_monsterinsights_sitenote_category":0},"product_brand":[],"product_cat":[345],"product_tag":[],"class_list":{"0":"post-4729","1":"product","2":"type-product","3":"status-publish","4":"has-post-thumbnail","6":"product_cat-pipe-connectors","8":"first","9":"instock","10":"taxable","11":"shipping-taxable","12":"purchasable","13":"product-type-simple"},"acf":[],"aioseo_notices":[],"jetpack_sharing_enabled":true,"_links":{"self":[{"href":"https:\/\/antcube.shop\/pl\/wp-json\/wp\/v2\/product\/4729","targetHints":{"allow":["GET"]}}],"collection":[{"href":"https:\/\/antcube.shop\/pl\/wp-json\/wp\/v2\/product"}],"about":[{"href":"https:\/\/antcube.shop\/pl\/wp-json\/wp\/v2\/types\/product"}],"replies":[{"embeddable":true,"href":"https:\/\/antcube.shop\/pl\/wp-json\/wp\/v2\/comments?post=4729"}],"wp:featuredmedia":[{"embeddable":true,"href":"https:\/\/antcube.shop\/pl\/wp-json\/wp\/v2\/media\/4905"}],"wp:attachment":[{"href":"https:\/\/antcube.shop\/pl\/wp-json\/wp\/v2\/media?parent=4729"}],"wp:term":[{"taxonomy":"product_brand","embeddable":true,"href":"https:\/\/antcube.shop\/pl\/wp-json\/wp\/v2\/product_brand?post=4729"},{"taxonomy":"product_cat","embeddable":true,"href":"https:\/\/antcube.shop\/pl\/wp-json\/wp\/v2\/product_cat?post=4729"},{"taxonomy":"product_tag","embeddable":true,"href":"https:\/\/antcube.shop\/pl\/wp-json\/wp\/v2\/product_tag?post=4729"}],"curies":[{"name":"wp","href":"https:\/\/api.w.org\/{rel}","templated":true}]}}