{"id":4722,"date":"2022-11-14T15:01:32","date_gmt":"2022-11-14T14:01:32","guid":{"rendered":"https:\/\/antcube.shop\/produkt\/becken-rohrverbinder-3-4-zu-50mm-gerade-transparent\/"},"modified":"2026-04-09T13:59:22","modified_gmt":"2026-04-09T11:59:22","slug":"becken-rohrverbinder-3-4-zu-50mm-gerade-transparentny","status":"publish","type":"product","link":"https:\/\/antcube.shop\/pl\/produkt\/becken-rohrverbinder-3-4-zu-50mm-gerade-transparentny\/","title":{"rendered":"Z\u0142\u0105cze rury umywalkowej 3\/4\u2033 do 50mm - proste - przezroczyste"},"content":{"rendered":"<p><strong>Wymiary:<\/strong> 75x60x60mm<\/p>\n<p><strong>Ilo\u015b\u0107:<\/strong> 1szt.<\/p>\n<p><strong>Kolor:<\/strong> przezroczysty<\/p>\n<p><strong>Materia\u0142:<\/strong> plastik<\/p>\n<p><strong>Opis:<\/strong> Ten \u0142\u0105cznik rurowy umywalkowy 3\/4\u2033 pasuje do otworu 27mm, jak r\u00f3wnie\u017c do rury o \u015brednicy zewn\u0119trznej 32mm.<\/p>","protected":false},"excerpt":{"rendered":"<p>Dimensions: 75x60x60mm Quantity: 1pc Color: transparent Material: plastic Description: This basin pipe connector 3\/4&#8243; fits in a 27mm hole as well as on a 50mm pipe outer diameter.<\/p>","protected":false},"featured_media":4915,"comment_status":"open","ping_status":"closed","template":"","meta":{"_acf_changed":false,"content-type":"","_monsterinsights_skip_tracking":false,"_monsterinsights_sitenote_active":false,"_monsterinsights_sitenote_note":"","_monsterinsights_sitenote_category":0},"product_brand":[],"product_cat":[345],"product_tag":[],"class_list":{"0":"post-4722","1":"product","2":"type-product","3":"status-publish","4":"has-post-thumbnail","6":"product_cat-pipe-connectors","8":"first","9":"instock","10":"taxable","11":"shipping-taxable","12":"purchasable","13":"product-type-simple"},"acf":[],"aioseo_notices":[],"jetpack_sharing_enabled":true,"_links":{"self":[{"href":"https:\/\/antcube.shop\/pl\/wp-json\/wp\/v2\/product\/4722","targetHints":{"allow":["GET"]}}],"collection":[{"href":"https:\/\/antcube.shop\/pl\/wp-json\/wp\/v2\/product"}],"about":[{"href":"https:\/\/antcube.shop\/pl\/wp-json\/wp\/v2\/types\/product"}],"replies":[{"embeddable":true,"href":"https:\/\/antcube.shop\/pl\/wp-json\/wp\/v2\/comments?post=4722"}],"wp:featuredmedia":[{"embeddable":true,"href":"https:\/\/antcube.shop\/pl\/wp-json\/wp\/v2\/media\/4915"}],"wp:attachment":[{"href":"https:\/\/antcube.shop\/pl\/wp-json\/wp\/v2\/media?parent=4722"}],"wp:term":[{"taxonomy":"product_brand","embeddable":true,"href":"https:\/\/antcube.shop\/pl\/wp-json\/wp\/v2\/product_brand?post=4722"},{"taxonomy":"product_cat","embeddable":true,"href":"https:\/\/antcube.shop\/pl\/wp-json\/wp\/v2\/product_cat?post=4722"},{"taxonomy":"product_tag","embeddable":true,"href":"https:\/\/antcube.shop\/pl\/wp-json\/wp\/v2\/product_tag?post=4722"}],"curies":[{"name":"wp","href":"https:\/\/api.w.org\/{rel}","templated":true}]}}