{"id":4720,"date":"2022-11-14T15:01:00","date_gmt":"2022-11-14T14:01:00","guid":{"rendered":"https:\/\/antcube.shop\/produkt\/formicarium-schraubbuchse-fur-50mm-bohrung-transparent\/"},"modified":"2025-10-19T12:40:25","modified_gmt":"2025-10-19T10:40:25","slug":"formicarium-sruby-tuleja-dla-50mm-otworu-przezroczyste","status":"publish","type":"product","link":"https:\/\/antcube.shop\/pl\/produkt\/formicarium-sruby-tuleja-dla-50mm-otworu-przezroczyste\/","title":{"rendered":"Formicarium tuleja \u015brubowa do otworu 50mm - przezroczysta"},"content":{"rendered":"<p><strong>Tre\u015b\u0107:<\/strong> 1 szt.<\/p>\n<p><strong>Wymiary:<\/strong> 68 x 68 x 46 mm (gniazdo 49 mm)<\/p>\n<p><strong>Materia\u0142:<\/strong> Plastik<\/p>\n<p><strong>Kolor:<\/strong> Przezroczysta<\/p>\n<p><strong>Opis:<\/strong><br \/>\nTen element to \u0142\u0105cznik do rurki miednicy.<br \/>\nO dopasowanych \u0142\u0105cznikach rurowych 50mm, mo\u017cesz pod\u0142\u0105czy\u0107 wi\u0119cej rur 50mm lub wi\u0119cej Formicarien z tym \u0142\u0105cznikiem rurowym miednicy.<br \/>\nMo\u017cliwe jest r\u00f3wnie\u017c opcjonalne pod\u0142\u0105czenie rury 60mm (60\/56mm) poprzez pier\u015bcie\u0144 uszczelniaj\u0105cy dla 50mm.<br \/>\nLub w przypadku pokrywy mo\u017cna zastosowa\u0107 odpowiednie gniazda porcelanowe do opraw o\u015bwietleniowych.<\/p>\n<p><strong>Zawiadomienie:<\/strong><br \/>\nPoniewa\u017c \u015brednica tego gniazda to tylko 49mm zamiast 50mm, potrzebne s\u0105 pier\u015bcienie uszczelniaj\u0105ce lub owijka z folii samoprzylepnej crystal clear, aby doj\u015b\u0107 do \u015brednicy 50mm dla szczelnego po\u0142\u0105czenia.<\/p>","protected":false},"excerpt":{"rendered":"<p>Zawarto\u015b\u0107: 1 szt. Wymiary: 68 x 68 x 46 mm (gniazdo 49mm) Materia\u0142: Plastik Kolor: Przezroczysty Opis: Ten przedmiot jest \u0142\u0105cznikiem rurki miednicy. O pasuj\u0105ce \u0142\u0105czniki rur 50mm, mo\u017cna pod\u0142\u0105czy\u0107 wi\u0119cej rur 50mm lub wi\u0119cej Formicarien z tym \u0142\u0105cznikiem rur miednicy. Mo\u017cliwe jest r\u00f3wnie\u017c opcjonalne pod\u0142\u0105czenie rurki 60mm (60\/56mm) poprzez","protected":false},"featured_media":4924,"comment_status":"open","ping_status":"closed","template":"","meta":{"_acf_changed":false,"content-type":"","_monsterinsights_skip_tracking":false,"_monsterinsights_sitenote_active":false,"_monsterinsights_sitenote_note":"","_monsterinsights_sitenote_category":0},"product_brand":[],"product_cat":[345],"product_tag":[],"class_list":{"0":"post-4720","1":"product","2":"type-product","3":"status-publish","4":"has-post-thumbnail","6":"product_cat-pipe-connectors","8":"first","9":"outofstock","10":"taxable","11":"shipping-taxable","12":"purchasable","13":"product-type-simple"},"acf":[],"aioseo_notices":[],"jetpack_sharing_enabled":true,"_links":{"self":[{"href":"https:\/\/antcube.shop\/pl\/wp-json\/wp\/v2\/product\/4720","targetHints":{"allow":["GET"]}}],"collection":[{"href":"https:\/\/antcube.shop\/pl\/wp-json\/wp\/v2\/product"}],"about":[{"href":"https:\/\/antcube.shop\/pl\/wp-json\/wp\/v2\/types\/product"}],"replies":[{"embeddable":true,"href":"https:\/\/antcube.shop\/pl\/wp-json\/wp\/v2\/comments?post=4720"}],"wp:featuredmedia":[{"embeddable":true,"href":"https:\/\/antcube.shop\/pl\/wp-json\/wp\/v2\/media\/4924"}],"wp:attachment":[{"href":"https:\/\/antcube.shop\/pl\/wp-json\/wp\/v2\/media?parent=4720"}],"wp:term":[{"taxonomy":"product_brand","embeddable":true,"href":"https:\/\/antcube.shop\/pl\/wp-json\/wp\/v2\/product_brand?post=4720"},{"taxonomy":"product_cat","embeddable":true,"href":"https:\/\/antcube.shop\/pl\/wp-json\/wp\/v2\/product_cat?post=4720"},{"taxonomy":"product_tag","embeddable":true,"href":"https:\/\/antcube.shop\/pl\/wp-json\/wp\/v2\/product_tag?post=4720"}],"curies":[{"name":"wp","href":"https:\/\/api.w.org\/{rel}","templated":true}]}}